{"id":1559,"date":"2016-06-29T08:39:48","date_gmt":"2016-06-29T08:39:48","guid":{"rendered":"https:\/\/urn.eu.com\/video\/"},"modified":"2025-10-31T11:16:47","modified_gmt":"2025-10-31T11:16:47","slug":"video","status":"publish","type":"page","link":"https:\/\/urn.eu.com\/cs\/video\/","title":{"rendered":"Video"},"content":{"rendered":"<div class=\"container section-title-container\" ><h3 class=\"section-title section-title-normal\"><b aria-hidden=\"true\"><\/b><span class=\"section-title-main\" style=\"font-size:undefined%;\">P\u0159idejte responzivn\u00ed vlo\u017een\u00e1 videa<\/span><b aria-hidden=\"true\"><\/b><\/h3><\/div>\n<p class=\"lead\">P\u0159idejte responzivn\u00ed vlo\u017een\u00e9 video na sv\u00e9 str\u00e1nky pomoc\u00ed Tv\u016frce str\u00e1nek.<\/p>\n<h3>YOUTUBE<\/h3>\n<div class=\"video video-fit mb\" style=\"padding-top:46%;\"><p><iframe loading=\"lazy\" title=\"Most beautiful drone videos ever filmed 2015  \u2013 Our planet is amazing\" width=\"1020\" height=\"574\" src=\"https:\/\/www.youtube.com\/embed\/AoPiLg8DZ3A?feature=oembed\" frameborder=\"0\" allow=\"accelerometer; autoplay; clipboard-write; encrypted-media; gyroscope; picture-in-picture; web-share\" referrerpolicy=\"strict-origin-when-cross-origin\" allowfullscreen><\/iframe><\/p>\n<\/div>\n<h3>VIMEO<\/h3>\n<div class=\"video video-fit mb\" style=\"padding-top:54%;\"><p><iframe loading=\"lazy\" title=\"Tigerilla - TULIPS ft. Gill Bates\" src=\"https:\/\/player.vimeo.com\/video\/180255453?dnt=1&amp;app_id=122963\" width=\"1020\" height=\"574\" frameborder=\"0\" allow=\"autoplay; fullscreen; picture-in-picture; clipboard-write; encrypted-media; web-share\" referrerpolicy=\"strict-origin-when-cross-origin\"><\/iframe><\/p>\n<\/div>\n","protected":false},"excerpt":{"rendered":"<p>P\u0159idejte responzivn\u00ed vlo\u017een\u00e9 video na sv\u00e9 str\u00e1nky pomoc\u00ed Tv\u016frce str\u00e1nek. YOUTUBE VIMEO<\/p>\n","protected":false},"author":1,"featured_media":812,"parent":0,"menu_order":10,"comment_status":"closed","ping_status":"closed","template":"","meta":{"footnotes":""},"class_list":["post-1559","page","type-page","status-publish","has-post-thumbnail","hentry"],"jetpack_sharing_enabled":true,"_links":{"self":[{"href":"https:\/\/urn.eu.com\/cs\/wp-json\/wp\/v2\/pages\/1559","targetHints":{"allow":["GET"]}}],"collection":[{"href":"https:\/\/urn.eu.com\/cs\/wp-json\/wp\/v2\/pages"}],"about":[{"href":"https:\/\/urn.eu.com\/cs\/wp-json\/wp\/v2\/types\/page"}],"author":[{"embeddable":true,"href":"https:\/\/urn.eu.com\/cs\/wp-json\/wp\/v2\/users\/1"}],"replies":[{"embeddable":true,"href":"https:\/\/urn.eu.com\/cs\/wp-json\/wp\/v2\/comments?post=1559"}],"version-history":[{"count":2,"href":"https:\/\/urn.eu.com\/cs\/wp-json\/wp\/v2\/pages\/1559\/revisions"}],"predecessor-version":[{"id":1573,"href":"https:\/\/urn.eu.com\/cs\/wp-json\/wp\/v2\/pages\/1559\/revisions\/1573"}],"wp:featuredmedia":[{"embeddable":true,"href":"https:\/\/urn.eu.com\/cs\/wp-json\/wp\/v2\/media\/812"}],"wp:attachment":[{"href":"https:\/\/urn.eu.com\/cs\/wp-json\/wp\/v2\/media?parent=1559"}],"curies":[{"name":"wp","href":"https:\/\/api.w.org\/{rel}","templated":true}]}}