{"id":1842,"date":"2016-02-15T14:01:19","date_gmt":"2016-02-15T14:01:19","guid":{"rendered":"https:\/\/urn.eu.com\/typografie\/"},"modified":"2025-10-31T13:01:34","modified_gmt":"2025-10-31T13:01:34","slug":"typografie","status":"publish","type":"page","link":"https:\/\/urn.eu.com\/cs\/typografie\/","title":{"rendered":"Typografie"},"content":{"rendered":"\n  <div class=\"banner has-hover\" id=\"banner-1141457572\">\n          <div class=\"banner-inner fill\">\n        <div class=\"banner-bg fill\" >\n            <img loading=\"lazy\" decoding=\"async\" width=\"1000\" height=\"650\" src=\"https:\/\/urn.eu.com\/wp-content\/uploads\/2016\/08\/dummy-2.jpg\" class=\"bg attachment-large size-large\" alt=\"\" \/>                        <div class=\"overlay\"><\/div>            \n                    <\/div>\n\t\t\n        <div class=\"banner-layers container\">\n            <div class=\"fill banner-link\"><\/div>            \n   <div id=\"text-box-1339247811\" class=\"text-box banner-layer x50 md-x50 lg-x50 y50 md-y50 lg-y50 res-text\">\n                                <div class=\"text-box-content text dark\">\n              \n              <div class=\"text-inner text-center\">\n                  \n<h3 class=\"uppercase\"><strong>Textov\u00e9 prvky<\/strong><\/h3>\n<p>Lorem ipsum dolor sit amet, consectetuer adipiscing elit, sed diam nonummy nibh euismod tincidunt ut laoreet dolore magna aliquam erat volutpat.<\/p>\n              <\/div>\n           <\/div>\n                            \n<style>\n#text-box-1339247811 {\n  width: 60%;\n}\n#text-box-1339247811 .text-box-content {\n  font-size: 100%;\n}\n<\/style>\n    <\/div>\n \n        <\/div>\n      <\/div>\n\n            \n<style>\n#banner-1141457572 {\n  padding-top: 400px;\n}\n#banner-1141457572 .overlay {\n  background-color: rgba(0, 0, 0, 0.66);\n}\n<\/style>\n  <\/div>\n\n\n\n\t<section class=\"section\" id=\"section_830178367\">\n\t\t<div class=\"section-bg fill\" >\n\t\t\t\t\t\t\t\t\t\n\t\t\t\n\n\t\t<\/div>\n\n\t\t\n\n\t\t<div class=\"section-content relative\">\n\t\t\t\n<div class=\"container section-title-container\" ><h3 class=\"section-title section-title-center\"><b aria-hidden=\"true\"><\/b><span class=\"section-title-main\" >Typografie<\/span><b aria-hidden=\"true\"><\/b><\/h3><\/div>\n<div class=\"row\"  id=\"row-2074449707\">\n\n\t<div id=\"col-546301521\" class=\"col medium-3 large-3\"  >\n\t\t\t\t<div class=\"col-inner\"  >\n\t\t\t\n\t\t\t\n<h1>Nadpis h1<\/h1>\n<h2>Nadpis h2<\/h2>\n<h3>Nadpis h3<\/h3>\n<h4>Nadpis h4<\/h4>\n<h5>Nadpis h5<\/h5>\n<h6>Nadpis h6<\/h6>\n\t\t<\/div>\n\t\t\t\t\t<\/div>\n\n\t\n\n\t<div id=\"col-51001818\" class=\"col medium-3 large-3\"  >\n\t\t\t\t<div class=\"col-inner\"  >\n\t\t\t\n\t\t\t\n<h1 class=\"uppercase\">nadpis h1<\/h1>\n<h2 class=\"uppercase\">nadpis h2<\/h2>\n<h3 class=\"uppercase\">nadpis h3<\/h3>\n<h4 class=\"uppercase\">nadpis H4<\/h4>\n<h5 class=\"uppercase\">nadpis H5<\/h5>\n<h6 class=\"uppercase\">nadpis H6<\/h6>\n\t\t<\/div>\n\t\t\t\t\t<\/div>\n\n\t\n\n\t<div id=\"col-377991624\" class=\"col medium-3 large-3\"  >\n\t\t\t\t<div class=\"col-inner\"  >\n\t\t\t\n\t\t\t\n<h3 class=\"uppercase\" data-text-color=\"primary\">prim\u00e1rn\u00ed barva<\/h3>\n<h3 class=\"uppercase\" data-text-color=\"secondary\">sekund\u00e1rn\u00ed barva<\/h3>\n<h3 class=\"uppercase\" data-text-color=\"alert\">barva upozorn\u011bn\u00ed<\/h3>\n<h3 class=\"uppercase\" data-text-color=\"success\">BARVA \u00daSP\u011aCHU<\/h3>\n<h3 class=\"uppercase\">V\u00ddCHOZ\u00cd BARVA<\/h3>\n\t\t<\/div>\n\t\t\t\t\t<\/div>\n\n\t\n\n\t<div id=\"col-1050782521\" class=\"col medium-3 large-3\"  >\n\t\t\t\t<div class=\"col-inner\"  >\n\t\t\t\n\t\t\t\n<p><a href=\"#\">V\u00fdchoz\u00ed odkaz<br \/><strong>Tu\u010dn\u00fd odkaz<\/strong><\/a><br \/><strong>Tu\u010dn\u00fd text<br \/><\/strong><em>Kurz\u00edva<br \/><\/em><del>P\u0159e\u0161krtnut\u00ed<br \/><\/del><span style=\"text-decoration: underline;\">Podtr\u017een\u00ed<\/span><\/p>\n\t\t<\/div>\n\t\t\t\t\t<\/div>\n\n\t\n<\/div>\n<div class=\"row\"  id=\"row-2137612035\">\n\n\t<div id=\"col-710754914\" class=\"col medium-4 large-4\"  >\n\t\t\t\t<div class=\"col-inner\"  >\n\t\t\t\n\t\t\t\n<p class=\"lead\"><strong>\u00davodn\u00ed odstavec<\/strong>. dolor sit amet, consectetuer adipiscing elit, sed diam nonummy nibh euismod tincidunt ut laoreet dolore magna aliquam erat volutpat. <\/p>\n\t\t<\/div>\n\t\t\t\t\t<\/div>\n\n\t\n\n\t<div id=\"col-1796442241\" class=\"col medium-4 large-4\"  >\n\t\t\t\t<div class=\"col-inner\"  >\n\t\t\t\n\t\t\t\n<p><strong>Tu\u010dn\u00fd text.<\/strong> sit amet, consectetuer <em>kurz\u00edva <\/em>elit, sed diam nonummy nibh euismod tincidunt ut laoreet <span style=\"text-decoration: underline;\">podtr\u017een\u00fd text<\/span> magna aliquam erat volutpat. <del>P\u0159e\u0161krtnut\u00ed<\/del>. ad minim veniam, quis nostrud exerci tation ullamcorper suscipit lobortis nisl ut aliquip ex ea.  <a href=\"#\">Jednoduch\u00fd odkaz.<\/a><\/p>\n\t\t<\/div>\n\t\t\t\t\t<\/div>\n\n\t\n\n\t<div id=\"col-1197042252\" class=\"col medium-4 large-4\"  >\n\t\t\t\t<div class=\"col-inner\"  >\n\t\t\t\n\t\t\t\n<p>Norm\u00e1ln\u00ed odstavec. sit amet, consectetuer adipiscing elit, sed diam nonummy nibh euismod tincidunt ut laoreet dolore magna aliquam erat volutpat. Ut wisi enim ad minim veniam, quis nostrud exerci tation ullamcorper suscipit lobortis nisl ut aliquip ex ea commodo consequa  <\/p>\n\t\t<\/div>\n\t\t\t\t\t<\/div>\n\n\t\n\n\t<div id=\"col-1762444860\" class=\"col medium-3 large-3\"  >\n\t\t\t\t<div class=\"col-inner\"  >\n\t\t\t\n\t\t\t\n<h2 class=\"lead\">V\u00fdchoz\u00ed p\u00edsmo<\/h2>\n<p class=\"lead\">Dolor sit amet, consectetuer adipiscing elit, sed diam nonummy.<\/p>\n\t\t<\/div>\n\t\t\t\t\t<\/div>\n\n\t\n\n\t<div id=\"col-852218551\" class=\"col medium-3 large-3\"  >\n\t\t\t\t<div class=\"col-inner\"  >\n\t\t\t\n\t\t\t\n<h2 class=\"lead alt-font\"><b>Alternativn\u00ed p\u00edsmo<\/b>.<\/h2>\n<p class=\"lead alt-font\">Dolor sit amet, consectetuer <strong>adipiscing<\/strong> elit, sed diam nonummy.<\/p>\n\t\t<\/div>\n\t\t\t\t\t<\/div>\n\n\t\n\n\t<div id=\"col-2090608967\" class=\"col medium-3 large-3\"  >\n\t\t\t\t<div class=\"col-inner\"  >\n\t\t\t\n\t\t\t\n<h2 class=\"lead\">Tenk\u00fd text<\/h2>\n<p class=\"lead\">Dolor sit amet, consectetuer adipiscing elit, sed diam nonummy.<\/p>\n\t\t<\/div>\n\t\t\t\t\t<\/div>\n\n\t\n\n\t<div id=\"col-681481676\" class=\"col medium-3 large-3\"  >\n\t\t\t\t<div class=\"col-inner\"  >\n\t\t\t\n\t\t\t\n<h2 class=\"lead uppercase\">VELK\u00c1 P\u00cdSMENA<\/h2>\n<p class=\"lead uppercase\">Dolor sit amet, consectetuer adipiscing elit, sed diam nonummy.<\/p>\n\t\t<\/div>\n\t\t\t\t\t<\/div>\n\n\t\n\n\t<div id=\"col-2114116939\" class=\"col medium-6 large-6\"  >\n\t\t\t\t<div class=\"col-inner\"  >\n\t\t\t\n\t\t\t\n<h2 class=\"lead\">Toto je <span class=\"fancy-underline\">Ozdobn\u00e9 podtr\u017een\u00ed textu<\/span><\/h2>\n<p class=\"lead\">Dolor sit amet, consectetuer adipiscing elit, sed diam nonummy.<\/p>\n\t\t<\/div>\n\t\t\t\t\t<\/div>\n\n\t\n\n\t<div id=\"col-1882937879\" class=\"col medium-6 large-6\"  >\n\t\t\t\t<div class=\"col-inner\"  >\n\t\t\t\n\t\t\t\n<h2 class=\"lead\">Toto je po\u010d\u00edtadlo <span class=\"count-up\"><strong>5000<\/strong><\/span><\/h2>\n<p class=\"lead\">Po\u010d\u00edtadlo lze p\u0159idat kamkoliv.<\/p>\n\t\t<\/div>\n\t\t\t\t\t<\/div>\n\n\t\n<\/div>\n\t\t<\/div>\n\n\t\t\n<style>\n#section_830178367 {\n  padding-top: 30px;\n  padding-bottom: 30px;\n  background-color: rgb(255, 255, 255);\n}\n<\/style>\n\t<\/section>\n\t\n\n\t<section class=\"section\" id=\"section_1456456493\">\n\t\t<div class=\"section-bg fill\" >\n\t\t\t\t\t\t\t\t\t<div class=\"section-bg-overlay absolute fill\"><\/div>\n\t\t\t\n\n\t\t<\/div>\n\n\t\t\n\n\t\t<div class=\"section-content relative\">\n\t\t\t\n<div class=\"row row-large align-middle\"  id=\"row-2055537323\">\n\n\t<div id=\"col-1763579143\" class=\"col medium-6 small-12 large-6\"  >\n\t\t\t\t<div class=\"col-inner text-left\"  >\n\t\t\t\n\t\t\t\n<h6>Tip pro Flatsome<\/h6>\n<h2>Mnoho mo\u017enost\u00ed textu najdete v rozbalovac\u00ed nab\u00eddce &#8222;form\u00e1t&#8220; v textov\u00e9m editoru.<\/h2>\n<p class=\"lead\">Zm\u011bny vid\u00edte \u017eiv\u011b, pokud pou\u017e\u00edv\u00e1te Page Builder<\/p>\n\t\t<\/div>\n\t\t\t\t\t<\/div>\n\n\t\n\n\t<div id=\"col-949145426\" class=\"col medium-6 small-12 large-6\"  >\n\t\t\t\t<div class=\"col-inner\"  >\n\t\t\t\n\t\t\t\n\t<div class=\"img has-hover x md-x lg-x y md-y lg-y\" id=\"image_824708488\">\n\t\t\t\t\t\t\t\t<div class=\"img-inner box-shadow-3 dark\" >\n\t\t\t<img loading=\"lazy\" decoding=\"async\" width=\"400\" height=\"260\" src=\"https:\/\/urn.eu.com\/wp-content\/uploads\/2016\/08\/dummy-1.jpg\" class=\"attachment-large size-large\" alt=\"\" srcset=\"https:\/\/urn.eu.com\/wp-content\/uploads\/2016\/08\/dummy-1.jpg 400w, https:\/\/urn.eu.com\/wp-content\/uploads\/2016\/08\/dummy-1-300x195.jpg 300w\" sizes=\"auto, (max-width: 400px) 100vw, 400px\" \/>\t\t\t\t\t\t\n\t\t\t\t\t<\/div>\n\t\t\t\t\t\t\t\t\n<style>\n#image_824708488 {\n  width: 100%;\n}\n<\/style>\n\t<\/div>\n\t\n\t\t<\/div>\n\t\t\t\t\t<\/div>\n\n\t\n<\/div>\n\t\t<\/div>\n\n\t\t\n<style>\n#section_1456456493 {\n  padding-top: 30px;\n  padding-bottom: 30px;\n  background-color: rgb(193, 193, 193);\n}\n#section_1456456493 .section-bg-overlay {\n  background-color: rgba(255, 255, 255, 0.85);\n}\n<\/style>\n\t<\/section>\n\t\n\n\t<section class=\"section dark\" id=\"section_120880041\">\n\t\t<div class=\"section-bg fill\" >\n\t\t\t\t\t\t\t\t\t<div class=\"section-bg-overlay absolute fill\"><\/div>\n\t\t\t\n\n\t\t<\/div>\n\n\t\t\n\n\t\t<div class=\"section-content relative\">\n\t\t\t\n<div class=\"container section-title-container\" ><h3 class=\"section-title section-title-center\"><b aria-hidden=\"true\"><\/b><span class=\"section-title-main\" >Typografie na tmav\u00e9m pozad\u00ed<\/span><b aria-hidden=\"true\"><\/b><\/h3><\/div>\n<div class=\"row\"  id=\"row-1078850281\">\n\n\t<div id=\"col-1780014293\" class=\"col medium-3 large-3\"  >\n\t\t\t\t<div class=\"col-inner\"  >\n\t\t\t\n\t\t\t\n<h1>Nadpis h1<\/h1>\n<h2>Nadpis h2<\/h2>\n<h3>Nadpis h3<\/h3>\n<h4>Nadpis h4<\/h4>\n<h5>Nadpis h5<\/h5>\n<h6>Nadpis h6<\/h6>\n\t\t<\/div>\n\t\t\t\t\t<\/div>\n\n\t\n\n\t<div id=\"col-472239516\" class=\"col medium-3 large-3\"  >\n\t\t\t\t<div class=\"col-inner\"  >\n\t\t\t\n\t\t\t\n<h1 class=\"uppercase\">nadpis h1<\/h1>\n<h2 class=\"uppercase\">nadpis h2<\/h2>\n<h3 class=\"uppercase\">nadpis h3<\/h3>\n<h4 class=\"uppercase\">nadpis H4<\/h4>\n<h5 class=\"uppercase\">nadpis H5<\/h5>\n<h6 class=\"uppercase\">nadpis H6<\/h6>\n\t\t<\/div>\n\t\t\t\t\t<\/div>\n\n\t\n\n\t<div id=\"col-903234095\" class=\"col medium-3 large-3\"  >\n\t\t\t\t<div class=\"col-inner\"  >\n\t\t\t\n\t\t\t\n<h3 class=\"uppercase\" data-text-color=\"primary\">prim\u00e1rn\u00ed barva<\/h3>\n<h3 class=\"uppercase\" data-text-color=\"secondary\">sekund\u00e1rn\u00ed barva<\/h3>\n<h3 class=\"uppercase\" data-text-color=\"alert\">barva upozorn\u011bn\u00ed<\/h3>\n<h3 class=\"uppercase\" data-text-color=\"success\">BARVA \u00daSP\u011aCHU<\/h3>\n<h3 class=\"uppercase\">V\u00ddCHOZ\u00cd BARVA<\/h3>\n\t\t<\/div>\n\t\t\t\t\t<\/div>\n\n\t\n\n\t<div id=\"col-781345120\" class=\"col medium-3 large-3\"  >\n\t\t\t\t<div class=\"col-inner\"  >\n\t\t\t\n\t\t\t\n<p><a href=\"#\">V\u00fdchoz\u00ed odkaz<br \/><strong>Tu\u010dn\u00fd odkaz<\/strong><\/a><br \/><strong>Tu\u010dn\u00fd text<br \/><\/strong><em>Kurz\u00edva<br \/><\/em><del>P\u0159e\u0161krtnut\u00ed<br \/><\/del><span style=\"text-decoration: underline;\">Podtr\u017een\u00ed<\/span><\/p>\n\t\t<\/div>\n\t\t\t\t\t<\/div>\n\n\t\n<\/div>\n<div class=\"row\"  id=\"row-1523501051\">\n\n\t<div id=\"col-2132008383\" class=\"col medium-4 large-4\"  >\n\t\t\t\t<div class=\"col-inner\"  >\n\t\t\t\n\t\t\t\n<p class=\"lead\"><strong>\u00davodn\u00ed odstavec<\/strong>. dolor sit amet, consectetuer adipiscing elit, sed diam nonummy nibh euismod tincidunt ut laoreet dolore magna aliquam erat volutpat. <\/p>\n\t\t<\/div>\n\t\t\t\t\t<\/div>\n\n\t\n\n\t<div id=\"col-984496405\" class=\"col medium-4 large-4\"  >\n\t\t\t\t<div class=\"col-inner\"  >\n\t\t\t\n\t\t\t\n<p><strong>Tu\u010dn\u00fd text.<\/strong> sit amet, consectetuer <em>kurz\u00edva <\/em>elit, sed diam nonummy nibh euismod tincidunt ut laoreet <span style=\"text-decoration: underline;\">podtr\u017een\u00fd text<\/span> magna aliquam erat volutpat. <del>P\u0159e\u0161krtnut\u00ed<\/del>. ad minim veniam, quis nostrud exerci tation ullamcorper suscipit lobortis nisl ut aliquip ex ea.  <a href=\"#\">Jednoduch\u00fd odkaz.<\/a><\/p>\n\t\t<\/div>\n\t\t\t\t\t<\/div>\n\n\t\n\n\t<div id=\"col-92641991\" class=\"col medium-4 large-4\"  >\n\t\t\t\t<div class=\"col-inner\"  >\n\t\t\t\n\t\t\t\n<p>Norm\u00e1ln\u00ed odstavec. sit amet, consectetuer adipiscing elit, sed diam nonummy nibh euismod tincidunt ut laoreet dolore magna aliquam erat volutpat. Ut wisi enim ad minim veniam, quis nostrud exerci tation ullamcorper suscipit lobortis nisl ut aliquip ex ea commodo consequa  <\/p>\n\t\t<\/div>\n\t\t\t\t\t<\/div>\n\n\t\n\n\t<div id=\"col-142649574\" class=\"col medium-7 large-7\"  >\n\t\t\t\t<div class=\"col-inner\"  >\n\t\t\t\n\t\t\t\n<h2 class=\"lead\">Toto je<span class=\"fancy-underline\"> Ozdobn\u00e9 podtr\u017een\u00ed textu<\/span><\/h2>\n<p class=\"lead\">Dolor sit amet, consectetuer adipiscing elit, sed diam nonummy.<\/p>\n\t\t<\/div>\n\t\t\t\t\t<\/div>\n\n\t\n\n\t<div id=\"col-284553450\" class=\"col medium-5 large-5\"  >\n\t\t\t\t<div class=\"col-inner\"  >\n\t\t\t\n\t\t\t\n<h2 class=\"lead\">Toto je po\u010d\u00edtadlo <span class=\"count-up\"><strong>5000<\/strong><\/span><\/h2>\n<p class=\"lead\">Po\u010d\u00edtadlo lze p\u0159idat kamkoliv.<\/p>\n\t\t<\/div>\n\t\t\t\t\t<\/div>\n\n\t\n<\/div>\n\t\t<\/div>\n\n\t\t\n<style>\n#section_120880041 {\n  padding-top: 60px;\n  padding-bottom: 60px;\n  background-color: rgb(255, 255, 255);\n}\n#section_120880041 .section-bg-overlay {\n  background-color: rgb(34, 34, 34);\n}\n<\/style>\n\t<\/section>\n\t\n\n\t<section class=\"section\" id=\"section_387401541\">\n\t\t<div class=\"section-bg fill\" >\n\t\t\t\t\t\t\t\t\t\n\t\t\t\n\n\t\t<\/div>\n\n\t\t\n\n\t\t<div class=\"section-content relative\">\n\t\t\t\n<div class=\"container section-title-container\" ><h3 class=\"section-title section-title-center\"><b aria-hidden=\"true\"><\/b><span class=\"section-title-main\" >Cit\u00e1t<\/span><b aria-hidden=\"true\"><\/b><\/h3><\/div>\n<div class=\"row\"  id=\"row-523328311\">\n\n\t<div id=\"col-1612661517\" class=\"col large-12\"  >\n\t\t\t\t<div class=\"col-inner\"  >\n\t\t\t\n\t\t\t\n<blockquote>\n<p class=\"lead\"><strong>Cit\u00e1t<\/strong>. dolor sit amet, consectetuer adipiscing elit, sed diam nonummy nibh euismod tincidunt ut laoreet dolore magna aliquam erat volutpat. <\/p>\n<\/blockquote>\n<p class=\"lead\">Norm\u00e1ln\u00ed odstavec. sit amet, consectetuer adipiscing elit, sed diam nonummy nibh euismod tincidunt ut laoreet dolore magna aliquam erat volutpat. Ut wisi enim ad minim veniam, quis nostrud exerci tation ullamcorper suscipit lobortis nisl ut aliquip ex ea commodo consequa. Horizont\u00e1ln\u00ed \u010d\u00e1ra:   <\/p>\n<div class=\"container section-title-container\" ><h3 class=\"section-title section-title-center\"><b aria-hidden=\"true\"><\/b><span class=\"section-title-main\" >Seznamy<\/span><b aria-hidden=\"true\"><\/b><\/h3><\/div>\n\t\t<\/div>\n\t\t\t\t\t<\/div>\n\n\t\n\n\t<div id=\"col-2075996592\" class=\"col medium-2 large-2\"  >\n\t\t\t\t<div class=\"col-inner\"  >\n\t\t\t\n\t\t\t\n<ul>\n<li>Jednoduch\u00fd seznam<\/li>\n<li>Polo\u017eka seznamu 1<\/li>\n<li>Polo\u017eka seznamu 2<\/li>\n<li>Polo\u017eka seznamu 3<\/li>\n<li>Polo\u017eka seznamu 4<\/li>\n<li>Polo\u017eka seznamu 5<\/li>\n<\/ul>\n\t\t<\/div>\n\t\t\t\t\t<\/div>\n\n\t\n\n\t<div id=\"col-575191076\" class=\"col medium-2 large-2\"  >\n\t\t\t\t<div class=\"col-inner\"  >\n\t\t\t\n\t\t\t\n<ol>\n<li>\u010c\u00edslovan\u00fd seznam<\/li>\n<li>Polo\u017eka seznamu 1<\/li>\n<li>Polo\u017eka seznamu 2<\/li>\n<li>Polo\u017eka seznamu 3<\/li>\n<li>Polo\u017eka seznamu 4<\/li>\n<li>Polo\u017eka seznamu 5<\/li>\n<\/ol>\n\t\t<\/div>\n\t\t\t\t\t<\/div>\n\n\t\n\n\t<div id=\"col-1096073166\" class=\"col medium-2 large-2\"  >\n\t\t\t\t<div class=\"col-inner\"  >\n\t\t\t\n\t\t\t\n<ul>\n<li class=\"bullet-checkmark\">Seznam s fajfkou<\/li>\n<li class=\"bullet-checkmark\">Polo\u017eka seznamu 2<\/li>\n<li class=\"bullet-checkmark\">Polo\u017eka seznamu 3<\/li>\n<li class=\"bullet-checkmark\">Polo\u017eka seznamu 4<\/li>\n<li class=\"bullet-checkmark\">Polo\u017eka seznamu 5<\/li>\n<\/ul>\n\t\t<\/div>\n\t\t\t\t\t<\/div>\n\n\t\n\n\t<div id=\"col-1268079161\" class=\"col medium-2 large-2\"  >\n\t\t\t\t<div class=\"col-inner\"  >\n\t\t\t\n\t\t\t\n<ul>\n<li class=\"bullet-star\">Seznam s hv\u011bzdi\u010dkou<\/li>\n<li class=\"bullet-star\">Polo\u017eka seznamu 2<\/li>\n<li class=\"bullet-star\">Polo\u017eka seznamu 3<\/li>\n<li class=\"bullet-star\">Polo\u017eka seznamu 4<\/li>\n<li class=\"bullet-star\">Polo\u017eka seznamu 5<\/li>\n<\/ul>\n\t\t<\/div>\n\t\t\t\t\t<\/div>\n\n\t\n\n\t<div id=\"col-1576142492\" class=\"col medium-2 large-2\"  >\n\t\t\t\t<div class=\"col-inner\"  >\n\t\t\t\n\t\t\t\n<ul>\n<li class=\"bullet-arrow\">Seznam se \u0161ipkou<\/li>\n<li class=\"bullet-arrow\">Polo\u017eka seznamu 2<\/li>\n<li class=\"bullet-arrow\">Polo\u017eka seznamu 3<\/li>\n<li class=\"bullet-arrow\">Polo\u017eka seznamu 4<\/li>\n<li class=\"bullet-arrow\">Polo\u017eka seznamu 5<\/li>\n<\/ul>\n\t\t<\/div>\n\t\t\t\t\t<\/div>\n\n\t\n<\/div>\n\t\t<\/div>\n\n\t\t\n<style>\n#section_387401541 {\n  padding-top: 60px;\n  padding-bottom: 60px;\n}\n<\/style>\n\t<\/section>\n\t\n","protected":false},"excerpt":{"rendered":"","protected":false},"author":1,"featured_media":812,"parent":0,"menu_order":5,"comment_status":"closed","ping_status":"closed","template":"page-blank.php","meta":{"footnotes":""},"class_list":["post-1842","page","type-page","status-publish","has-post-thumbnail","hentry"],"jetpack_sharing_enabled":true,"_links":{"self":[{"href":"https:\/\/urn.eu.com\/cs\/wp-json\/wp\/v2\/pages\/1842","targetHints":{"allow":["GET"]}}],"collection":[{"href":"https:\/\/urn.eu.com\/cs\/wp-json\/wp\/v2\/pages"}],"about":[{"href":"https:\/\/urn.eu.com\/cs\/wp-json\/wp\/v2\/types\/page"}],"author":[{"embeddable":true,"href":"https:\/\/urn.eu.com\/cs\/wp-json\/wp\/v2\/users\/1"}],"replies":[{"embeddable":true,"href":"https:\/\/urn.eu.com\/cs\/wp-json\/wp\/v2\/comments?post=1842"}],"version-history":[{"count":5,"href":"https:\/\/urn.eu.com\/cs\/wp-json\/wp\/v2\/pages\/1842\/revisions"}],"predecessor-version":[{"id":1880,"href":"https:\/\/urn.eu.com\/cs\/wp-json\/wp\/v2\/pages\/1842\/revisions\/1880"}],"wp:featuredmedia":[{"embeddable":true,"href":"https:\/\/urn.eu.com\/cs\/wp-json\/wp\/v2\/media\/812"}],"wp:attachment":[{"href":"https:\/\/urn.eu.com\/cs\/wp-json\/wp\/v2\/media?parent=1842"}],"curies":[{"name":"wp","href":"https:\/\/api.w.org\/{rel}","templated":true}]}}