{"id":1965,"date":"2014-06-09T21:48:15","date_gmt":"2014-06-09T21:48:15","guid":{"rendered":"https:\/\/urn.eu.com\/product\/exklusive-schwarze-urne-fuer-bestattungen\/"},"modified":"2025-11-06T14:35:03","modified_gmt":"2025-11-06T14:35:03","slug":"exklusive-schwarze-urne-fuer-bestattungen","status":"publish","type":"product","link":"https:\/\/urn.eu.com\/de\/produkt\/exklusive-schwarze-urne-fuer-bestattungen\/","title":{"rendered":"Exklusive schwarze Urne f\u00fcr Bestattungen"},"content":{"rendered":"<h1 style=\"text-align: center;\">Exklusive schwarze Urne f\u00fcr Bestattungen<\/h1>\n<p>Gr\u00f6\u00dfe der Urne<\/p>\n<ul>\n<li>H\u00f6he: 25,5 cm<\/li>\n<li>Breite: 23 cm<\/li>\n<li>Tiefe: 23 cm<\/li>\n<\/ul>\n<p>Material der Urne: Keramikurne<\/p>\n<p>&nbsp;<\/p>\n","protected":false},"excerpt":{"rendered":"<p>Exklusive schwarze Urne f\u00fcr Bestattungen Gr\u00f6\u00dfe der Urne H\u00f6he: 25,5 cm Breite: 23 cm Tiefe: 23 cm Material der Urne: Keramikurne &nbsp;<\/p>\n","protected":false},"featured_media":1964,"comment_status":"open","ping_status":"closed","template":"","meta":[],"product_brand":[338],"product_cat":[534],"product_tag":[519,541,522,542,544,543,524,546,545],"class_list":{"0":"post-1965","1":"product","2":"type-product","3":"status-publish","4":"has-post-thumbnail","6":"product_brand-hand-made","7":"product_cat-keramikurne","8":"product_tag-ash-bracelet","9":"product_tag-ashes-jewellery","10":"product_tag-bestattungsurne","11":"product_tag-biologisch-abbaubare-schwimmurne","12":"product_tag-gedenkschmuck","13":"product_tag-kremations-schmuck","14":"product_tag-kremationsurne","15":"product_tag-premium-urne","16":"product_tag-schwarze-urne","18":"first","19":"instock","20":"featured","21":"shipping-taxable","22":"purchasable","23":"product-type-simple"},"jetpack_sharing_enabled":true,"_links":{"self":[{"href":"https:\/\/urn.eu.com\/de\/wp-json\/wp\/v2\/product\/1965","targetHints":{"allow":["GET"]}}],"collection":[{"href":"https:\/\/urn.eu.com\/de\/wp-json\/wp\/v2\/product"}],"about":[{"href":"https:\/\/urn.eu.com\/de\/wp-json\/wp\/v2\/types\/product"}],"replies":[{"embeddable":true,"href":"https:\/\/urn.eu.com\/de\/wp-json\/wp\/v2\/comments?post=1965"}],"wp:featuredmedia":[{"embeddable":true,"href":"https:\/\/urn.eu.com\/de\/wp-json\/wp\/v2\/media\/1964"}],"wp:attachment":[{"href":"https:\/\/urn.eu.com\/de\/wp-json\/wp\/v2\/media?parent=1965"}],"wp:term":[{"taxonomy":"product_brand","embeddable":true,"href":"https:\/\/urn.eu.com\/de\/wp-json\/wp\/v2\/product_brand?post=1965"},{"taxonomy":"product_cat","embeddable":true,"href":"https:\/\/urn.eu.com\/de\/wp-json\/wp\/v2\/product_cat?post=1965"},{"taxonomy":"product_tag","embeddable":true,"href":"https:\/\/urn.eu.com\/de\/wp-json\/wp\/v2\/product_tag?post=1965"}],"curies":[{"name":"wp","href":"https:\/\/api.w.org\/{rel}","templated":true}]}}