{"id":1968,"date":"2013-08-10T10:26:25","date_gmt":"2013-08-10T10:26:25","guid":{"rendered":"https:\/\/urn.eu.com\/product\/einzigartige-blaue-glasurne\/"},"modified":"2025-11-06T14:36:33","modified_gmt":"2025-11-06T14:36:33","slug":"einzigartige-blaue-glasurne","status":"publish","type":"product","link":"https:\/\/urn.eu.com\/de\/produkt\/einzigartige-blaue-glasurne\/","title":{"rendered":"Einzigartige blaue glasurne"},"content":{"rendered":"<h1 style=\"text-align: center;\">Einzigartige blaue glasurne<\/h1>\n<p>Gr\u00f6\u00dfe der Urne<\/p>\n<ul>\n<li>H\u00f6he: 26 cm<\/li>\n<li>Breite: 20 cm<\/li>\n<li>Tiefe: 20 cm<\/li>\n<\/ul>\n<p>Material der Urne: Glas<\/p>\n<p>&nbsp;<\/p>\n","protected":false},"excerpt":{"rendered":"<p>Einzigartige blaue glasurne Gr\u00f6\u00dfe der Urne H\u00f6he: 26 cm Breite: 20 cm Tiefe: 20 cm Material der Urne: Glas &nbsp;<\/p>\n","protected":false},"featured_media":1967,"comment_status":"open","ping_status":"closed","template":"","meta":[],"product_brand":[],"product_cat":[518],"product_tag":[533,549,520,523,548,524,521,532],"class_list":{"0":"post-1968","1":"product","2":"type-product","3":"status-publish","4":"has-post-thumbnail","6":"product_cat-glasurne","7":"product_tag-begrabnisurne","8":"product_tag-blau-urne","9":"product_tag-cremation-pendant","10":"product_tag-glasurne","11":"product_tag-holzurne","12":"product_tag-kremationsurne","13":"product_tag-metallurne","14":"product_tag-urnen","16":"first","17":"instock","18":"shipping-taxable","19":"purchasable","20":"product-type-simple"},"jetpack_sharing_enabled":true,"_links":{"self":[{"href":"https:\/\/urn.eu.com\/de\/wp-json\/wp\/v2\/product\/1968","targetHints":{"allow":["GET"]}}],"collection":[{"href":"https:\/\/urn.eu.com\/de\/wp-json\/wp\/v2\/product"}],"about":[{"href":"https:\/\/urn.eu.com\/de\/wp-json\/wp\/v2\/types\/product"}],"replies":[{"embeddable":true,"href":"https:\/\/urn.eu.com\/de\/wp-json\/wp\/v2\/comments?post=1968"}],"wp:featuredmedia":[{"embeddable":true,"href":"https:\/\/urn.eu.com\/de\/wp-json\/wp\/v2\/media\/1967"}],"wp:attachment":[{"href":"https:\/\/urn.eu.com\/de\/wp-json\/wp\/v2\/media?parent=1968"}],"wp:term":[{"taxonomy":"product_brand","embeddable":true,"href":"https:\/\/urn.eu.com\/de\/wp-json\/wp\/v2\/product_brand?post=1968"},{"taxonomy":"product_cat","embeddable":true,"href":"https:\/\/urn.eu.com\/de\/wp-json\/wp\/v2\/product_cat?post=1968"},{"taxonomy":"product_tag","embeddable":true,"href":"https:\/\/urn.eu.com\/de\/wp-json\/wp\/v2\/product_tag?post=1968"}],"curies":[{"name":"wp","href":"https:\/\/api.w.org\/{rel}","templated":true}]}}