{"id":1970,"date":"2013-08-10T10:21:47","date_gmt":"2013-08-10T10:21:47","guid":{"rendered":"https:\/\/urn.eu.com\/product\/schoene-schmetterlingsurne\/"},"modified":"2025-11-06T14:39:01","modified_gmt":"2025-11-06T14:39:01","slug":"schoene-schmetterlingsurne","status":"publish","type":"product","link":"https:\/\/urn.eu.com\/de\/produkt\/schoene-schmetterlingsurne\/","title":{"rendered":"Sch\u00f6ne Schmetterlingsurne"},"content":{"rendered":"<h1 style=\"text-align: center;\">Sch\u00f6ne Schmetterlingsurne<\/h1>\n<p>Gr\u00f6\u00dfe der Urne<\/p>\n<ul>\n<li>H\u00f6he: 23 cm<\/li>\n<li>Breite: 23 cm<\/li>\n<li>Tiefe: 23 cm<\/li>\n<\/ul>\n<p>Material der Urne: Keramikurne<\/p>\n<p>&nbsp;<\/p>\n<p style=\"text-align: center;\"><span class=\"Apple-converted-space\">Der Schmetterling ist ein Symbol der unsterblichen Seele, die nach dem Tod des K\u00f6rpers weiterlebt.<\/span><\/p>\n<p>&nbsp;<\/p>\n","protected":false},"excerpt":{"rendered":"<p>Sch\u00f6ne Schmetterlingsurne Gr\u00f6\u00dfe der Urne H\u00f6he: 23 cm Breite: 23 cm Tiefe: 23 cm Material der Urne: Keramikurne &nbsp; Der Schmetterling ist ein Symbol der unsterblichen Seele, die nach dem Tod des K\u00f6rpers weiterlebt. &nbsp;<\/p>\n","protected":false},"featured_media":1969,"comment_status":"open","ping_status":"closed","template":"","meta":[],"product_brand":[],"product_cat":[534],"product_tag":[552,554,520,556,561,562,529,555,521,563,559,557,558,560,550,553,551],"class_list":{"0":"post-1970","1":"product","2":"type-product","3":"status-publish","4":"has-post-thumbnail","6":"product_cat-keramikurne","7":"product_tag-beerdigungsinstitut","8":"product_tag-bestattungsurne-2","9":"product_tag-cremation-pendant","10":"product_tag-extra-grose-kremationsurnen","11":"product_tag-flugel-der-hoffnung-schmetterlingsurne","12":"product_tag-flugel-der-hoffnung-urne","13":"product_tag-gedenkurne","14":"product_tag-grose-urne","15":"product_tag-metallurne","16":"product_tag-schmetterlings-andenkenurne","17":"product_tag-schmetterlings-kremationsurne","18":"product_tag-schmetterlingsurne","19":"product_tag-schmetterlingsurnen-fur-asche","20":"product_tag-schmetterlingsurnen-fur-menschliche-asche","21":"product_tag-urne-2","22":"product_tag-urnen-2","23":"product_tag-urnenbeisetzung","25":"first","26":"instock","27":"shipping-taxable","28":"purchasable","29":"product-type-simple"},"jetpack_sharing_enabled":true,"_links":{"self":[{"href":"https:\/\/urn.eu.com\/de\/wp-json\/wp\/v2\/product\/1970","targetHints":{"allow":["GET"]}}],"collection":[{"href":"https:\/\/urn.eu.com\/de\/wp-json\/wp\/v2\/product"}],"about":[{"href":"https:\/\/urn.eu.com\/de\/wp-json\/wp\/v2\/types\/product"}],"replies":[{"embeddable":true,"href":"https:\/\/urn.eu.com\/de\/wp-json\/wp\/v2\/comments?post=1970"}],"wp:featuredmedia":[{"embeddable":true,"href":"https:\/\/urn.eu.com\/de\/wp-json\/wp\/v2\/media\/1969"}],"wp:attachment":[{"href":"https:\/\/urn.eu.com\/de\/wp-json\/wp\/v2\/media?parent=1970"}],"wp:term":[{"taxonomy":"product_brand","embeddable":true,"href":"https:\/\/urn.eu.com\/de\/wp-json\/wp\/v2\/product_brand?post=1970"},{"taxonomy":"product_cat","embeddable":true,"href":"https:\/\/urn.eu.com\/de\/wp-json\/wp\/v2\/product_cat?post=1970"},{"taxonomy":"product_tag","embeddable":true,"href":"https:\/\/urn.eu.com\/de\/wp-json\/wp\/v2\/product_tag?post=1970"}],"curies":[{"name":"wp","href":"https:\/\/api.w.org\/{rel}","templated":true}]}}