{"id":1973,"date":"2013-08-10T10:17:13","date_gmt":"2013-08-10T10:17:13","guid":{"rendered":"https:\/\/urn.eu.com\/product\/goldene-kreuz-kremationsurne\/"},"modified":"2025-11-06T14:43:26","modified_gmt":"2025-11-06T14:43:26","slug":"goldene-kreuz-kremationsurne","status":"publish","type":"product","link":"https:\/\/urn.eu.com\/de\/produkt\/goldene-kreuz-kremationsurne\/","title":{"rendered":"Goldene kreuz kremationsurne"},"content":{"rendered":"<h1 style=\"text-align: center;\">Goldene kreuz kremationsurne<\/h1>\n<p>Gr\u00f6\u00dfe der Urne<\/p>\n<ul>\n<li>H\u00f6he: 23 cm<\/li>\n<li>Breite: 21,5 cm<\/li>\n<li>Tiefe: 21 cm<\/li>\n<\/ul>\n<p>Material der Urne: Keramikurne<\/p>\n<p>&nbsp;<\/p>\n","protected":false},"excerpt":{"rendered":"<p>Goldene kreuz kremationsurne Gr\u00f6\u00dfe der Urne H\u00f6he: 23 cm Breite: 21,5 cm Tiefe: 21 cm Material der Urne: Keramikurne &nbsp;<\/p>\n","protected":false},"featured_media":1972,"comment_status":"open","ping_status":"closed","template":"","meta":[],"product_brand":[],"product_cat":[534],"product_tag":[566,564,520,535,524,565,567],"class_list":{"0":"post-1973","1":"product","2":"type-product","3":"status-publish","4":"has-post-thumbnail","6":"product_cat-keramikurne","7":"product_tag-beisetzungsurnen","8":"product_tag-bestattungs-kremationsurne","9":"product_tag-cremation-pendant","10":"product_tag-keramikurne","11":"product_tag-kremationsurne","12":"product_tag-urne-fur-menschliche-asche","13":"product_tag-urns","15":"first","16":"instock","17":"shipping-taxable","18":"purchasable","19":"product-type-simple"},"jetpack_sharing_enabled":true,"_links":{"self":[{"href":"https:\/\/urn.eu.com\/de\/wp-json\/wp\/v2\/product\/1973","targetHints":{"allow":["GET"]}}],"collection":[{"href":"https:\/\/urn.eu.com\/de\/wp-json\/wp\/v2\/product"}],"about":[{"href":"https:\/\/urn.eu.com\/de\/wp-json\/wp\/v2\/types\/product"}],"replies":[{"embeddable":true,"href":"https:\/\/urn.eu.com\/de\/wp-json\/wp\/v2\/comments?post=1973"}],"wp:featuredmedia":[{"embeddable":true,"href":"https:\/\/urn.eu.com\/de\/wp-json\/wp\/v2\/media\/1972"}],"wp:attachment":[{"href":"https:\/\/urn.eu.com\/de\/wp-json\/wp\/v2\/media?parent=1973"}],"wp:term":[{"taxonomy":"product_brand","embeddable":true,"href":"https:\/\/urn.eu.com\/de\/wp-json\/wp\/v2\/product_brand?post=1973"},{"taxonomy":"product_cat","embeddable":true,"href":"https:\/\/urn.eu.com\/de\/wp-json\/wp\/v2\/product_cat?post=1973"},{"taxonomy":"product_tag","embeddable":true,"href":"https:\/\/urn.eu.com\/de\/wp-json\/wp\/v2\/product_tag?post=1973"}],"curies":[{"name":"wp","href":"https:\/\/api.w.org\/{rel}","templated":true}]}}