{"id":1977,"date":"2025-11-06T11:40:06","date_gmt":"2025-11-06T11:40:06","guid":{"rendered":"https:\/\/urn.eu.com\/product\/salzurne\/"},"modified":"2025-11-06T11:40:06","modified_gmt":"2025-11-06T11:40:06","slug":"salzurne","status":"publish","type":"product","link":"https:\/\/urn.eu.com\/de\/produkt\/salzurne\/","title":{"rendered":"Salzurne"},"content":{"rendered":"<h1 style=\"text-align: center;\">Salzurne<\/h1>\n<p>Gr\u00f6\u00dfe der Urne<\/p>\n<ul>\n<li>H\u00f6he: 21 cm<\/li>\n<li>Breite: 14 cm<span class=\"Apple-converted-space\"> <\/span><\/li>\n<li>Tiefe:14 cm<\/li>\n<\/ul>\n<p>Material der Urne: Biologisch abbaubare Urne aus 100 % Himalaya-Salz<\/p>\n<h4 style=\"text-align: center;\"><strong><span class=\"Apple-converted-space\">Why do many people choose the salt urn?<\/span><\/strong><\/h4>\n<h3 data-start=\"194\" data-end=\"232\"><strong data-start=\"201\" data-end=\"232\">1. Umweltfreundlich<\/strong><\/h3>\n<ul data-start=\"233\" data-end=\"670\">\n<li data-start=\"233\" data-end=\"408\">\n<p data-start=\"235\" data-end=\"408\">Biologisch abbaubar: Salzurnen bestehen vollst\u00e4ndig aus nat\u00fcrlichen Salzkristallen (oft Himalaya- oder Steinsalz), die sich im Wasser r\u00fcckstandslos aufl\u00f6sen oder im Boden allm\u00e4hlich zersetzen.<\/p>\n<\/li>\n<li data-start=\"409\" data-end=\"526\">\n<p data-start=\"411\" data-end=\"526\"><strong data-start=\"411\" data-end=\"433\">Keine giftigen R\u00fcckst\u00e4nde: Im Gegensatz zu Metall- oder Keramikurnen hinterlassen sie keine umweltsch\u00e4dlichen Stoffe.<\/strong><\/p>\n<\/li>\n<li data-start=\"527\" data-end=\"670\">\n<p data-start=\"529\" data-end=\"670\"><strong data-start=\"529\" data-end=\"559\">Ideal f\u00fcr Naturbestattungen: Viele umweltfreundliche Friedh\u00f6fe und \u201egr\u00fcne Ruhest\u00e4tten\u201c erlauben oder f\u00f6rdern sogar biologisch abbaubare Urnen wie diese.<\/strong><\/p>\n<\/li>\n<\/ul>\n<hr data-start=\"672\" data-end=\"675\">\n<h3 data-start=\"677\" data-end=\"716\"> <strong data-start=\"684\" data-end=\"716\">2. Perfekt f\u00fcr Seebestattungen<\/strong><\/h3>\n<ul data-start=\"717\" data-end=\"995\">\n<li data-start=\"717\" data-end=\"792\">\n<p data-start=\"719\" data-end=\"792\">Salzurnen eignen sich besonders gut f\u00fcr Bestattungen im Meer oder in Seen.<\/p>\n<\/li>\n<li data-start=\"793\" data-end=\"941\">\n<p data-start=\"795\" data-end=\"941\">Wenn sie ins Wasser gelegt werden, l\u00f6sen sie sich langsam auf \u2013 meist innerhalb von Minuten bis Stunden \u2013 und geben die Asche auf nat\u00fcrliche Weise frei.<\/p>\n<\/li>\n<li data-start=\"942\" data-end=\"995\">\n<p data-start=\"944\" data-end=\"995\">Dies schafft eine friedliche, symbolische R\u00fcckkehr zur Natur.<\/p>\n<\/li>\n<\/ul>\n<hr data-start=\"997\" data-end=\"1000\">\n<h3 data-start=\"1002\" data-end=\"1032\"> <strong data-start=\"1009\" data-end=\"1032\">3. Symbolische Bedeutung<\/strong><\/h3>\n<ul data-start=\"1033\" data-end=\"1309\">\n<li data-start=\"1033\" data-end=\"1122\">\n<p data-start=\"1035\" data-end=\"1122\">Salz steht seit jeher in vielen Kulturen f\u00fcr Reinheit, Bewahrung und Ewigkeit.<\/p>\n<\/li>\n<li data-start=\"1123\" data-end=\"1227\">\n<p data-start=\"1125\" data-end=\"1227\">Die Wahl einer Salzurne kann Themen wie Reinigung, Frieden und den nat\u00fcrlichen Kreislauf von Leben und Tod ausdr\u00fccken.<\/p>\n<\/li>\n<li data-start=\"1228\" data-end=\"1309\">\n<p data-start=\"1230\" data-end=\"1309\">Oft wird sie wegen ihrer spirituellen Schlichtheit und ihrer Verbindung zur Erde gew\u00e4hlt.<\/p>\n<\/li>\n<\/ul>\n<hr data-start=\"1311\" data-end=\"1314\">\n<h3 data-start=\"1316\" data-end=\"1350\"> <strong data-start=\"1323\" data-end=\"1350\">4. \u00c4sthetisch und einzigartig<\/strong><\/h3>\n<ul data-start=\"1351\" data-end=\"1561\">\n<li data-start=\"1351\" data-end=\"1480\">\n<p data-start=\"1353\" data-end=\"1480\">Salzurnen besitzen eine nat\u00fcrliche, leuchtende Sch\u00f6nheit \u2013 ihre durchscheinende, kristalline Oberfl\u00e4che verleiht ihnen ein ruhiges und beinahe heiliges Aussehen.<\/p>\n<\/li>\n<li data-start=\"1481\" data-end=\"1561\">\n<p data-start=\"1483\" data-end=\"1561\">Da sie handgefertigt sind, ist jede Urne in Form, Farbe und Struktur einzigartig.<\/p>\n<\/li>\n<\/ul>\n<hr data-start=\"1563\" data-end=\"1566\">\n<h3 data-start=\"1568\" data-end=\"1600\">5. Praktische Vorteile<\/h3>\n<ul data-start=\"1601\" data-end=\"1791\">\n<li data-start=\"1601\" data-end=\"1636\">\n<p data-start=\"1603\" data-end=\"1636\">Leicht und einfach zu handhaben.<\/p>\n<\/li>\n<li data-start=\"1637\" data-end=\"1686\">\n<p data-start=\"1639\" data-end=\"1686\">Kein Bedarf an zus\u00e4tzlichen Materialien oder Beschichtungen.<\/p>\n<\/li>\n<li data-start=\"1687\" data-end=\"1791\">\n<p data-start=\"1689\" data-end=\"1791\">Wird an vielen Orten akzeptiert, an denen nicht biologisch abbaubare Materialien f\u00fcr Bestattungs- oder Streuzeremonien verboten sind.<\/p>\n<\/li>\n<\/ul>\n<p>&nbsp;<\/p>\n<p>&nbsp;<\/p>\n","protected":false},"excerpt":{"rendered":"<p>Salzurne Gr\u00f6\u00dfe der Urne H\u00f6he: 21 cm Breite: 14 cm Tiefe:14 cm Material der Urne: Biologisch abbaubare Urne aus 100 % Himalaya-Salz Why do many people choose the salt urn? 1. Umweltfreundlich Biologisch abbaubar: Salzurnen bestehen vollst\u00e4ndig aus nat\u00fcrlichen Salzkristallen (oft Himalaya- oder Steinsalz), die sich im Wasser r\u00fcckstandslos aufl\u00f6sen oder im Boden allm\u00e4hlich zersetzen. [&#8230;]\n","protected":false},"featured_media":1976,"comment_status":"open","ping_status":"closed","template":"","meta":[],"product_brand":[],"product_cat":[576],"product_tag":[577,582,583,586,579,581,580,587,585,584,578],"class_list":{"0":"post-1977","1":"product","2":"type-product","3":"status-publish","4":"has-post-thumbnail","6":"product_cat-salzurne","7":"product_tag-bio-urne","8":"product_tag-biologisch-abbaubare-salzurne","9":"product_tag-himalaya-urne","10":"product_tag-loslich-in-wasser","11":"product_tag-ozean-urne","12":"product_tag-salzurne","13":"product_tag-seeurne","14":"product_tag-umweltfreundlich","15":"product_tag-umweltfreundliche-urne","16":"product_tag-urne-die-sich-im-wasser-auflost","17":"product_tag-wasserurne","19":"first","20":"outofstock","21":"shipping-taxable","22":"product-type-simple"},"jetpack_sharing_enabled":true,"_links":{"self":[{"href":"https:\/\/urn.eu.com\/de\/wp-json\/wp\/v2\/product\/1977","targetHints":{"allow":["GET"]}}],"collection":[{"href":"https:\/\/urn.eu.com\/de\/wp-json\/wp\/v2\/product"}],"about":[{"href":"https:\/\/urn.eu.com\/de\/wp-json\/wp\/v2\/types\/product"}],"replies":[{"embeddable":true,"href":"https:\/\/urn.eu.com\/de\/wp-json\/wp\/v2\/comments?post=1977"}],"wp:featuredmedia":[{"embeddable":true,"href":"https:\/\/urn.eu.com\/de\/wp-json\/wp\/v2\/media\/1976"}],"wp:attachment":[{"href":"https:\/\/urn.eu.com\/de\/wp-json\/wp\/v2\/media?parent=1977"}],"wp:term":[{"taxonomy":"product_brand","embeddable":true,"href":"https:\/\/urn.eu.com\/de\/wp-json\/wp\/v2\/product_brand?post=1977"},{"taxonomy":"product_cat","embeddable":true,"href":"https:\/\/urn.eu.com\/de\/wp-json\/wp\/v2\/product_cat?post=1977"},{"taxonomy":"product_tag","embeddable":true,"href":"https:\/\/urn.eu.com\/de\/wp-json\/wp\/v2\/product_tag?post=1977"}],"curies":[{"name":"wp","href":"https:\/\/api.w.org\/{rel}","templated":true}]}}