{"id":1985,"date":"2013-08-10T10:19:20","date_gmt":"2013-08-10T10:19:20","guid":{"rendered":"https:\/\/urn.eu.com\/product\/handbemalte-taube-glasurne\/"},"modified":"2013-08-10T10:19:20","modified_gmt":"2013-08-10T10:19:20","slug":"handbemalte-taube-glasurne","status":"publish","type":"product","link":"https:\/\/urn.eu.com\/de\/produkt\/handbemalte-taube-glasurne\/","title":{"rendered":"Handbemalte Taube Glasurne"},"content":{"rendered":"<h1 style=\"text-align: center;\">Handbemalte Taube Glasurne<\/h1>\n<p>Gr\u00f6\u00dfe der Urne<\/p>\n<ul>\n<li>H\u00f6he: 23 cm<\/li>\n<li>Breite: 21,5 cm<span class=\"Apple-converted-space\"> <\/span><\/li>\n<li>Tiefe: 21,5 cm<\/li>\n<\/ul>\n<p>Material der Urne: Glas<\/p>\n<p>&nbsp;<\/p>\n","protected":false},"excerpt":{"rendered":"<p>Handbemalte Taube Glasurne Gr\u00f6\u00dfe der Urne H\u00f6he: 23 cm Breite: 21,5 cm Tiefe: 21,5 cm Material der Urne: Glas &nbsp;<\/p>\n","protected":false},"featured_media":1984,"comment_status":"open","ping_status":"closed","template":"","meta":[],"product_brand":[],"product_cat":[518],"product_tag":[609,520,523,611,521,550,532,610,608,607],"class_list":{"0":"post-1985","1":"product","2":"type-product","3":"status-publish","4":"has-post-thumbnail","6":"product_cat-glasurne","7":"product_tag-bestattung-urne","8":"product_tag-cremation-pendant","9":"product_tag-glasurne","10":"product_tag-kosten-urnenbestattung","11":"product_tag-metallurne","12":"product_tag-urne-2","13":"product_tag-urnen","14":"product_tag-urnenbeisetzung-2","15":"product_tag-urnenbestattung-kosten","16":"product_tag-urnenkette","18":"first","19":"instock","20":"shipping-taxable","21":"purchasable","22":"product-type-simple"},"jetpack_sharing_enabled":true,"_links":{"self":[{"href":"https:\/\/urn.eu.com\/de\/wp-json\/wp\/v2\/product\/1985","targetHints":{"allow":["GET"]}}],"collection":[{"href":"https:\/\/urn.eu.com\/de\/wp-json\/wp\/v2\/product"}],"about":[{"href":"https:\/\/urn.eu.com\/de\/wp-json\/wp\/v2\/types\/product"}],"replies":[{"embeddable":true,"href":"https:\/\/urn.eu.com\/de\/wp-json\/wp\/v2\/comments?post=1985"}],"wp:featuredmedia":[{"embeddable":true,"href":"https:\/\/urn.eu.com\/de\/wp-json\/wp\/v2\/media\/1984"}],"wp:attachment":[{"href":"https:\/\/urn.eu.com\/de\/wp-json\/wp\/v2\/media?parent=1985"}],"wp:term":[{"taxonomy":"product_brand","embeddable":true,"href":"https:\/\/urn.eu.com\/de\/wp-json\/wp\/v2\/product_brand?post=1985"},{"taxonomy":"product_cat","embeddable":true,"href":"https:\/\/urn.eu.com\/de\/wp-json\/wp\/v2\/product_cat?post=1985"},{"taxonomy":"product_tag","embeddable":true,"href":"https:\/\/urn.eu.com\/de\/wp-json\/wp\/v2\/product_tag?post=1985"}],"curies":[{"name":"wp","href":"https:\/\/api.w.org\/{rel}","templated":true}]}}