{"id":1987,"date":"2013-08-10T10:09:09","date_gmt":"2013-08-10T10:09:09","guid":{"rendered":"https:\/\/urn.eu.com\/product\/handbemalte-lebensbaum-urne\/"},"modified":"2013-08-10T10:09:09","modified_gmt":"2013-08-10T10:09:09","slug":"handbemalte-lebensbaum-urne","status":"publish","type":"product","link":"https:\/\/urn.eu.com\/de\/produkt\/handbemalte-lebensbaum-urne\/","title":{"rendered":"Handbemalte Lebensbaum-Urne"},"content":{"rendered":"<h1 style=\"text-align: center;\">Handbemalte Lebensbaum-Urne<\/h1>\n<p>Gr\u00f6\u00dfe der Urne<\/p>\n<ul>\n<li>H\u00f6he: 23 cm<\/li>\n<li>Breite: 20 cm<span class=\"Apple-converted-space\"> <\/span><\/li>\n<li>Tiefe: 20 cm<\/li>\n<\/ul>\n<p>Material der Urne: Keramikurne<\/p>\n<p>&nbsp;<\/p>\n","protected":false},"excerpt":{"rendered":"<p>Handbemalte Lebensbaum-Urne Gr\u00f6\u00dfe der Urne H\u00f6he: 23 cm Breite: 20 cm Tiefe: 20 cm Material der Urne: Keramikurne &nbsp;<\/p>\n","protected":false},"featured_media":1986,"comment_status":"open","ping_status":"closed","template":"","meta":[],"product_brand":[409],"product_cat":[534],"product_tag":[520,527,612,535,524],"class_list":{"0":"post-1987","1":"product","2":"type-product","3":"status-publish","4":"has-post-thumbnail","6":"product_brand-hand-painted","7":"product_cat-keramikurne","8":"product_tag-cremation-pendant","9":"product_tag-handbemalt","10":"product_tag-handbemalte-urne","11":"product_tag-keramikurne","12":"product_tag-kremationsurne","14":"first","15":"instock","16":"shipping-taxable","17":"purchasable","18":"product-type-simple"},"jetpack_sharing_enabled":true,"_links":{"self":[{"href":"https:\/\/urn.eu.com\/de\/wp-json\/wp\/v2\/product\/1987","targetHints":{"allow":["GET"]}}],"collection":[{"href":"https:\/\/urn.eu.com\/de\/wp-json\/wp\/v2\/product"}],"about":[{"href":"https:\/\/urn.eu.com\/de\/wp-json\/wp\/v2\/types\/product"}],"replies":[{"embeddable":true,"href":"https:\/\/urn.eu.com\/de\/wp-json\/wp\/v2\/comments?post=1987"}],"wp:featuredmedia":[{"embeddable":true,"href":"https:\/\/urn.eu.com\/de\/wp-json\/wp\/v2\/media\/1986"}],"wp:attachment":[{"href":"https:\/\/urn.eu.com\/de\/wp-json\/wp\/v2\/media?parent=1987"}],"wp:term":[{"taxonomy":"product_brand","embeddable":true,"href":"https:\/\/urn.eu.com\/de\/wp-json\/wp\/v2\/product_brand?post=1987"},{"taxonomy":"product_cat","embeddable":true,"href":"https:\/\/urn.eu.com\/de\/wp-json\/wp\/v2\/product_cat?post=1987"},{"taxonomy":"product_tag","embeddable":true,"href":"https:\/\/urn.eu.com\/de\/wp-json\/wp\/v2\/product_tag?post=1987"}],"curies":[{"name":"wp","href":"https:\/\/api.w.org\/{rel}","templated":true}]}}