{"id":1998,"date":"2013-08-10T09:31:57","date_gmt":"2013-08-10T09:31:57","guid":{"rendered":"https:\/\/urn.eu.com\/product\/schwarze-kranzurne\/"},"modified":"2025-11-08T08:41:33","modified_gmt":"2025-11-08T08:41:33","slug":"schwarze-kranzurne","status":"publish","type":"product","link":"https:\/\/urn.eu.com\/de\/produkt\/schwarze-kranzurne\/","title":{"rendered":"Schwarze Kranzurne"},"content":{"rendered":"<h1 style=\"text-align: center;\">Schwarze Kranzurne<\/h1>\n<p>Gr\u00f6\u00dfe der Urne<\/p>\n<ul>\n<li>H\u00f6he: 22,5 cm<\/li>\n<li>Breite: 20,5 cm<\/li>\n<li>Tiefe: 20,5 cm<\/li>\n<\/ul>\n<p>Material der Urne: Keramikurne<\/p>\n<p>&nbsp;<\/p>\n","protected":false},"excerpt":{"rendered":"<p>Schwarze Kranzurne Gr\u00f6\u00dfe der Urne H\u00f6he: 22,5 cm Breite: 20,5 cm Tiefe: 20,5 cm Material der Urne: Keramikurne &nbsp;<\/p>\n","protected":false},"featured_media":1997,"comment_status":"open","ping_status":"closed","template":"","meta":[],"product_brand":[],"product_cat":[534],"product_tag":[526,622,535,524,545,590,621],"class_list":{"0":"post-1998","1":"product","2":"type-product","3":"status-publish","4":"has-post-thumbnail","6":"product_cat-keramikurne","7":"product_tag-ash-urn","8":"product_tag-cremare-urnen","9":"product_tag-keramikurne","10":"product_tag-kremationsurne","11":"product_tag-schwarze-urne","12":"product_tag-urne-3","13":"product_tag-urnen-grabsteine","15":"first","16":"instock","17":"shipping-taxable","18":"purchasable","19":"product-type-simple"},"jetpack_sharing_enabled":true,"_links":{"self":[{"href":"https:\/\/urn.eu.com\/de\/wp-json\/wp\/v2\/product\/1998","targetHints":{"allow":["GET"]}}],"collection":[{"href":"https:\/\/urn.eu.com\/de\/wp-json\/wp\/v2\/product"}],"about":[{"href":"https:\/\/urn.eu.com\/de\/wp-json\/wp\/v2\/types\/product"}],"replies":[{"embeddable":true,"href":"https:\/\/urn.eu.com\/de\/wp-json\/wp\/v2\/comments?post=1998"}],"wp:featuredmedia":[{"embeddable":true,"href":"https:\/\/urn.eu.com\/de\/wp-json\/wp\/v2\/media\/1997"}],"wp:attachment":[{"href":"https:\/\/urn.eu.com\/de\/wp-json\/wp\/v2\/media?parent=1998"}],"wp:term":[{"taxonomy":"product_brand","embeddable":true,"href":"https:\/\/urn.eu.com\/de\/wp-json\/wp\/v2\/product_brand?post=1998"},{"taxonomy":"product_cat","embeddable":true,"href":"https:\/\/urn.eu.com\/de\/wp-json\/wp\/v2\/product_cat?post=1998"},{"taxonomy":"product_tag","embeddable":true,"href":"https:\/\/urn.eu.com\/de\/wp-json\/wp\/v2\/product_tag?post=1998"}],"curies":[{"name":"wp","href":"https:\/\/api.w.org\/{rel}","templated":true}]}}