{"id":2002,"date":"2013-08-10T09:26:37","date_gmt":"2013-08-10T09:26:37","guid":{"rendered":"https:\/\/urn.eu.com\/product\/elegante-schwarze-glasurne\/"},"modified":"2025-11-08T08:44:26","modified_gmt":"2025-11-08T08:44:26","slug":"elegante-schwarze-glasurne","status":"publish","type":"product","link":"https:\/\/urn.eu.com\/de\/produkt\/elegante-schwarze-glasurne\/","title":{"rendered":"Elegante schwarze Glasurne"},"content":{"rendered":"<h1 style=\"text-align: center;\">Elegante schwarze Glasurne<\/h1>\n<p>Gr\u00f6\u00dfe der Urne<\/p>\n<ul>\n<li>H\u00f6he: 23 cm<\/li>\n<li>Breite: 21,5 cm<\/li>\n<li>Tiefe: 21,5 cm<\/li>\n<\/ul>\n<p>Material der Urne: Glas<\/p>\n<p>&nbsp;<\/p>\n","protected":false},"excerpt":{"rendered":"<p>Elegante schwarze Glasurne Gr\u00f6\u00dfe der Urne H\u00f6he: 23 cm Breite: 21,5 cm Tiefe: 21,5 cm Material der Urne: Glas &nbsp;<\/p>\n","protected":false},"featured_media":2001,"comment_status":"open","ping_status":"closed","template":"","meta":[],"product_brand":[],"product_cat":[518],"product_tag":[625,626,614,524,545,590,627],"class_list":{"0":"post-2002","1":"product","2":"type-product","3":"status-publish","4":"has-post-thumbnail","6":"product_cat-glasurne","7":"product_tag-aschekapsel","8":"product_tag-gedenklicht-urne","9":"product_tag-kleine-urne-fur-zu-hause","10":"product_tag-kremationsurne","11":"product_tag-schwarze-urne","12":"product_tag-urne-3","13":"product_tag-urnen-blumenschmuck","15":"first","16":"instock","17":"shipping-taxable","18":"purchasable","19":"product-type-simple"},"jetpack_sharing_enabled":true,"_links":{"self":[{"href":"https:\/\/urn.eu.com\/de\/wp-json\/wp\/v2\/product\/2002","targetHints":{"allow":["GET"]}}],"collection":[{"href":"https:\/\/urn.eu.com\/de\/wp-json\/wp\/v2\/product"}],"about":[{"href":"https:\/\/urn.eu.com\/de\/wp-json\/wp\/v2\/types\/product"}],"replies":[{"embeddable":true,"href":"https:\/\/urn.eu.com\/de\/wp-json\/wp\/v2\/comments?post=2002"}],"wp:featuredmedia":[{"embeddable":true,"href":"https:\/\/urn.eu.com\/de\/wp-json\/wp\/v2\/media\/2001"}],"wp:attachment":[{"href":"https:\/\/urn.eu.com\/de\/wp-json\/wp\/v2\/media?parent=2002"}],"wp:term":[{"taxonomy":"product_brand","embeddable":true,"href":"https:\/\/urn.eu.com\/de\/wp-json\/wp\/v2\/product_brand?post=2002"},{"taxonomy":"product_cat","embeddable":true,"href":"https:\/\/urn.eu.com\/de\/wp-json\/wp\/v2\/product_cat?post=2002"},{"taxonomy":"product_tag","embeddable":true,"href":"https:\/\/urn.eu.com\/de\/wp-json\/wp\/v2\/product_tag?post=2002"}],"curies":[{"name":"wp","href":"https:\/\/api.w.org\/{rel}","templated":true}]}}