{"id":2014,"date":"2013-08-09T22:15:14","date_gmt":"2013-08-09T22:15:14","guid":{"rendered":"https:\/\/urn.eu.com\/product\/tauben-urne\/"},"modified":"2013-08-09T22:15:14","modified_gmt":"2013-08-09T22:15:14","slug":"tauben-urne","status":"publish","type":"product","link":"https:\/\/urn.eu.com\/de\/produkt\/tauben-urne\/","title":{"rendered":"Tauben urne"},"content":{"rendered":"<h1 style=\"text-align: center;\">Tauben urne<\/h1>\n<p>Gr\u00f6\u00dfe der Urne<\/p>\n<ul>\n<li>H\u00f6he: 23 cm<\/li>\n<li>Breite: 21 cm<span class=\"Apple-converted-space\"> <\/span><\/li>\n<li>Tiefe: 21 cm<\/li>\n<\/ul>\n<p>UrMaterial der Urne: Keramikurne<\/p>\n<p>&nbsp;<\/p>\n","protected":false},"excerpt":{"rendered":"<p>Tauben urne Gr\u00f6\u00dfe der Urne H\u00f6he: 23 cm Breite: 21 cm Tiefe: 21 cm UrMaterial der Urne: Keramikurne &nbsp;<\/p>\n","protected":false},"featured_media":392,"comment_status":"open","ping_status":"closed","template":"","meta":[],"product_brand":[],"product_cat":[534],"product_tag":[526,641,566,595,535,596,598,631,632,637,638,633,597,594,599,639,636,642,634,635,640],"class_list":{"0":"post-2014","1":"product","2":"type-product","3":"status-publish","4":"has-post-thumbnail","6":"product_cat-keramikurne","7":"product_tag-ash-urn","8":"product_tag-beerdigung-urne","9":"product_tag-beisetzungsurnen","10":"product_tag-erwachsenenurnen","11":"product_tag-keramikurne","12":"product_tag-kremationsgedenken","13":"product_tag-kremationsurnen-fur-die-bestattung","14":"product_tag-taubenurne","15":"product_tag-urne-bestellen","16":"product_tag-urne-fur-zuhause","17":"product_tag-urne-nach-hause-nehmen","18":"product_tag-urne-online-kaufen","19":"product_tag-urnen-fur-kremationsasche","20":"product_tag-urnen-fur-menschliche-asche","21":"product_tag-urnen-fur-menschliche-uberreste","22":"product_tag-urnen-online-shop","23":"product_tag-urnen-preise","24":"product_tag-urnenbeisetzung-im-eigenen-garten","25":"product_tag-urnenshop","26":"product_tag-urns-for-sale","27":"product_tag-voelsing-urnen","29":"first","30":"instock","31":"shipping-taxable","32":"purchasable","33":"product-type-simple"},"jetpack_sharing_enabled":true,"_links":{"self":[{"href":"https:\/\/urn.eu.com\/de\/wp-json\/wp\/v2\/product\/2014","targetHints":{"allow":["GET"]}}],"collection":[{"href":"https:\/\/urn.eu.com\/de\/wp-json\/wp\/v2\/product"}],"about":[{"href":"https:\/\/urn.eu.com\/de\/wp-json\/wp\/v2\/types\/product"}],"replies":[{"embeddable":true,"href":"https:\/\/urn.eu.com\/de\/wp-json\/wp\/v2\/comments?post=2014"}],"wp:featuredmedia":[{"embeddable":true,"href":"https:\/\/urn.eu.com\/de\/wp-json\/wp\/v2\/media\/392"}],"wp:attachment":[{"href":"https:\/\/urn.eu.com\/de\/wp-json\/wp\/v2\/media?parent=2014"}],"wp:term":[{"taxonomy":"product_brand","embeddable":true,"href":"https:\/\/urn.eu.com\/de\/wp-json\/wp\/v2\/product_brand?post=2014"},{"taxonomy":"product_cat","embeddable":true,"href":"https:\/\/urn.eu.com\/de\/wp-json\/wp\/v2\/product_cat?post=2014"},{"taxonomy":"product_tag","embeddable":true,"href":"https:\/\/urn.eu.com\/de\/wp-json\/wp\/v2\/product_tag?post=2014"}],"curies":[{"name":"wp","href":"https:\/\/api.w.org\/{rel}","templated":true}]}}