{"id":2028,"date":"2013-08-09T21:11:43","date_gmt":"2013-08-09T21:11:43","guid":{"rendered":"https:\/\/urn.eu.com\/product\/kreuz-metallurne\/"},"modified":"2025-11-09T05:23:34","modified_gmt":"2025-11-09T05:23:34","slug":"kreuz-metallurne","status":"publish","type":"product","link":"https:\/\/urn.eu.com\/de\/produkt\/kreuz-metallurne\/","title":{"rendered":"Kreuz metallurne"},"content":{"rendered":"<h1 style=\"text-align: center;\">Kreuz metallurne<\/h1>\n<p>Gr\u00f6\u00dfe der Urne<\/p>\n<ul>\n<li>H\u00f6he: 22 cm<\/li>\n<li>Breite: 19 cm<span class=\"Apple-converted-space\"> <\/span><\/li>\n<li>Tiefe: 19 cm<\/li>\n<\/ul>\n<p>Material der Urne: metall<\/p>\n<p>&nbsp;<\/p>\n","protected":false},"excerpt":{"rendered":"<p>Kreuz metallurne Gr\u00f6\u00dfe der Urne H\u00f6he: 22 cm Breite: 19 cm Tiefe: 19 cm Material der Urne: metall &nbsp;<\/p>\n","protected":false},"featured_media":403,"comment_status":"open","ping_status":"closed","template":"","meta":[],"product_brand":[],"product_cat":[688],"product_tag":[727,698,690,721,668,729,717,689,734,728,694,696,718,708,545,705,715,706,722,733,712,713,709,704,703,699,707,730,695,702,723,701,724,732,726,716,731,725,691,720,710,700,692,693,714,711,719,697],"class_list":{"0":"post-2028","1":"product","2":"type-product","3":"status-publish","4":"has-post-thumbnail","6":"product_cat-metallurne","7":"product_tag-ashes-human","8":"product_tag-ashes-to-keepsakes","9":"product_tag-cross-urn","10":"product_tag-eine-urne","11":"product_tag-kosten-urnenbestattung-2","12":"product_tag-kreuzurne","13":"product_tag-light-urn","14":"product_tag-metallurne-2","15":"product_tag-metallurne-3","16":"product_tag-metallurnen","17":"product_tag-nice-urns","18":"product_tag-niche-urn","19":"product_tag-ornamental-urns","20":"product_tag-pretty-urns-for-ashes","21":"product_tag-schwarze-urne","22":"product_tag-special-urns","23":"product_tag-steel-urn","24":"product_tag-unusual-urns-for-human-ashes","25":"product_tag-urn-cemetery","26":"product_tag-urn-com","27":"product_tag-urn-container","28":"product_tag-urn-etsy","29":"product_tag-urn-holder","30":"product_tag-urn-shop","31":"product_tag-urn-shops-near-me","32":"product_tag-urn-store","33":"product_tag-urn-website","34":"product_tag-urne-aluminium","35":"product_tag-urne-design","36":"product_tag-urne-krematorium","37":"product_tag-urne-metall","38":"product_tag-urne-mit-heim-nehmen","39":"product_tag-urne-mit-motiv","40":"product_tag-urne-mit-nach-hause-nehmen","41":"product_tag-urne-preisliste","42":"product_tag-urne-schlicht","43":"product_tag-urne-uberfuhrung","44":"product_tag-urnen-de","45":"product_tag-urnen-design","46":"product_tag-urnen-fur-bestattung","47":"product_tag-urnen-kaufen-preise","48":"product_tag-urnen-verkauf","49":"product_tag-urnenasche","50":"product_tag-urnenaufbewahrung-zu-hause","51":"product_tag-urnendesign","52":"product_tag-urnenpreise","53":"product_tag-urnenverkauf","54":"product_tag-urns-and-keepsakes","56":"first","57":"instock","58":"shipping-taxable","59":"purchasable","60":"product-type-simple"},"jetpack_sharing_enabled":true,"_links":{"self":[{"href":"https:\/\/urn.eu.com\/de\/wp-json\/wp\/v2\/product\/2028","targetHints":{"allow":["GET"]}}],"collection":[{"href":"https:\/\/urn.eu.com\/de\/wp-json\/wp\/v2\/product"}],"about":[{"href":"https:\/\/urn.eu.com\/de\/wp-json\/wp\/v2\/types\/product"}],"replies":[{"embeddable":true,"href":"https:\/\/urn.eu.com\/de\/wp-json\/wp\/v2\/comments?post=2028"}],"wp:featuredmedia":[{"embeddable":true,"href":"https:\/\/urn.eu.com\/de\/wp-json\/wp\/v2\/media\/403"}],"wp:attachment":[{"href":"https:\/\/urn.eu.com\/de\/wp-json\/wp\/v2\/media?parent=2028"}],"wp:term":[{"taxonomy":"product_brand","embeddable":true,"href":"https:\/\/urn.eu.com\/de\/wp-json\/wp\/v2\/product_brand?post=2028"},{"taxonomy":"product_cat","embeddable":true,"href":"https:\/\/urn.eu.com\/de\/wp-json\/wp\/v2\/product_cat?post=2028"},{"taxonomy":"product_tag","embeddable":true,"href":"https:\/\/urn.eu.com\/de\/wp-json\/wp\/v2\/product_tag?post=2028"}],"curies":[{"name":"wp","href":"https:\/\/api.w.org\/{rel}","templated":true}]}}