{"id":2032,"date":"2013-08-08T20:45:50","date_gmt":"2013-08-08T20:45:50","guid":{"rendered":"https:\/\/urn.eu.com\/product\/kristall-holzurne\/"},"modified":"2013-08-08T20:45:50","modified_gmt":"2013-08-08T20:45:50","slug":"kristall-holzurne","status":"publish","type":"product","link":"https:\/\/urn.eu.com\/de\/produkt\/kristall-holzurne\/","title":{"rendered":"Kristall holzurne"},"content":{"rendered":"<h1 style=\"text-align: center;\">Kristall holzurne<\/h1>\n<p>Gr\u00f6\u00dfe der Urne<\/p>\n<ul>\n<li>H\u00f6he: 13,5 cm<\/li>\n<li>Breite: 25 cm<span class=\"Apple-converted-space\"> <\/span><\/li>\n<li>Tiefe: 21,5 cm<\/li>\n<\/ul>\n<p>Material der Urne: Holz<\/p>\n<p>&nbsp;<\/p>\n","protected":false},"excerpt":{"rendered":"<p>Kristall holzurne Gr\u00f6\u00dfe der Urne H\u00f6he: 13,5 cm Breite: 25 cm Tiefe: 21,5 cm Material der Urne: Holz &nbsp;<\/p>\n","protected":false},"featured_media":344,"comment_status":"open","ping_status":"closed","template":"","meta":[],"product_brand":[],"product_cat":[666],"product_tag":[742,548,743],"class_list":{"0":"post-2032","1":"product","2":"type-product","3":"status-publish","4":"has-post-thumbnail","6":"product_cat-holzurne","7":"product_tag-baum-urne-2","8":"product_tag-holzurne","9":"product_tag-swarovski-urne","11":"first","12":"instock","13":"shipping-taxable","14":"purchasable","15":"product-type-simple"},"jetpack_sharing_enabled":true,"_links":{"self":[{"href":"https:\/\/urn.eu.com\/de\/wp-json\/wp\/v2\/product\/2032","targetHints":{"allow":["GET"]}}],"collection":[{"href":"https:\/\/urn.eu.com\/de\/wp-json\/wp\/v2\/product"}],"about":[{"href":"https:\/\/urn.eu.com\/de\/wp-json\/wp\/v2\/types\/product"}],"replies":[{"embeddable":true,"href":"https:\/\/urn.eu.com\/de\/wp-json\/wp\/v2\/comments?post=2032"}],"wp:featuredmedia":[{"embeddable":true,"href":"https:\/\/urn.eu.com\/de\/wp-json\/wp\/v2\/media\/344"}],"wp:attachment":[{"href":"https:\/\/urn.eu.com\/de\/wp-json\/wp\/v2\/media?parent=2032"}],"wp:term":[{"taxonomy":"product_brand","embeddable":true,"href":"https:\/\/urn.eu.com\/de\/wp-json\/wp\/v2\/product_brand?post=2032"},{"taxonomy":"product_cat","embeddable":true,"href":"https:\/\/urn.eu.com\/de\/wp-json\/wp\/v2\/product_cat?post=2032"},{"taxonomy":"product_tag","embeddable":true,"href":"https:\/\/urn.eu.com\/de\/wp-json\/wp\/v2\/product_tag?post=2032"}],"curies":[{"name":"wp","href":"https:\/\/api.w.org\/{rel}","templated":true}]}}