{"id":1588,"date":"2016-08-04T11:15:19","date_gmt":"2016-08-04T11:15:19","guid":{"rendered":"https:\/\/urn.eu.com\/paginas\/entrega\/"},"modified":"2026-01-21T11:42:28","modified_gmt":"2026-01-21T11:42:28","slug":"entrega","status":"publish","type":"page","link":"https:\/\/urn.eu.com\/es\/paginas\/entrega\/","title":{"rendered":"ENTREGA"},"content":{"rendered":"\n<div class=\"row\"  id=\"row-1707716688\">\n\n\n\t<div id=\"col-1978232101\" class=\"col small-12 large-12\"  >\n\t\t\t\t<div class=\"col-inner\"  >\n\t\t\t\n\t\t\t\n\n\t<div id=\"text-1706338722\" class=\"text\">\n\t\t\n\n<p class=\"lead\">Los productos de nuestra tienda est\u00e1n disponibles en la mayor\u00eda de los pa\u00edses europeos.<\/p>\n<p>  Ofrecemos entrega a domicilio en los siguientes pa\u00edses.<\/p>\n\t\t\n<style>\n#text-1706338722 {\n  text-align: center;\n}\n<\/style>\n\t<\/div>\n\t\n\n\t\t<\/div>\n\t\t\t\t\t<\/div>\n\n\t\n\n<\/div>\n\n\t\t<div class=\"tabbed-content\">\n\t\t\t\n\t\t\t<ul class=\"nav nav-line nav-vertical nav-uppercase nav-size-normal nav-left\" role=\"tablist\"><li id=\"tab-austria---en-4-d\u00edas\" class=\"tab active has-icon\" role=\"presentation\"><a href=\"#tab_austria---en-4-d\u00edas\" role=\"tab\" aria-selected=\"true\" aria-controls=\"tab_austria---en-4-d\u00edas\"><span>AUSTRIA - en 4 d\u00edas<\/span><\/a><\/li>\n<li id=\"tab-b\u00c9lgica---5-d\u00edas\" class=\"tab has-icon\" role=\"presentation\"><a href=\"#tab_b\u00c9lgica---5-d\u00edas\" tabindex=\"-1\" role=\"tab\" aria-selected=\"false\" aria-controls=\"tab_b\u00c9lgica---5-d\u00edas\"><span>B\u00c9LGICA - 5 d\u00edas<\/span><\/a><\/li>\n<li id=\"tab-bulgaria---5-d\u00edas\" class=\"tab has-icon\" role=\"presentation\"><a href=\"#tab_bulgaria---5-d\u00edas\" tabindex=\"-1\" role=\"tab\" aria-selected=\"false\" aria-controls=\"tab_bulgaria---5-d\u00edas\"><span>BULGARIA - 5 d\u00edas<\/span><\/a><\/li>\n<li id=\"tab-rep\u00dablica-checa---4-d\u00edas\" class=\"tab has-icon\" role=\"presentation\"><a href=\"#tab_rep\u00dablica-checa---4-d\u00edas\" tabindex=\"-1\" role=\"tab\" aria-selected=\"false\" aria-controls=\"tab_rep\u00dablica-checa---4-d\u00edas\"><span>REP\u00daBLICA CHECA - 4 d\u00edas<\/span><\/a><\/li>\n<li id=\"tab-dinamarca---5-d\u00edas\" class=\"tab has-icon\" role=\"presentation\"><a href=\"#tab_dinamarca---5-d\u00edas\" tabindex=\"-1\" role=\"tab\" aria-selected=\"false\" aria-controls=\"tab_dinamarca---5-d\u00edas\"><span>DINAMARCA - 5 d\u00edas<\/span><\/a><\/li>\n<li id=\"tab-francia---5-d\u00edas\" class=\"tab has-icon\" role=\"presentation\"><a href=\"#tab_francia---5-d\u00edas\" tabindex=\"-1\" role=\"tab\" aria-selected=\"false\" aria-controls=\"tab_francia---5-d\u00edas\"><span>FRANCIA - 5 d\u00edas<\/span><\/a><\/li>\n<li id=\"tab-pa\u00cdses-bajos---5-d\u00edas\" class=\"tab has-icon\" role=\"presentation\"><a href=\"#tab_pa\u00cdses-bajos---5-d\u00edas\" tabindex=\"-1\" role=\"tab\" aria-selected=\"false\" aria-controls=\"tab_pa\u00cdses-bajos---5-d\u00edas\"><span>PA\u00cdSES BAJOS - 5 d\u00edas<\/span><\/a><\/li>\n<li id=\"tab-croacia---4-d\u00edas\" class=\"tab has-icon\" role=\"presentation\"><a href=\"#tab_croacia---4-d\u00edas\" tabindex=\"-1\" role=\"tab\" aria-selected=\"false\" aria-controls=\"tab_croacia---4-d\u00edas\"><span>CROACIA - 4 d\u00edas<\/span><\/a><\/li>\n<li id=\"tab-hungr\u00cda---2-d\u00edas\" class=\"tab has-icon\" role=\"presentation\"><a href=\"#tab_hungr\u00cda---2-d\u00edas\" tabindex=\"-1\" role=\"tab\" aria-selected=\"false\" aria-controls=\"tab_hungr\u00cda---2-d\u00edas\"><span>HUNGR\u00cdA - 2 d\u00edas<\/span><\/a><\/li>\n<li id=\"tab-polonia---4-d\u00edas\" class=\"tab has-icon\" role=\"presentation\"><a href=\"#tab_polonia---4-d\u00edas\" tabindex=\"-1\" role=\"tab\" aria-selected=\"false\" aria-controls=\"tab_polonia---4-d\u00edas\"><span>POLONIA - 4 d\u00edas<\/span><\/a><\/li>\n<li id=\"tab-luxemburgo---5-d\u00edas\" class=\"tab has-icon\" role=\"presentation\"><a href=\"#tab_luxemburgo---5-d\u00edas\" tabindex=\"-1\" role=\"tab\" aria-selected=\"false\" aria-controls=\"tab_luxemburgo---5-d\u00edas\"><span>LUXEMBURGO - 5 d\u00edas<\/span><\/a><\/li>\n<li id=\"tab-alemania---4-d\u00edas\" class=\"tab has-icon\" role=\"presentation\"><a href=\"#tab_alemania---4-d\u00edas\" tabindex=\"-1\" role=\"tab\" aria-selected=\"false\" aria-controls=\"tab_alemania---4-d\u00edas\"><span>ALEMANIA - 4 d\u00edas<\/span><\/a><\/li>\n<li id=\"tab-italia---5-d\u00edas\" class=\"tab has-icon\" role=\"presentation\"><a href=\"#tab_italia---5-d\u00edas\" tabindex=\"-1\" role=\"tab\" aria-selected=\"false\" aria-controls=\"tab_italia---5-d\u00edas\"><span>ITALIA - 5 d\u00edas<\/span><\/a><\/li>\n<li id=\"tab-ruman\u00cda---4-d\u00edas\" class=\"tab has-icon\" role=\"presentation\"><a href=\"#tab_ruman\u00cda---4-d\u00edas\" tabindex=\"-1\" role=\"tab\" aria-selected=\"false\" aria-controls=\"tab_ruman\u00cda---4-d\u00edas\"><span>RUMAN\u00cdA - 4 d\u00edas<\/span><\/a><\/li>\n<li id=\"tab-espa\u00d1a---6-d\u00edas\" class=\"tab has-icon\" role=\"presentation\"><a href=\"#tab_espa\u00d1a---6-d\u00edas\" tabindex=\"-1\" role=\"tab\" aria-selected=\"false\" aria-controls=\"tab_espa\u00d1a---6-d\u00edas\"><span>ESPA\u00d1A - 6 d\u00edas<\/span><\/a><\/li>\n<li id=\"tab-eslovaquia---3-d\u00edas\" class=\"tab has-icon\" role=\"presentation\"><a href=\"#tab_eslovaquia---3-d\u00edas\" tabindex=\"-1\" role=\"tab\" aria-selected=\"false\" aria-controls=\"tab_eslovaquia---3-d\u00edas\"><span>ESLOVAQUIA - 3 d\u00edas<\/span><\/a><\/li>\n<li id=\"tab-eslovenia---4-d\u00edas\" class=\"tab has-icon\" role=\"presentation\"><a href=\"#tab_eslovenia---4-d\u00edas\" tabindex=\"-1\" role=\"tab\" aria-selected=\"false\" aria-controls=\"tab_eslovenia---4-d\u00edas\"><span>ESLOVENIA - 4 d\u00edas<\/span><\/a><\/li>\n<li id=\"tab-ucrania---2-5-d\u00cdas-(excepto-estos-lugares-07270-chornobyl,-95000-98999-simferopol,-99000-99999-sevastopol-)\" class=\"tab has-icon\" role=\"presentation\"><a href=\"#tab_ucrania---2-5-d\u00cdas-(excepto-estos-lugares-07270-chornobyl,-95000-98999-simferopol,-99000-99999-sevastopol-)\" tabindex=\"-1\" role=\"tab\" aria-selected=\"false\" aria-controls=\"tab_ucrania---2-5-d\u00cdas-(excepto-estos-lugares-07270-chornobyl,-95000-98999-simferopol,-99000-99999-sevastopol-)\"><span>UCRANIA - 2-5 D\u00cdAS (excepto estos lugares 07270 chornobyl, 95000-98999 Simferopol, 99000-99999 Sevastopol )<\/span><\/a><\/li><\/ul><div class=\"tab-panels\"><div id=\"tab_austria---en-4-d\u00edas\" class=\"panel active entry-content\" role=\"tabpanel\" aria-labelledby=\"tab-austria---en-4-d\u00edas\">\n\n\t<div class=\"img has-hover x md-x lg-x y md-y lg-y\" id=\"image_1128834953\">\n\t\t\t\t\t\t\t\t<div class=\"img-inner dark\" >\n\t\t\t<img loading=\"lazy\" decoding=\"async\" width=\"800\" height=\"800\" src=\"https:\/\/urn.eu.com\/wp-content\/uploads\/2025\/08\/urn-webshop.jpeg\" class=\"attachment-large size-large\" alt=\"urn-webshop\" srcset=\"https:\/\/urn.eu.com\/wp-content\/uploads\/2025\/08\/urn-webshop.jpeg 800w, https:\/\/urn.eu.com\/wp-content\/uploads\/2025\/08\/urn-webshop-400x400.jpeg 400w, https:\/\/urn.eu.com\/wp-content\/uploads\/2025\/08\/urn-webshop-280x280.jpeg 280w, https:\/\/urn.eu.com\/wp-content\/uploads\/2025\/08\/urn-webshop-768x768.jpeg 768w, https:\/\/urn.eu.com\/wp-content\/uploads\/2025\/08\/urn-webshop-300x300.jpeg 300w, https:\/\/urn.eu.com\/wp-content\/uploads\/2025\/08\/urn-webshop-600x600.jpeg 600w, https:\/\/urn.eu.com\/wp-content\/uploads\/2025\/08\/urn-webshop-100x100.jpeg 100w\" sizes=\"auto, (max-width: 800px) 100vw, 800px\" \/>\t\t\t\t\t\t\n\t\t\t\t\t<\/div>\n\t\t\t\t\t\t\t\t\n<style>\n#image_1128834953 {\n  width: 100%;\n}\n<\/style>\n\t<\/div>\n\t\n\n\n<\/div>\n<div id=\"tab_b\u00c9lgica---5-d\u00edas\" class=\"panel entry-content\" role=\"tabpanel\" aria-labelledby=\"tab-b\u00c9lgica---5-d\u00edas\">\n\n\n\t<script type=\"text\/javascript\">\n  jQuery( document ).ready(function() {\n    function initialize() {\n        var styles = {\n            'flatsome':  [{\n            \"featureType\": \"administrative\",\n            \"stylers\": [\n              { \"visibility\": \"on\" }\n            ]\n          },\n          {\n            \"featureType\": \"road\",\n            \"stylers\": [\n              { \"visibility\": \"on\" },\n              { \"hue\": \"\" }\n            ]\n          },\n          {\n            \"stylers\": [\n\t\t\t  { \"visibility\": \"on\" },\n\t\t\t  { \"hue\": \"\" },\n\t\t\t  { \"saturation\": -30 }\n            ]\n          }\n        ]};\n\n        var myLatlng = new google.maps.LatLng(40.79028, -73.95972);\n        var myOptions = {\n            zoom: 17,\n            center: myLatlng,\n            mapTypeId: google.maps.MapTypeId.ROADMAP,\n            disableDefaultUI: true,\n            mapTypeId: 'flatsome',\n            draggable: true,\n            zoomControl: false,\n            zoomControlOptions: {\n              position: google.maps.ControlPosition.TOP_LEFT\n            },\n      \t\t\tmapTypeControl: false,\n            mapTypeControlOptions: {\n              position: google.maps.ControlPosition.TOP_LEFT\n            },\n      \t\t\tstreetViewControl: false,\n            streetViewControlOptions: {\n              position: google.maps.ControlPosition.TOP_LEFT\n            },\n            scrollwheel: false,\n            disableDoubleClickZoom: true\n        }\n        var map = new google.maps.Map(document.getElementById(\"map-410806751-inner\"), myOptions);\n        var styledMapType = new google.maps.StyledMapType(styles['flatsome'], {name: 'flatsome'});\n        map.mapTypes.set('flatsome', styledMapType);\n\n        var marker = new google.maps.Marker({\n            position: myLatlng,\n            map: map,\n            title:\"\"\n        });\n    }\n\n    \/\/ Required to proceed\n    if (!(typeof google === 'object' && typeof google.maps === 'object')) {\n      return\n    }\n\n    initialize()\n    google.maps.event.addDomListener(window, 'resize', initialize);\n    });\n    <\/script>\n\n    <div class=\"google-map relative mb\" id=\"map-410806751\">\n        <div class=\"map-height\" id=\"map-410806751-inner\"><\/div>\n        <div id=\"map_overlay_top\"><\/div>\n        <div id=\"map_overlay_bottom\"><\/div>\n                  <div class=\"map_inner map-inner last-reset absolute x95 md-x95 lg-x95 y95 md-y95 lg-y95\">\n              \n\n<p>Introduzca la direcci\u00f3n aqu\u00ed. O cualquier otra informaci\u00f3n que desee.<\/p>\n\n         <\/div>\n       \n       \n<style>\n#map-410806751 .map-inner {\n  background-color: #fff;\n  max-width: 30%;\n}\n#map-410806751 .map-height {\n  height: 400px;\n}\n<\/style>\n    <\/div>\n\n\t\n\n<\/div>\n<div id=\"tab_bulgaria---5-d\u00edas\" class=\"panel entry-content\" role=\"tabpanel\" aria-labelledby=\"tab-bulgaria---5-d\u00edas\">\n\n\n\t<script type=\"text\/javascript\">\n  jQuery( document ).ready(function() {\n    function initialize() {\n        var styles = {\n            'flatsome':  [{\n            \"featureType\": \"administrative\",\n            \"stylers\": [\n              { \"visibility\": \"on\" }\n            ]\n          },\n          {\n            \"featureType\": \"road\",\n            \"stylers\": [\n              { \"visibility\": \"on\" },\n              { \"hue\": \"\" }\n            ]\n          },\n          {\n            \"stylers\": [\n\t\t\t  { \"visibility\": \"on\" },\n\t\t\t  { \"hue\": \"\" },\n\t\t\t  { \"saturation\": -30 }\n            ]\n          }\n        ]};\n\n        var myLatlng = new google.maps.LatLng(40.79028, -73.95972);\n        var myOptions = {\n            zoom: 17,\n            center: myLatlng,\n            mapTypeId: google.maps.MapTypeId.ROADMAP,\n            disableDefaultUI: true,\n            mapTypeId: 'flatsome',\n            draggable: true,\n            zoomControl: false,\n            zoomControlOptions: {\n              position: google.maps.ControlPosition.TOP_LEFT\n            },\n      \t\t\tmapTypeControl: false,\n            mapTypeControlOptions: {\n              position: google.maps.ControlPosition.TOP_LEFT\n            },\n      \t\t\tstreetViewControl: false,\n            streetViewControlOptions: {\n              position: google.maps.ControlPosition.TOP_LEFT\n            },\n            scrollwheel: false,\n            disableDoubleClickZoom: true\n        }\n        var map = new google.maps.Map(document.getElementById(\"map-4076168796-inner\"), myOptions);\n        var styledMapType = new google.maps.StyledMapType(styles['flatsome'], {name: 'flatsome'});\n        map.mapTypes.set('flatsome', styledMapType);\n\n        var marker = new google.maps.Marker({\n            position: myLatlng,\n            map: map,\n            title:\"\"\n        });\n    }\n\n    \/\/ Required to proceed\n    if (!(typeof google === 'object' && typeof google.maps === 'object')) {\n      return\n    }\n\n    initialize()\n    google.maps.event.addDomListener(window, 'resize', initialize);\n    });\n    <\/script>\n\n    <div class=\"google-map relative mb\" id=\"map-4076168796\">\n        <div class=\"map-height\" id=\"map-4076168796-inner\"><\/div>\n        <div id=\"map_overlay_top\"><\/div>\n        <div id=\"map_overlay_bottom\"><\/div>\n                  <div class=\"map_inner map-inner last-reset absolute x95 md-x95 lg-x95 y95 md-y95 lg-y95\">\n              \n\n<p>Introduzca la direcci\u00f3n aqu\u00ed. O cualquier otra informaci\u00f3n que desee.<\/p>\n\n         <\/div>\n       \n       \n<style>\n#map-4076168796 .map-inner {\n  background-color: #fff;\n  max-width: 30%;\n}\n#map-4076168796 .map-height {\n  height: 400px;\n}\n<\/style>\n    <\/div>\n\n\t\n\n<\/div>\n<div id=\"tab_rep\u00dablica-checa---4-d\u00edas\" class=\"panel entry-content\" role=\"tabpanel\" aria-labelledby=\"tab-rep\u00dablica-checa---4-d\u00edas\">\n\n\n\t<script type=\"text\/javascript\">\n  jQuery( document ).ready(function() {\n    function initialize() {\n        var styles = {\n            'flatsome':  [{\n            \"featureType\": \"administrative\",\n            \"stylers\": [\n              { \"visibility\": \"on\" }\n            ]\n          },\n          {\n            \"featureType\": \"road\",\n            \"stylers\": [\n              { \"visibility\": \"on\" },\n              { \"hue\": \"\" }\n            ]\n          },\n          {\n            \"stylers\": [\n\t\t\t  { \"visibility\": \"on\" },\n\t\t\t  { \"hue\": \"\" },\n\t\t\t  { \"saturation\": -30 }\n            ]\n          }\n        ]};\n\n        var myLatlng = new google.maps.LatLng(40.79028, -73.95972);\n        var myOptions = {\n            zoom: 17,\n            center: myLatlng,\n            mapTypeId: google.maps.MapTypeId.ROADMAP,\n            disableDefaultUI: true,\n            mapTypeId: 'flatsome',\n            draggable: true,\n            zoomControl: false,\n            zoomControlOptions: {\n              position: google.maps.ControlPosition.TOP_LEFT\n            },\n      \t\t\tmapTypeControl: false,\n            mapTypeControlOptions: {\n              position: google.maps.ControlPosition.TOP_LEFT\n            },\n      \t\t\tstreetViewControl: false,\n            streetViewControlOptions: {\n              position: google.maps.ControlPosition.TOP_LEFT\n            },\n            scrollwheel: false,\n            disableDoubleClickZoom: true\n        }\n        var map = new google.maps.Map(document.getElementById(\"map-2747014490-inner\"), myOptions);\n        var styledMapType = new google.maps.StyledMapType(styles['flatsome'], {name: 'flatsome'});\n        map.mapTypes.set('flatsome', styledMapType);\n\n        var marker = new google.maps.Marker({\n            position: myLatlng,\n            map: map,\n            title:\"\"\n        });\n    }\n\n    \/\/ Required to proceed\n    if (!(typeof google === 'object' && typeof google.maps === 'object')) {\n      return\n    }\n\n    initialize()\n    google.maps.event.addDomListener(window, 'resize', initialize);\n    });\n    <\/script>\n\n    <div class=\"google-map relative mb\" id=\"map-2747014490\">\n        <div class=\"map-height\" id=\"map-2747014490-inner\"><\/div>\n        <div id=\"map_overlay_top\"><\/div>\n        <div id=\"map_overlay_bottom\"><\/div>\n                  <div class=\"map_inner map-inner last-reset absolute x95 md-x95 lg-x95 y95 md-y95 lg-y95\">\n              \n\n<p>Introduzca la direcci\u00f3n aqu\u00ed. O cualquier otra informaci\u00f3n que desee.<\/p>\n\n         <\/div>\n       \n       \n<style>\n#map-2747014490 .map-inner {\n  background-color: #fff;\n  max-width: 30%;\n}\n#map-2747014490 .map-height {\n  height: 400px;\n}\n<\/style>\n    <\/div>\n\n\t\n\n<\/div>\n<div id=\"tab_dinamarca---5-d\u00edas\" class=\"panel entry-content\" role=\"tabpanel\" aria-labelledby=\"tab-dinamarca---5-d\u00edas\">\n\n\n\t<script type=\"text\/javascript\">\n  jQuery( document ).ready(function() {\n    function initialize() {\n        var styles = {\n            'flatsome':  [{\n            \"featureType\": \"administrative\",\n            \"stylers\": [\n              { \"visibility\": \"on\" }\n            ]\n          },\n          {\n            \"featureType\": \"road\",\n            \"stylers\": [\n              { \"visibility\": \"on\" },\n              { \"hue\": \"\" }\n            ]\n          },\n          {\n            \"stylers\": [\n\t\t\t  { \"visibility\": \"on\" },\n\t\t\t  { \"hue\": \"\" },\n\t\t\t  { \"saturation\": -30 }\n            ]\n          }\n        ]};\n\n        var myLatlng = new google.maps.LatLng(40.79028, -73.95972);\n        var myOptions = {\n            zoom: 17,\n            center: myLatlng,\n            mapTypeId: google.maps.MapTypeId.ROADMAP,\n            disableDefaultUI: true,\n            mapTypeId: 'flatsome',\n            draggable: true,\n            zoomControl: false,\n            zoomControlOptions: {\n              position: google.maps.ControlPosition.TOP_LEFT\n            },\n      \t\t\tmapTypeControl: false,\n            mapTypeControlOptions: {\n              position: google.maps.ControlPosition.TOP_LEFT\n            },\n      \t\t\tstreetViewControl: false,\n            streetViewControlOptions: {\n              position: google.maps.ControlPosition.TOP_LEFT\n            },\n            scrollwheel: false,\n            disableDoubleClickZoom: true\n        }\n        var map = new google.maps.Map(document.getElementById(\"map-1945687990-inner\"), myOptions);\n        var styledMapType = new google.maps.StyledMapType(styles['flatsome'], {name: 'flatsome'});\n        map.mapTypes.set('flatsome', styledMapType);\n\n        var marker = new google.maps.Marker({\n            position: myLatlng,\n            map: map,\n            title:\"\"\n        });\n    }\n\n    \/\/ Required to proceed\n    if (!(typeof google === 'object' && typeof google.maps === 'object')) {\n      return\n    }\n\n    initialize()\n    google.maps.event.addDomListener(window, 'resize', initialize);\n    });\n    <\/script>\n\n    <div class=\"google-map relative mb\" id=\"map-1945687990\">\n        <div class=\"map-height\" id=\"map-1945687990-inner\"><\/div>\n        <div id=\"map_overlay_top\"><\/div>\n        <div id=\"map_overlay_bottom\"><\/div>\n                  <div class=\"map_inner map-inner last-reset absolute x95 md-x95 lg-x95 y95 md-y95 lg-y95\">\n              \n\n<p>Introduzca la direcci\u00f3n aqu\u00ed. O cualquier otra informaci\u00f3n que desee.<\/p>\n\n         <\/div>\n       \n       \n<style>\n#map-1945687990 .map-inner {\n  background-color: #fff;\n  max-width: 30%;\n}\n#map-1945687990 .map-height {\n  height: 400px;\n}\n<\/style>\n    <\/div>\n\n\t\n\n<\/div>\n<div id=\"tab_francia---5-d\u00edas\" class=\"panel entry-content\" role=\"tabpanel\" aria-labelledby=\"tab-francia---5-d\u00edas\">\n\n\n<\/div>\n<div id=\"tab_pa\u00cdses-bajos---5-d\u00edas\" class=\"panel entry-content\" role=\"tabpanel\" aria-labelledby=\"tab-pa\u00cdses-bajos---5-d\u00edas\">\n\n\n<\/div>\n<div id=\"tab_croacia---4-d\u00edas\" class=\"panel entry-content\" role=\"tabpanel\" aria-labelledby=\"tab-croacia---4-d\u00edas\">\n\n\n<\/div>\n<div id=\"tab_hungr\u00cda---2-d\u00edas\" class=\"panel entry-content\" role=\"tabpanel\" aria-labelledby=\"tab-hungr\u00cda---2-d\u00edas\">\n\n\n<\/div>\n<div id=\"tab_polonia---4-d\u00edas\" class=\"panel entry-content\" role=\"tabpanel\" aria-labelledby=\"tab-polonia---4-d\u00edas\">\n\n\n<\/div>\n<div id=\"tab_luxemburgo---5-d\u00edas\" class=\"panel entry-content\" role=\"tabpanel\" aria-labelledby=\"tab-luxemburgo---5-d\u00edas\">\n\n\n<\/div>\n<div id=\"tab_alemania---4-d\u00edas\" class=\"panel entry-content\" role=\"tabpanel\" aria-labelledby=\"tab-alemania---4-d\u00edas\">\n\n\n<\/div>\n<div id=\"tab_italia---5-d\u00edas\" class=\"panel entry-content\" role=\"tabpanel\" aria-labelledby=\"tab-italia---5-d\u00edas\">\n\n\n<\/div>\n<div id=\"tab_ruman\u00cda---4-d\u00edas\" class=\"panel entry-content\" role=\"tabpanel\" aria-labelledby=\"tab-ruman\u00cda---4-d\u00edas\">\n\n\n<\/div>\n<div id=\"tab_espa\u00d1a---6-d\u00edas\" class=\"panel entry-content\" role=\"tabpanel\" aria-labelledby=\"tab-espa\u00d1a---6-d\u00edas\">\n\n\t<div class=\"img has-hover x md-x lg-x y md-y lg-y\" id=\"image_161747436\">\n\t\t\t\t\t\t\t\t<div class=\"img-inner dark\" >\n\t\t\t<img loading=\"lazy\" decoding=\"async\" width=\"800\" height=\"800\" src=\"https:\/\/urn.eu.com\/wp-content\/uploads\/2025\/08\/urn-webshop.jpeg\" class=\"attachment-large size-large\" alt=\"urn-webshop\" srcset=\"https:\/\/urn.eu.com\/wp-content\/uploads\/2025\/08\/urn-webshop.jpeg 800w, https:\/\/urn.eu.com\/wp-content\/uploads\/2025\/08\/urn-webshop-400x400.jpeg 400w, https:\/\/urn.eu.com\/wp-content\/uploads\/2025\/08\/urn-webshop-280x280.jpeg 280w, https:\/\/urn.eu.com\/wp-content\/uploads\/2025\/08\/urn-webshop-768x768.jpeg 768w, https:\/\/urn.eu.com\/wp-content\/uploads\/2025\/08\/urn-webshop-300x300.jpeg 300w, https:\/\/urn.eu.com\/wp-content\/uploads\/2025\/08\/urn-webshop-600x600.jpeg 600w, https:\/\/urn.eu.com\/wp-content\/uploads\/2025\/08\/urn-webshop-100x100.jpeg 100w\" sizes=\"auto, (max-width: 800px) 100vw, 800px\" \/>\t\t\t\t\t\t\n\t\t\t\t\t<\/div>\n\t\t\t\t\t\t\t\t\n<style>\n#image_161747436 {\n  width: 100%;\n}\n<\/style>\n\t<\/div>\n\t\n\n\n<\/div>\n<div id=\"tab_eslovaquia---3-d\u00edas\" class=\"panel entry-content\" role=\"tabpanel\" aria-labelledby=\"tab-eslovaquia---3-d\u00edas\">\n\n\n<\/div>\n<div id=\"tab_eslovenia---4-d\u00edas\" class=\"panel entry-content\" role=\"tabpanel\" aria-labelledby=\"tab-eslovenia---4-d\u00edas\">\n\n\t<div class=\"img has-hover x md-x lg-x y md-y lg-y\" id=\"image_349847942\">\n\t\t\t\t\t\t\t\t<div class=\"img-inner dark\" >\n\t\t\t<img loading=\"lazy\" decoding=\"async\" width=\"800\" height=\"800\" src=\"https:\/\/urn.eu.com\/wp-content\/uploads\/2025\/08\/urn-webshop.jpeg\" class=\"attachment-large size-large\" alt=\"urn-webshop\" srcset=\"https:\/\/urn.eu.com\/wp-content\/uploads\/2025\/08\/urn-webshop.jpeg 800w, https:\/\/urn.eu.com\/wp-content\/uploads\/2025\/08\/urn-webshop-400x400.jpeg 400w, https:\/\/urn.eu.com\/wp-content\/uploads\/2025\/08\/urn-webshop-280x280.jpeg 280w, https:\/\/urn.eu.com\/wp-content\/uploads\/2025\/08\/urn-webshop-768x768.jpeg 768w, https:\/\/urn.eu.com\/wp-content\/uploads\/2025\/08\/urn-webshop-300x300.jpeg 300w, https:\/\/urn.eu.com\/wp-content\/uploads\/2025\/08\/urn-webshop-600x600.jpeg 600w, https:\/\/urn.eu.com\/wp-content\/uploads\/2025\/08\/urn-webshop-100x100.jpeg 100w\" sizes=\"auto, (max-width: 800px) 100vw, 800px\" \/>\t\t\t\t\t\t\n\t\t\t\t\t<\/div>\n\t\t\t\t\t\t\t\t\n<style>\n#image_349847942 {\n  width: 100%;\n}\n<\/style>\n\t<\/div>\n\t\n\n\n<\/div>\n<div id=\"tab_ucrania---2-5-d\u00cdas-(excepto-estos-lugares-07270-chornobyl,-95000-98999-simferopol,-99000-99999-sevastopol-)\" class=\"panel entry-content\" role=\"tabpanel\" aria-labelledby=\"tab-ucrania---2-5-d\u00cdas-(excepto-estos-lugares-07270-chornobyl,-95000-98999-simferopol,-99000-99999-sevastopol-)\">\n\n\n<\/div><\/div><\/div>\n\n","protected":false},"excerpt":{"rendered":"","protected":false},"author":1,"featured_media":653,"parent":1196,"menu_order":0,"comment_status":"closed","ping_status":"closed","template":"page-blank.php","meta":{"footnotes":""},"class_list":["post-1588","page","type-page","status-publish","has-post-thumbnail","hentry"],"jetpack_sharing_enabled":true,"_links":{"self":[{"href":"https:\/\/urn.eu.com\/es\/wp-json\/wp\/v2\/pages\/1588","targetHints":{"allow":["GET"]}}],"collection":[{"href":"https:\/\/urn.eu.com\/es\/wp-json\/wp\/v2\/pages"}],"about":[{"href":"https:\/\/urn.eu.com\/es\/wp-json\/wp\/v2\/types\/page"}],"author":[{"embeddable":true,"href":"https:\/\/urn.eu.com\/es\/wp-json\/wp\/v2\/users\/1"}],"replies":[{"embeddable":true,"href":"https:\/\/urn.eu.com\/es\/wp-json\/wp\/v2\/comments?post=1588"}],"version-history":[{"count":2,"href":"https:\/\/urn.eu.com\/es\/wp-json\/wp\/v2\/pages\/1588\/revisions"}],"predecessor-version":[{"id":1625,"href":"https:\/\/urn.eu.com\/es\/wp-json\/wp\/v2\/pages\/1588\/revisions\/1625"}],"up":[{"embeddable":true,"href":"https:\/\/urn.eu.com\/es\/wp-json\/wp\/v2\/pages\/1196"}],"wp:featuredmedia":[{"embeddable":true,"href":"https:\/\/urn.eu.com\/es\/wp-json\/wp\/v2\/media\/653"}],"wp:attachment":[{"href":"https:\/\/urn.eu.com\/es\/wp-json\/wp\/v2\/media?parent=1588"}],"curies":[{"name":"wp","href":"https:\/\/api.w.org\/{rel}","templated":true}]}}