{"id":1316,"date":"2016-03-31T15:07:47","date_gmt":"2016-03-31T15:07:47","guid":{"rendered":"https:\/\/urn.eu.com\/formularze\/"},"modified":"2025-10-31T11:16:15","modified_gmt":"2025-10-31T11:16:15","slug":"formularze","status":"publish","type":"page","link":"https:\/\/urn.eu.com\/pl\/formularze\/","title":{"rendered":"Formularze"},"content":{"rendered":"\n  <div class=\"banner has-hover has-parallax\" id=\"banner-1879090177\">\n          <div class=\"banner-inner fill\">\n        <div class=\"banner-bg fill\" data-parallax=\"-3\" data-parallax-container=\".banner\" data-parallax-background>\n            <img loading=\"lazy\" decoding=\"async\" width=\"1000\" height=\"650\" src=\"https:\/\/urn.eu.com\/wp-content\/uploads\/2016\/08\/dummy-2.jpg\" class=\"bg attachment-large size-large\" alt=\"\" \/>                        <div class=\"overlay\"><\/div>            \n                    <\/div>\n\t\t\n        <div class=\"banner-layers container\">\n            <div class=\"fill banner-link\"><\/div>            \n   <div id=\"text-box-752476397\" class=\"text-box banner-layer x50 md-x50 lg-x50 y50 md-y50 lg-y50 res-text\">\n              <div data-parallax=\"-4\" data-parallax-fade=\"true\">                  <div class=\"text-box-content text dark text-shadow-1\">\n              \n              <div class=\"text-inner text-center\">\n                  \n<h3 class=\"uppercase\"><strong>Tw\u00f3rz pot\u0119\u017cne formularze<\/strong><\/h3>\n<p class=\"lead\">Tw\u00f3rz pot\u0119\u017cne formularze za pomoc\u0105 zintegrowanej wtyczki Contact Form 7.<\/p>\n              <\/div>\n           <\/div>\n              <\/div>              \n<style>\n#text-box-752476397 {\n  width: 60%;\n}\n#text-box-752476397 .text-box-content {\n  font-size: 100%;\n}\n<\/style>\n    <\/div>\n \n        <\/div>\n      <\/div>\n\n            \n<style>\n#banner-1879090177 {\n  padding-top: 261px;\n}\n#banner-1879090177 .overlay {\n  background-color: rgba(0, 0, 0, 0.09);\n}\n#banner-1879090177 .banner-bg img {\n  object-position: 54% 100%;\n}\n<\/style>\n  <\/div>\n\n\n\n\t<section class=\"section has-mask mask-arrow\" id=\"section_695360822\">\n\t\t<div class=\"section-bg fill\" >\n\t\t\t\t\t\t\t\t\t\n\t\t\t\n\n\t\t<\/div>\n\n\t\t\n\n\t\t<div class=\"section-content relative\">\n\t\t\t\n<div class=\"row\"  id=\"row-1209431612\">\n\n\t<div id=\"col-524063157\" class=\"col medium-6 small-12 large-6\"  >\n\t\t\t\t<div class=\"col-inner\"  >\n\t\t\t\n\t\t\t\n<div class=\"container section-title-container\" ><h3 class=\"section-title section-title-normal\"><b aria-hidden=\"true\"><\/b><span class=\"section-title-main\" style=\"font-size:undefined%;\">Prosty formularz kontaktowy<\/span><b aria-hidden=\"true\"><\/b><\/h3><\/div>\n<p>(wstaw tutaj formularz kontaktowy)<\/p>\n\t\t<\/div>\n\t\t\t\t\t<\/div>\n\n\t\n\n\t<div id=\"col-882734302\" class=\"col medium-6 small-12 large-6\"  >\n\t\t\t\t<div class=\"col-inner\"  >\n\t\t\t\n\t\t\t\n<div class=\"container section-title-container\" ><h3 class=\"section-title section-title-normal\"><b aria-hidden=\"true\"><\/b><span class=\"section-title-main\" style=\"font-size:undefined%;\">Rejestracja do newslettera<\/span><b aria-hidden=\"true\"><\/b><\/h3><\/div>\n<p>(wstaw tutaj formularz kontaktowy)<\/p>\n<div class=\"container section-title-container\" ><h3 class=\"section-title section-title-normal\"><b aria-hidden=\"true\"><\/b><span class=\"section-title-main\" style=\"font-size:undefined%;\">Rejestracja do newslettera 2<\/span><b aria-hidden=\"true\"><\/b><\/h3><\/div>\n<p>(wstaw tutaj formularz kontaktowy)<\/p>\n<div class=\"container section-title-container\" ><h3 class=\"section-title section-title-normal\"><b aria-hidden=\"true\"><\/b><span class=\"section-title-main\" style=\"font-size:undefined%;\">Rejestracja do newslettera 2<\/span><b aria-hidden=\"true\"><\/b><\/h3><\/div>\n<p>(wstaw tutaj formularz kontaktowy)<\/p>\n<p class=\"lead\">Te formularze s\u0105 do\u0142\u0105czone jako szablony Contact Form 7.<\/p>\n\t\t<\/div>\n\t\t\t\t\t<\/div>\n\n\t\n<\/div>\n\t\t<\/div>\n\n\t\t\n<style>\n#section_695360822 {\n  padding-top: 45px;\n  padding-bottom: 45px;\n  background-color: rgb(255, 255, 255);\n}\n<\/style>\n\t<\/section>\n\t\n\n\t<section class=\"section dark has-mask mask-arrow\" id=\"section_385137894\">\n\t\t<div class=\"section-bg fill\" >\n\t\t\t\t\t\t\t\t\t\n\t\t\t\n\n\t\t<\/div>\n\n\t\t\n\n\t\t<div class=\"section-content relative\">\n\t\t\t\n<div class=\"row\"  id=\"row-1160859565\">\n\n\t<div id=\"col-1114083207\" class=\"col medium-6 small-12 large-6\"  >\n\t\t\t\t<div class=\"col-inner\"  >\n\t\t\t\n\t\t\t\n<div class=\"container section-title-container\" ><h3 class=\"section-title section-title-normal\"><b aria-hidden=\"true\"><\/b><span class=\"section-title-main\" >P\u0142aski formularz kontaktowy<\/span><b aria-hidden=\"true\"><\/b><\/h3><\/div>\n<p>(wstaw tutaj formularz kontaktowy)<\/p>\n\t\t<\/div>\n\t\t\t\t\t<\/div>\n\n\t\n\n\t<div id=\"col-220912845\" class=\"col medium-6 small-12 large-6\"  >\n\t\t\t\t<div class=\"col-inner\"  >\n\t\t\t\n\t\t\t\n<div class=\"container section-title-container\" ><h3 class=\"section-title section-title-normal\"><b aria-hidden=\"true\"><\/b><span class=\"section-title-main\" style=\"font-size:undefined%;\">Rejestracja do newslettera<\/span><b aria-hidden=\"true\"><\/b><\/h3><\/div>\n<p>(wstaw tutaj formularz kontaktowy)<\/p>\n<div class=\"container section-title-container\" ><h3 class=\"section-title section-title-normal\"><b aria-hidden=\"true\"><\/b><span class=\"section-title-main\" style=\"font-size:undefined%;\">Rejestracja do newslettera 2<\/span><b aria-hidden=\"true\"><\/b><\/h3><\/div>\n<p>(wstaw tutaj formularz kontaktowy)<\/p>\n<div class=\"container section-title-container\" ><h3 class=\"section-title section-title-normal\"><b aria-hidden=\"true\"><\/b><span class=\"section-title-main\" style=\"font-size:undefined%;\">Rejestracja do newslettera 2<\/span><b aria-hidden=\"true\"><\/b><\/h3><\/div>\n<p>(wstaw tutaj formularz kontaktowy)<\/p>\n<p class=\"lead\">Te formularze s\u0105 do\u0142\u0105czone jako szablony Contact Form 7.<\/p>\n\t\t<\/div>\n\t\t\t\t\t<\/div>\n\n\t\n<\/div>\n\t\t<\/div>\n\n\t\t\n<style>\n#section_385137894 {\n  padding-top: 60px;\n  padding-bottom: 60px;\n  min-height: 300px;\n  background-color: rgb(0, 0, 0);\n}\n<\/style>\n\t<\/section>\n\t\n","protected":false},"excerpt":{"rendered":"","protected":false},"author":1,"featured_media":628,"parent":0,"menu_order":99,"comment_status":"closed","ping_status":"closed","template":"page-blank.php","meta":{"footnotes":""},"class_list":["post-1316","page","type-page","status-publish","has-post-thumbnail","hentry"],"jetpack_sharing_enabled":true,"_links":{"self":[{"href":"https:\/\/urn.eu.com\/pl\/wp-json\/wp\/v2\/pages\/1316","targetHints":{"allow":["GET"]}}],"collection":[{"href":"https:\/\/urn.eu.com\/pl\/wp-json\/wp\/v2\/pages"}],"about":[{"href":"https:\/\/urn.eu.com\/pl\/wp-json\/wp\/v2\/types\/page"}],"author":[{"embeddable":true,"href":"https:\/\/urn.eu.com\/pl\/wp-json\/wp\/v2\/users\/1"}],"replies":[{"embeddable":true,"href":"https:\/\/urn.eu.com\/pl\/wp-json\/wp\/v2\/comments?post=1316"}],"version-history":[{"count":3,"href":"https:\/\/urn.eu.com\/pl\/wp-json\/wp\/v2\/pages\/1316\/revisions"}],"predecessor-version":[{"id":1351,"href":"https:\/\/urn.eu.com\/pl\/wp-json\/wp\/v2\/pages\/1316\/revisions\/1351"}],"wp:featuredmedia":[{"embeddable":true,"href":"https:\/\/urn.eu.com\/pl\/wp-json\/wp\/v2\/media\/628"}],"wp:attachment":[{"href":"https:\/\/urn.eu.com\/pl\/wp-json\/wp\/v2\/media?parent=1316"}],"curies":[{"name":"wp","href":"https:\/\/api.w.org\/{rel}","templated":true}]}}