{"id":626,"date":"2016-08-04T11:15:19","date_gmt":"2016-08-04T11:15:19","guid":{"rendered":"https:\/\/urn.eu.com\/dostawa\/"},"modified":"2026-01-21T11:42:29","modified_gmt":"2026-01-21T11:42:29","slug":"dostawa","status":"publish","type":"page","link":"https:\/\/urn.eu.com\/pl\/strony\/dostawa\/","title":{"rendered":"DOSTAWA"},"content":{"rendered":"\n<div class=\"row\"  id=\"row-326154694\">\n\n\n\t<div id=\"col-1484474008\" class=\"col small-12 large-12\"  >\n\t\t\t\t<div class=\"col-inner\"  >\n\t\t\t\n\t\t\t\n\n\t<div id=\"text-2663580944\" class=\"text\">\n\t\t\n\n<p class=\"lead\">Produkty naszego sklepu s\u0105 dost\u0119pne w wi\u0119kszo\u015bci kraj\u00f3w europejskich.<\/p>\n<p> Zapewniamy dostaw\u0119 do domu w nast\u0119puj\u0105cych krajach.<\/p>\n\t\t\n<style>\n#text-2663580944 {\n  text-align: center;\n}\n<\/style>\n\t<\/div>\n\t\n\n\t\t<\/div>\n\t\t\t\t\t<\/div>\n\n\t\n\n<\/div>\n\n\t\t<div class=\"tabbed-content\">\n\t\t\t\n\t\t\t<ul class=\"nav nav-line nav-vertical nav-uppercase nav-size-normal nav-left\" role=\"tablist\"><li id=\"tab-austria---w-ci\u0105gu-4-dni\" class=\"tab active has-icon\" role=\"presentation\"><a href=\"#tab_austria---w-ci\u0105gu-4-dni\" role=\"tab\" aria-selected=\"true\" aria-controls=\"tab_austria---w-ci\u0105gu-4-dni\"><span>AUSTRIA - w ci\u0105gu 4 dni<\/span><\/a><\/li>\n<li id=\"tab-belgia---5-dni\" class=\"tab has-icon\" role=\"presentation\"><a href=\"#tab_belgia---5-dni\" tabindex=\"-1\" role=\"tab\" aria-selected=\"false\" aria-controls=\"tab_belgia---5-dni\"><span>BELGIA - 5 dni<\/span><\/a><\/li>\n<li id=\"tab-bu\u0141garia---5-dni\" class=\"tab has-icon\" role=\"presentation\"><a href=\"#tab_bu\u0141garia---5-dni\" tabindex=\"-1\" role=\"tab\" aria-selected=\"false\" aria-controls=\"tab_bu\u0141garia---5-dni\"><span>BU\u0141GARIA - 5 dni<\/span><\/a><\/li>\n<li id=\"tab-czechy---4-dni\" class=\"tab has-icon\" role=\"presentation\"><a href=\"#tab_czechy---4-dni\" tabindex=\"-1\" role=\"tab\" aria-selected=\"false\" aria-controls=\"tab_czechy---4-dni\"><span>CZECHY - 4 dni<\/span><\/a><\/li>\n<li id=\"tab-dania---5-dni\" class=\"tab has-icon\" role=\"presentation\"><a href=\"#tab_dania---5-dni\" tabindex=\"-1\" role=\"tab\" aria-selected=\"false\" aria-controls=\"tab_dania---5-dni\"><span>DANIA - 5 dni<\/span><\/a><\/li>\n<li id=\"tab-francja---5-dni\" class=\"tab has-icon\" role=\"presentation\"><a href=\"#tab_francja---5-dni\" tabindex=\"-1\" role=\"tab\" aria-selected=\"false\" aria-controls=\"tab_francja---5-dni\"><span>FRANCJA - 5 dni<\/span><\/a><\/li>\n<li id=\"tab-holandia---5-dni\" class=\"tab has-icon\" role=\"presentation\"><a href=\"#tab_holandia---5-dni\" tabindex=\"-1\" role=\"tab\" aria-selected=\"false\" aria-controls=\"tab_holandia---5-dni\"><span>HOLANDIA - 5 dni<\/span><\/a><\/li>\n<li id=\"tab-chorwacja---4-dni\" class=\"tab has-icon\" role=\"presentation\"><a href=\"#tab_chorwacja---4-dni\" tabindex=\"-1\" role=\"tab\" aria-selected=\"false\" aria-controls=\"tab_chorwacja---4-dni\"><span>CHORWACJA - 4 dni<\/span><\/a><\/li>\n<li id=\"tab-w\u0118gry---2-dni\" class=\"tab has-icon\" role=\"presentation\"><a href=\"#tab_w\u0118gry---2-dni\" tabindex=\"-1\" role=\"tab\" aria-selected=\"false\" aria-controls=\"tab_w\u0118gry---2-dni\"><span>W\u0118GRY - 2 dni<\/span><\/a><\/li>\n<li id=\"tab-polska---4-dni\" class=\"tab has-icon\" role=\"presentation\"><a href=\"#tab_polska---4-dni\" tabindex=\"-1\" role=\"tab\" aria-selected=\"false\" aria-controls=\"tab_polska---4-dni\"><span>POLSKA - 4 dni<\/span><\/a><\/li>\n<li id=\"tab-luksemburg---5-dni\" class=\"tab has-icon\" role=\"presentation\"><a href=\"#tab_luksemburg---5-dni\" tabindex=\"-1\" role=\"tab\" aria-selected=\"false\" aria-controls=\"tab_luksemburg---5-dni\"><span>LUKSEMBURG - 5 dni<\/span><\/a><\/li>\n<li id=\"tab-niemcy---4-dni\" class=\"tab has-icon\" role=\"presentation\"><a href=\"#tab_niemcy---4-dni\" tabindex=\"-1\" role=\"tab\" aria-selected=\"false\" aria-controls=\"tab_niemcy---4-dni\"><span>NIEMCY - 4 dni<\/span><\/a><\/li>\n<li id=\"tab-w\u0141ochy---5-dni\" class=\"tab has-icon\" role=\"presentation\"><a href=\"#tab_w\u0141ochy---5-dni\" tabindex=\"-1\" role=\"tab\" aria-selected=\"false\" aria-controls=\"tab_w\u0141ochy---5-dni\"><span>W\u0141OCHY - 5 dni<\/span><\/a><\/li>\n<li id=\"tab-rumunia---4-dni\" class=\"tab has-icon\" role=\"presentation\"><a href=\"#tab_rumunia---4-dni\" tabindex=\"-1\" role=\"tab\" aria-selected=\"false\" aria-controls=\"tab_rumunia---4-dni\"><span>RUMUNIA - 4 dni<\/span><\/a><\/li>\n<li id=\"tab-hiszpania---6-dni\" class=\"tab has-icon\" role=\"presentation\"><a href=\"#tab_hiszpania---6-dni\" tabindex=\"-1\" role=\"tab\" aria-selected=\"false\" aria-controls=\"tab_hiszpania---6-dni\"><span>HISZPANIA - 6 dni<\/span><\/a><\/li>\n<li id=\"tab-s\u0141owacja---3-dni\" class=\"tab has-icon\" role=\"presentation\"><a href=\"#tab_s\u0141owacja---3-dni\" tabindex=\"-1\" role=\"tab\" aria-selected=\"false\" aria-controls=\"tab_s\u0141owacja---3-dni\"><span>S\u0141OWACJA - 3 dni<\/span><\/a><\/li>\n<li id=\"tab-s\u0141owenia---4-dni\" class=\"tab has-icon\" role=\"presentation\"><a href=\"#tab_s\u0141owenia---4-dni\" tabindex=\"-1\" role=\"tab\" aria-selected=\"false\" aria-controls=\"tab_s\u0141owenia---4-dni\"><span>S\u0141OWENIA - 4 dni<\/span><\/a><\/li>\n<li id=\"tab-ukraina---2-5-dni-(z-wyj\u0105tkiem-nast\u0119puj\u0105cych-miejsc:-07270-czarnobyl,-95000-98999-symferopol,-99000-99999-sewastopol)\" class=\"tab has-icon\" role=\"presentation\"><a href=\"#tab_ukraina---2-5-dni-(z-wyj\u0105tkiem-nast\u0119puj\u0105cych-miejsc:-07270-czarnobyl,-95000-98999-symferopol,-99000-99999-sewastopol)\" tabindex=\"-1\" role=\"tab\" aria-selected=\"false\" aria-controls=\"tab_ukraina---2-5-dni-(z-wyj\u0105tkiem-nast\u0119puj\u0105cych-miejsc:-07270-czarnobyl,-95000-98999-symferopol,-99000-99999-sewastopol)\"><span>UKRAINA - 2-5 DNI (z wyj\u0105tkiem nast\u0119puj\u0105cych miejsc: 07270 Czarnobyl, 95000-98999 Symferopol, 99000-99999 Sewastopol)<\/span><\/a><\/li><\/ul><div class=\"tab-panels\"><div id=\"tab_austria---w-ci\u0105gu-4-dni\" class=\"panel active entry-content\" role=\"tabpanel\" aria-labelledby=\"tab-austria---w-ci\u0105gu-4-dni\">\n\n\t<div class=\"img has-hover x md-x lg-x y md-y lg-y\" id=\"image_171020939\">\n\t\t\t\t\t\t\t\t<div class=\"img-inner dark\" >\n\t\t\t<img loading=\"lazy\" decoding=\"async\" width=\"800\" height=\"800\" src=\"https:\/\/urn.eu.com\/wp-content\/uploads\/2025\/08\/urn-webshop.jpeg\" class=\"attachment-large size-large\" alt=\"sklep-internetowy-z-urnami\" srcset=\"https:\/\/urn.eu.com\/wp-content\/uploads\/2025\/08\/urn-webshop.jpeg 800w, https:\/\/urn.eu.com\/wp-content\/uploads\/2025\/08\/urn-webshop-400x400.jpeg 400w, https:\/\/urn.eu.com\/wp-content\/uploads\/2025\/08\/urn-webshop-280x280.jpeg 280w, https:\/\/urn.eu.com\/wp-content\/uploads\/2025\/08\/urn-webshop-768x768.jpeg 768w, https:\/\/urn.eu.com\/wp-content\/uploads\/2025\/08\/urn-webshop-300x300.jpeg 300w, https:\/\/urn.eu.com\/wp-content\/uploads\/2025\/08\/urn-webshop-600x600.jpeg 600w, https:\/\/urn.eu.com\/wp-content\/uploads\/2025\/08\/urn-webshop-100x100.jpeg 100w\" sizes=\"auto, (max-width: 800px) 100vw, 800px\" \/>\t\t\t\t\t\t\n\t\t\t\t\t<\/div>\n\t\t\t\t\t\t\t\t\n<style>\n#image_171020939 {\n  width: 100%;\n}\n<\/style>\n\t<\/div>\n\t\n\n\n<\/div>\n<div id=\"tab_belgia---5-dni\" class=\"panel entry-content\" role=\"tabpanel\" aria-labelledby=\"tab-belgia---5-dni\">\n\n\n\t<script type=\"text\/javascript\">\n  jQuery( document ).ready(function() {\n    function initialize() {\n        var styles = {\n            'flatsome':  [{\n            \"featureType\": \"administrative\",\n            \"stylers\": [\n              { \"visibility\": \"on\" }\n            ]\n          },\n          {\n            \"featureType\": \"road\",\n            \"stylers\": [\n              { \"visibility\": \"on\" },\n              { \"hue\": \"\" }\n            ]\n          },\n          {\n            \"stylers\": [\n\t\t\t  { \"visibility\": \"on\" },\n\t\t\t  { \"hue\": \"\" },\n\t\t\t  { \"saturation\": -30 }\n            ]\n          }\n        ]};\n\n        var myLatlng = new google.maps.LatLng(40.79028, -73.95972);\n        var myOptions = {\n            zoom: 17,\n            center: myLatlng,\n            mapTypeId: google.maps.MapTypeId.ROADMAP,\n            disableDefaultUI: true,\n            mapTypeId: 'flatsome',\n            draggable: true,\n            zoomControl: false,\n            zoomControlOptions: {\n              position: google.maps.ControlPosition.TOP_LEFT\n            },\n      \t\t\tmapTypeControl: false,\n            mapTypeControlOptions: {\n              position: google.maps.ControlPosition.TOP_LEFT\n            },\n      \t\t\tstreetViewControl: false,\n            streetViewControlOptions: {\n              position: google.maps.ControlPosition.TOP_LEFT\n            },\n            scrollwheel: false,\n            disableDoubleClickZoom: true\n        }\n        var map = new google.maps.Map(document.getElementById(\"map-3424921381-inner\"), myOptions);\n        var styledMapType = new google.maps.StyledMapType(styles['flatsome'], {name: 'flatsome'});\n        map.mapTypes.set('flatsome', styledMapType);\n\n        var marker = new google.maps.Marker({\n            position: myLatlng,\n            map: map,\n            title:\"\"\n        });\n    }\n\n    \/\/ Required to proceed\n    if (!(typeof google === 'object' && typeof google.maps === 'object')) {\n      return\n    }\n\n    initialize()\n    google.maps.event.addDomListener(window, 'resize', initialize);\n    });\n    <\/script>\n\n    <div class=\"google-map relative mb\" id=\"map-3424921381\">\n        <div class=\"map-height\" id=\"map-3424921381-inner\"><\/div>\n        <div id=\"map_overlay_top\"><\/div>\n        <div id=\"map_overlay_bottom\"><\/div>\n                  <div class=\"map_inner map-inner last-reset absolute x95 md-x95 lg-x95 y95 md-y95 lg-y95\">\n              \n\n<p>Wprowad\u017a tutaj adres ulicy. Lub inne informacje, kt\u00f3re chcesz poda\u0107.<\/p>\n\n         <\/div>\n       \n       \n<style>\n#map-3424921381 .map-inner {\n  background-color: #fff;\n  max-width: 30%;\n}\n#map-3424921381 .map-height {\n  height: 400px;\n}\n<\/style>\n    <\/div>\n\n\t\n\n<\/div>\n<div id=\"tab_bu\u0141garia---5-dni\" class=\"panel entry-content\" role=\"tabpanel\" aria-labelledby=\"tab-bu\u0141garia---5-dni\">\n\n\n\t<script type=\"text\/javascript\">\n  jQuery( document ).ready(function() {\n    function initialize() {\n        var styles = {\n            'flatsome':  [{\n            \"featureType\": \"administrative\",\n            \"stylers\": [\n              { \"visibility\": \"on\" }\n            ]\n          },\n          {\n            \"featureType\": \"road\",\n            \"stylers\": [\n              { \"visibility\": \"on\" },\n              { \"hue\": \"\" }\n            ]\n          },\n          {\n            \"stylers\": [\n\t\t\t  { \"visibility\": \"on\" },\n\t\t\t  { \"hue\": \"\" },\n\t\t\t  { \"saturation\": -30 }\n            ]\n          }\n        ]};\n\n        var myLatlng = new google.maps.LatLng(40.79028, -73.95972);\n        var myOptions = {\n            zoom: 17,\n            center: myLatlng,\n            mapTypeId: google.maps.MapTypeId.ROADMAP,\n            disableDefaultUI: true,\n            mapTypeId: 'flatsome',\n            draggable: true,\n            zoomControl: false,\n            zoomControlOptions: {\n              position: google.maps.ControlPosition.TOP_LEFT\n            },\n      \t\t\tmapTypeControl: false,\n            mapTypeControlOptions: {\n              position: google.maps.ControlPosition.TOP_LEFT\n            },\n      \t\t\tstreetViewControl: false,\n            streetViewControlOptions: {\n              position: google.maps.ControlPosition.TOP_LEFT\n            },\n            scrollwheel: false,\n            disableDoubleClickZoom: true\n        }\n        var map = new google.maps.Map(document.getElementById(\"map-1166981969-inner\"), myOptions);\n        var styledMapType = new google.maps.StyledMapType(styles['flatsome'], {name: 'flatsome'});\n        map.mapTypes.set('flatsome', styledMapType);\n\n        var marker = new google.maps.Marker({\n            position: myLatlng,\n            map: map,\n            title:\"\"\n        });\n    }\n\n    \/\/ Required to proceed\n    if (!(typeof google === 'object' && typeof google.maps === 'object')) {\n      return\n    }\n\n    initialize()\n    google.maps.event.addDomListener(window, 'resize', initialize);\n    });\n    <\/script>\n\n    <div class=\"google-map relative mb\" id=\"map-1166981969\">\n        <div class=\"map-height\" id=\"map-1166981969-inner\"><\/div>\n        <div id=\"map_overlay_top\"><\/div>\n        <div id=\"map_overlay_bottom\"><\/div>\n                  <div class=\"map_inner map-inner last-reset absolute x95 md-x95 lg-x95 y95 md-y95 lg-y95\">\n              \n\n<p>Wprowad\u017a tutaj adres ulicy. Lub inne informacje, kt\u00f3re chcesz poda\u0107.<\/p>\n\n         <\/div>\n       \n       \n<style>\n#map-1166981969 .map-inner {\n  background-color: #fff;\n  max-width: 30%;\n}\n#map-1166981969 .map-height {\n  height: 400px;\n}\n<\/style>\n    <\/div>\n\n\t\n\n<\/div>\n<div id=\"tab_czechy---4-dni\" class=\"panel entry-content\" role=\"tabpanel\" aria-labelledby=\"tab-czechy---4-dni\">\n\n\n\t<script type=\"text\/javascript\">\n  jQuery( document ).ready(function() {\n    function initialize() {\n        var styles = {\n            'flatsome':  [{\n            \"featureType\": \"administrative\",\n            \"stylers\": [\n              { \"visibility\": \"on\" }\n            ]\n          },\n          {\n            \"featureType\": \"road\",\n            \"stylers\": [\n              { \"visibility\": \"on\" },\n              { \"hue\": \"\" }\n            ]\n          },\n          {\n            \"stylers\": [\n\t\t\t  { \"visibility\": \"on\" },\n\t\t\t  { \"hue\": \"\" },\n\t\t\t  { \"saturation\": -30 }\n            ]\n          }\n        ]};\n\n        var myLatlng = new google.maps.LatLng(40.79028, -73.95972);\n        var myOptions = {\n            zoom: 17,\n            center: myLatlng,\n            mapTypeId: google.maps.MapTypeId.ROADMAP,\n            disableDefaultUI: true,\n            mapTypeId: 'flatsome',\n            draggable: true,\n            zoomControl: false,\n            zoomControlOptions: {\n              position: google.maps.ControlPosition.TOP_LEFT\n            },\n      \t\t\tmapTypeControl: false,\n            mapTypeControlOptions: {\n              position: google.maps.ControlPosition.TOP_LEFT\n            },\n      \t\t\tstreetViewControl: false,\n            streetViewControlOptions: {\n              position: google.maps.ControlPosition.TOP_LEFT\n            },\n            scrollwheel: false,\n            disableDoubleClickZoom: true\n        }\n        var map = new google.maps.Map(document.getElementById(\"map-4191025161-inner\"), myOptions);\n        var styledMapType = new google.maps.StyledMapType(styles['flatsome'], {name: 'flatsome'});\n        map.mapTypes.set('flatsome', styledMapType);\n\n        var marker = new google.maps.Marker({\n            position: myLatlng,\n            map: map,\n            title:\"\"\n        });\n    }\n\n    \/\/ Required to proceed\n    if (!(typeof google === 'object' && typeof google.maps === 'object')) {\n      return\n    }\n\n    initialize()\n    google.maps.event.addDomListener(window, 'resize', initialize);\n    });\n    <\/script>\n\n    <div class=\"google-map relative mb\" id=\"map-4191025161\">\n        <div class=\"map-height\" id=\"map-4191025161-inner\"><\/div>\n        <div id=\"map_overlay_top\"><\/div>\n        <div id=\"map_overlay_bottom\"><\/div>\n                  <div class=\"map_inner map-inner last-reset absolute x95 md-x95 lg-x95 y95 md-y95 lg-y95\">\n              \n\n<p>Wprowad\u017a tutaj adres ulicy. Lub inne informacje, kt\u00f3re chcesz poda\u0107.<\/p>\n\n         <\/div>\n       \n       \n<style>\n#map-4191025161 .map-inner {\n  background-color: #fff;\n  max-width: 30%;\n}\n#map-4191025161 .map-height {\n  height: 400px;\n}\n<\/style>\n    <\/div>\n\n\t\n\n<\/div>\n<div id=\"tab_dania---5-dni\" class=\"panel entry-content\" role=\"tabpanel\" aria-labelledby=\"tab-dania---5-dni\">\n\n\n\t<script type=\"text\/javascript\">\n  jQuery( document ).ready(function() {\n    function initialize() {\n        var styles = {\n            'flatsome':  [{\n            \"featureType\": \"administrative\",\n            \"stylers\": [\n              { \"visibility\": \"on\" }\n            ]\n          },\n          {\n            \"featureType\": \"road\",\n            \"stylers\": [\n              { \"visibility\": \"on\" },\n              { \"hue\": \"\" }\n            ]\n          },\n          {\n            \"stylers\": [\n\t\t\t  { \"visibility\": \"on\" },\n\t\t\t  { \"hue\": \"\" },\n\t\t\t  { \"saturation\": -30 }\n            ]\n          }\n        ]};\n\n        var myLatlng = new google.maps.LatLng(40.79028, -73.95972);\n        var myOptions = {\n            zoom: 17,\n            center: myLatlng,\n            mapTypeId: google.maps.MapTypeId.ROADMAP,\n            disableDefaultUI: true,\n            mapTypeId: 'flatsome',\n            draggable: true,\n            zoomControl: false,\n            zoomControlOptions: {\n              position: google.maps.ControlPosition.TOP_LEFT\n            },\n      \t\t\tmapTypeControl: false,\n            mapTypeControlOptions: {\n              position: google.maps.ControlPosition.TOP_LEFT\n            },\n      \t\t\tstreetViewControl: false,\n            streetViewControlOptions: {\n              position: google.maps.ControlPosition.TOP_LEFT\n            },\n            scrollwheel: false,\n            disableDoubleClickZoom: true\n        }\n        var map = new google.maps.Map(document.getElementById(\"map-2018756909-inner\"), myOptions);\n        var styledMapType = new google.maps.StyledMapType(styles['flatsome'], {name: 'flatsome'});\n        map.mapTypes.set('flatsome', styledMapType);\n\n        var marker = new google.maps.Marker({\n            position: myLatlng,\n            map: map,\n            title:\"\"\n        });\n    }\n\n    \/\/ Required to proceed\n    if (!(typeof google === 'object' && typeof google.maps === 'object')) {\n      return\n    }\n\n    initialize()\n    google.maps.event.addDomListener(window, 'resize', initialize);\n    });\n    <\/script>\n\n    <div class=\"google-map relative mb\" id=\"map-2018756909\">\n        <div class=\"map-height\" id=\"map-2018756909-inner\"><\/div>\n        <div id=\"map_overlay_top\"><\/div>\n        <div id=\"map_overlay_bottom\"><\/div>\n                  <div class=\"map_inner map-inner last-reset absolute x95 md-x95 lg-x95 y95 md-y95 lg-y95\">\n              \n\n<p>Wprowad\u017a tutaj adres ulicy. Lub inne informacje, kt\u00f3re chcesz poda\u0107.<\/p>\n\n         <\/div>\n       \n       \n<style>\n#map-2018756909 .map-inner {\n  background-color: #fff;\n  max-width: 30%;\n}\n#map-2018756909 .map-height {\n  height: 400px;\n}\n<\/style>\n    <\/div>\n\n\t\n\n<\/div>\n<div id=\"tab_francja---5-dni\" class=\"panel entry-content\" role=\"tabpanel\" aria-labelledby=\"tab-francja---5-dni\">\n\n\n<\/div>\n<div id=\"tab_holandia---5-dni\" class=\"panel entry-content\" role=\"tabpanel\" aria-labelledby=\"tab-holandia---5-dni\">\n\n\n<\/div>\n<div id=\"tab_chorwacja---4-dni\" class=\"panel entry-content\" role=\"tabpanel\" aria-labelledby=\"tab-chorwacja---4-dni\">\n\n\n<\/div>\n<div id=\"tab_w\u0118gry---2-dni\" class=\"panel entry-content\" role=\"tabpanel\" aria-labelledby=\"tab-w\u0118gry---2-dni\">\n\n\n<\/div>\n<div id=\"tab_polska---4-dni\" class=\"panel entry-content\" role=\"tabpanel\" aria-labelledby=\"tab-polska---4-dni\">\n\n\n<\/div>\n<div id=\"tab_luksemburg---5-dni\" class=\"panel entry-content\" role=\"tabpanel\" aria-labelledby=\"tab-luksemburg---5-dni\">\n\n\n<\/div>\n<div id=\"tab_niemcy---4-dni\" class=\"panel entry-content\" role=\"tabpanel\" aria-labelledby=\"tab-niemcy---4-dni\">\n\n\n<\/div>\n<div id=\"tab_w\u0141ochy---5-dni\" class=\"panel entry-content\" role=\"tabpanel\" aria-labelledby=\"tab-w\u0141ochy---5-dni\">\n\n\n<\/div>\n<div id=\"tab_rumunia---4-dni\" class=\"panel entry-content\" role=\"tabpanel\" aria-labelledby=\"tab-rumunia---4-dni\">\n\n\n<\/div>\n<div id=\"tab_hiszpania---6-dni\" class=\"panel entry-content\" role=\"tabpanel\" aria-labelledby=\"tab-hiszpania---6-dni\">\n\n\t<div class=\"img has-hover x md-x lg-x y md-y lg-y\" id=\"image_1000488655\">\n\t\t\t\t\t\t\t\t<div class=\"img-inner dark\" >\n\t\t\t<img loading=\"lazy\" decoding=\"async\" width=\"800\" height=\"800\" src=\"https:\/\/urn.eu.com\/wp-content\/uploads\/2025\/08\/urn-webshop.jpeg\" class=\"attachment-large size-large\" alt=\"sklep-internetowy-z-urnami\" srcset=\"https:\/\/urn.eu.com\/wp-content\/uploads\/2025\/08\/urn-webshop.jpeg 800w, https:\/\/urn.eu.com\/wp-content\/uploads\/2025\/08\/urn-webshop-400x400.jpeg 400w, https:\/\/urn.eu.com\/wp-content\/uploads\/2025\/08\/urn-webshop-280x280.jpeg 280w, https:\/\/urn.eu.com\/wp-content\/uploads\/2025\/08\/urn-webshop-768x768.jpeg 768w, https:\/\/urn.eu.com\/wp-content\/uploads\/2025\/08\/urn-webshop-300x300.jpeg 300w, https:\/\/urn.eu.com\/wp-content\/uploads\/2025\/08\/urn-webshop-600x600.jpeg 600w, https:\/\/urn.eu.com\/wp-content\/uploads\/2025\/08\/urn-webshop-100x100.jpeg 100w\" sizes=\"auto, (max-width: 800px) 100vw, 800px\" \/>\t\t\t\t\t\t\n\t\t\t\t\t<\/div>\n\t\t\t\t\t\t\t\t\n<style>\n#image_1000488655 {\n  width: 100%;\n}\n<\/style>\n\t<\/div>\n\t\n\n\n<\/div>\n<div id=\"tab_s\u0141owacja---3-dni\" class=\"panel entry-content\" role=\"tabpanel\" aria-labelledby=\"tab-s\u0141owacja---3-dni\">\n\n\n<\/div>\n<div id=\"tab_s\u0141owenia---4-dni\" class=\"panel entry-content\" role=\"tabpanel\" aria-labelledby=\"tab-s\u0141owenia---4-dni\">\n\n\t<div class=\"img has-hover x md-x lg-x y md-y lg-y\" id=\"image_480307588\">\n\t\t\t\t\t\t\t\t<div class=\"img-inner dark\" >\n\t\t\t<img loading=\"lazy\" decoding=\"async\" width=\"800\" height=\"800\" src=\"https:\/\/urn.eu.com\/wp-content\/uploads\/2025\/08\/urn-webshop.jpeg\" class=\"attachment-large size-large\" alt=\"sklep-internetowy-z-urnami\" srcset=\"https:\/\/urn.eu.com\/wp-content\/uploads\/2025\/08\/urn-webshop.jpeg 800w, https:\/\/urn.eu.com\/wp-content\/uploads\/2025\/08\/urn-webshop-400x400.jpeg 400w, https:\/\/urn.eu.com\/wp-content\/uploads\/2025\/08\/urn-webshop-280x280.jpeg 280w, https:\/\/urn.eu.com\/wp-content\/uploads\/2025\/08\/urn-webshop-768x768.jpeg 768w, https:\/\/urn.eu.com\/wp-content\/uploads\/2025\/08\/urn-webshop-300x300.jpeg 300w, https:\/\/urn.eu.com\/wp-content\/uploads\/2025\/08\/urn-webshop-600x600.jpeg 600w, https:\/\/urn.eu.com\/wp-content\/uploads\/2025\/08\/urn-webshop-100x100.jpeg 100w\" sizes=\"auto, (max-width: 800px) 100vw, 800px\" \/>\t\t\t\t\t\t\n\t\t\t\t\t<\/div>\n\t\t\t\t\t\t\t\t\n<style>\n#image_480307588 {\n  width: 100%;\n}\n<\/style>\n\t<\/div>\n\t\n\n\n<\/div>\n<div id=\"tab_ukraina---2-5-dni-(z-wyj\u0105tkiem-nast\u0119puj\u0105cych-miejsc:-07270-czarnobyl,-95000-98999-symferopol,-99000-99999-sewastopol)\" class=\"panel entry-content\" role=\"tabpanel\" aria-labelledby=\"tab-ukraina---2-5-dni-(z-wyj\u0105tkiem-nast\u0119puj\u0105cych-miejsc:-07270-czarnobyl,-95000-98999-symferopol,-99000-99999-sewastopol)\">\n\n\n<\/div><\/div><\/div>\n\n","protected":false},"excerpt":{"rendered":"","protected":false},"author":1,"featured_media":628,"parent":1744,"menu_order":0,"comment_status":"closed","ping_status":"closed","template":"page-blank.php","meta":{"footnotes":""},"class_list":["post-626","page","type-page","status-publish","has-post-thumbnail","hentry"],"jetpack_sharing_enabled":true,"_links":{"self":[{"href":"https:\/\/urn.eu.com\/pl\/wp-json\/wp\/v2\/pages\/626","targetHints":{"allow":["GET"]}}],"collection":[{"href":"https:\/\/urn.eu.com\/pl\/wp-json\/wp\/v2\/pages"}],"about":[{"href":"https:\/\/urn.eu.com\/pl\/wp-json\/wp\/v2\/types\/page"}],"author":[{"embeddable":true,"href":"https:\/\/urn.eu.com\/pl\/wp-json\/wp\/v2\/users\/1"}],"replies":[{"embeddable":true,"href":"https:\/\/urn.eu.com\/pl\/wp-json\/wp\/v2\/comments?post=626"}],"version-history":[{"count":2,"href":"https:\/\/urn.eu.com\/pl\/wp-json\/wp\/v2\/pages\/626\/revisions"}],"predecessor-version":[{"id":630,"href":"https:\/\/urn.eu.com\/pl\/wp-json\/wp\/v2\/pages\/626\/revisions\/630"}],"up":[{"embeddable":true,"href":"https:\/\/urn.eu.com\/pl\/wp-json\/wp\/v2\/pages\/1744"}],"wp:featuredmedia":[{"embeddable":true,"href":"https:\/\/urn.eu.com\/pl\/wp-json\/wp\/v2\/media\/628"}],"wp:attachment":[{"href":"https:\/\/urn.eu.com\/pl\/wp-json\/wp\/v2\/media?parent=626"}],"curies":[{"name":"wp","href":"https:\/\/api.w.org\/{rel}","templated":true}]}}