{"id":968,"date":"2016-03-31T14:08:59","date_gmt":"2016-03-31T14:08:59","guid":{"rendered":"https:\/\/urn.eu.com\/portofoliu\/"},"modified":"2025-10-31T12:55:22","modified_gmt":"2025-10-31T12:55:22","slug":"portofoliu","status":"publish","type":"page","link":"https:\/\/urn.eu.com\/ro\/pagini\/portofoliu\/","title":{"rendered":"Portofoliu"},"content":{"rendered":"\n  <div class=\"banner has-hover has-parallax\" id=\"banner-2066457655\">\n          <div class=\"banner-inner fill\">\n        <div class=\"banner-bg fill\" data-parallax=\"-2\" data-parallax-container=\".banner\" data-parallax-background>\n            <img loading=\"lazy\" decoding=\"async\" width=\"1000\" height=\"650\" src=\"https:\/\/urn.eu.com\/wp-content\/uploads\/2016\/08\/dummy-2.jpg\" class=\"bg attachment-large size-large\" alt=\"\" \/>                        <div class=\"overlay\"><\/div>            \n                    <\/div>\n\t\t\n        <div class=\"banner-layers container\">\n            <div class=\"fill banner-link\"><\/div>            \n   <div id=\"text-box-889123891\" class=\"text-box banner-layer x50 md-x50 lg-x50 y50 md-y50 lg-y50 res-text\">\n                                <div class=\"text-box-content text \">\n              \n              <div class=\"text-inner text-center\">\n                  \n<h3 class=\"uppercase\"><strong>Element de portofoliu<\/strong><\/h3>\n<p>Prezenta\u021bi lucr\u0103ri sau alte elemente<\/p>\n<div class=\"is-divider divider clearfix\" style=\"max-width:67px;height:5px;\"><\/div>\n              <\/div>\n           <\/div>\n                            \n<style>\n#text-box-889123891 {\n  width: 60%;\n}\n#text-box-889123891 .text-box-content {\n  font-size: 100%;\n}\n<\/style>\n    <\/div>\n \n        <\/div>\n      <\/div>\n\n            \n<style>\n#banner-2066457655 {\n  padding-top: 364px;\n}\n#banner-2066457655 .overlay {\n  background-color: rgba(255, 255, 255, 0.87);\n}\n#banner-2066457655 .banner-bg img {\n  object-position: 80% 19%;\n}\n<\/style>\n  <\/div>\n\n\n<div class=\"container section-title-container\" ><h3 class=\"section-title section-title-center\"><b aria-hidden=\"true\"><\/b><span class=\"section-title-main\" style=\"font-size:undefined%;\">Simplu, cu filtrare<\/span><b aria-hidden=\"true\"><\/b><\/h3><\/div>\n<div id=\"portfolio-1663741534\" class=\"portfolio-element-wrapper has-filtering\">  <div class=\"container mb-half\">\n  <ul class=\"nav nav-true nav-center nav-line-grow nav-uppercase filter-nav\">\n    <li class=\"active\"><a href=\"#\" data-filter=\"*\">All<\/a><\/li>\n      <\/ul>\n  <\/div>\n  \n  \n    <div id=\"portfolio-1663741534\" class=\"row row-isotope large-columns-4 medium-columns-3 small-columns-2 row-small row-masonry\" data-packery-options='{\"itemSelector\": \".col\", \"gutter\": 0, \"presentageWidth\" : true}'>\n\n    <\/div><\/div>\n<div class=\"container section-title-container\" ><h3 class=\"section-title section-title-center\"><b aria-hidden=\"true\"><\/b><span class=\"section-title-main\" style=\"font-size:undefined%;\">Stil de filtru conturat<\/span><b aria-hidden=\"true\"><\/b><\/h3><\/div>\n<div id=\"portfolio-1063830668\" class=\"portfolio-element-wrapper has-filtering\">  <div class=\"container mb-half\">\n  <ul class=\"nav nav-true nav-center nav-outline nav-uppercase filter-nav\">\n    <li class=\"active\"><a href=\"#\" data-filter=\"*\">All<\/a><\/li>\n      <\/ul>\n  <\/div>\n  \n  \n    <div id=\"portfolio-1063830668\" class=\"row row-isotope large-columns-4 medium-columns-3 small-columns-2 row-small row-masonry\" data-packery-options='{\"itemSelector\": \".col\", \"gutter\": 0, \"presentageWidth\" : true}'>\n\n    <\/div><\/div>\n<div class=\"row\"  id=\"row-102614225\">\n\n\t<div id=\"col-1450576568\" class=\"col small-12 large-12\"  >\n\t\t\t\t<div class=\"col-inner\"  >\n\t\t\t\n\t\t\t\n<p class=\"lead\" style=\"text-align: center;\">Pute\u021bi alege \u00eentre multe stiluri diferite de navigare prin filtre \u0219i le pute\u021bi alinia la st\u00e2nga sau la dreapta.<\/p>\n\t\t<\/div>\n\t\t\t\t\t<\/div>\n\n\t\n<\/div>\n<div class=\"container section-title-container\" ><h3 class=\"section-title section-title-center\"><b aria-hidden=\"true\"><\/b><span class=\"section-title-main\" style=\"font-size:undefined%;\">Stil glisor<\/span><b aria-hidden=\"true\"><\/b><\/h3><\/div>\n<div id=\"portfolio-642145538\" class=\"portfolio-element-wrapper has-filtering\">\n  \n    <div class=\"row large-columns-5 medium-columns-3 small-columns-2 row-small slider row-slider slider-nav-reveal\"  data-flickity-options='{&quot;imagesLoaded&quot;: true, &quot;groupCells&quot;: &quot;100%&quot;, &quot;dragThreshold&quot; : 5, &quot;cellAlign&quot;: &quot;left&quot;,&quot;wrapAround&quot;: true,&quot;prevNextButtons&quot;: true,&quot;percentPosition&quot;: true,&quot;pageDots&quot;: false, &quot;rightToLeft&quot;: false, &quot;autoPlay&quot; : false}' >\n\n    <\/div><\/div>\n<div class=\"container section-title-container\" ><h3 class=\"section-title section-title-center\"><b aria-hidden=\"true\"><\/b><span class=\"section-title-main\" style=\"font-size:undefined%;\">Stil gril\u0103<\/span><b aria-hidden=\"true\"><\/b><\/h3><\/div>\n  <style>\n    #portfolio-591373372 .grid-col-1{height: 600px}\n    #portfolio-591373372 .grid-col-1-2{height: 300px}\n    #portfolio-591373372 .grid-col-1-3{height:200px}\n    #portfolio-591373372 .grid-col-2-3{height: 400px}\n    #portfolio-591373372 .grid-col-1-4{height: 150px}\n    #portfolio-591373372 .grid-col-3-4{height: 450px}\n\n\n        \/* Tablet *\/\n    @media (max-width: 850px){\n      #portfolio-591373372 .grid-col-1{height: 400px}\n      #portfolio-591373372 .grid-col-1-2{height: 200px}\n      #portfolio-591373372 .grid-col-1-3{height:133.33333333333px}\n      #portfolio-591373372 .grid-col-2-3{height: 266.66666666667px}\n      #portfolio-591373372 .grid-col-1-4{height: 100px}\n      #portfolio-591373372 .grid-col-3-4{height: 300px}\n    }\n    \n        \/* Mobile *\/\n    @media (max-width: 550px){\n      #portfolio-591373372 .grid-col-1{height: 400px}\n      #portfolio-591373372 .grid-col-1-2{height: 200px}\n      #portfolio-591373372 .grid-col-1-3{height:133.33333333333px}\n      #portfolio-591373372 .grid-col-2-3{height: 266.66666666667px}\n      #portfolio-591373372 .grid-col-1-4{height: 100px}\n      #portfolio-591373372 .grid-col-3-4{height: 300px}\n    }\n    \n\n  <\/style>\n  <div id=\"portfolio-591373372\" class=\"portfolio-element-wrapper has-filtering\">\n  \n    <div id=\"portfolio-591373372\" class=\"row row-small row-grid\" data-packery-options='{\"itemSelector\": \".col\", \"gutter\": 0, \"presentageWidth\" : true}'>\n\n    <\/div><\/div>\n<div class=\"container section-title-container\" ><h3 class=\"section-title section-title-center\"><b aria-hidden=\"true\"><\/b><span class=\"section-title-main\" style=\"font-size:undefined%;\">Gril\u0103 restr\u00e2ns\u0103 pe toat\u0103 l\u0103\u021bimea<\/span><b aria-hidden=\"true\"><\/b><\/h3><\/div>\n  <style>\n    #portfolio-1709236392 .grid-col-1{height: 600px}\n    #portfolio-1709236392 .grid-col-1-2{height: 300px}\n    #portfolio-1709236392 .grid-col-1-3{height:200px}\n    #portfolio-1709236392 .grid-col-2-3{height: 400px}\n    #portfolio-1709236392 .grid-col-1-4{height: 150px}\n    #portfolio-1709236392 .grid-col-3-4{height: 450px}\n\n\n        \/* Tablet *\/\n    @media (max-width: 850px){\n      #portfolio-1709236392 .grid-col-1{height: 400px}\n      #portfolio-1709236392 .grid-col-1-2{height: 200px}\n      #portfolio-1709236392 .grid-col-1-3{height:133.33333333333px}\n      #portfolio-1709236392 .grid-col-2-3{height: 266.66666666667px}\n      #portfolio-1709236392 .grid-col-1-4{height: 100px}\n      #portfolio-1709236392 .grid-col-3-4{height: 300px}\n    }\n    \n        \/* Mobile *\/\n    @media (max-width: 550px){\n      #portfolio-1709236392 .grid-col-1{height: 400px}\n      #portfolio-1709236392 .grid-col-1-2{height: 200px}\n      #portfolio-1709236392 .grid-col-1-3{height:133.33333333333px}\n      #portfolio-1709236392 .grid-col-2-3{height: 266.66666666667px}\n      #portfolio-1709236392 .grid-col-1-4{height: 100px}\n      #portfolio-1709236392 .grid-col-3-4{height: 300px}\n    }\n    \n\n  <\/style>\n  <div id=\"portfolio-1709236392\" class=\"portfolio-element-wrapper has-filtering\">\n  \n    <div id=\"portfolio-1709236392\" class=\"row row-collapse row-full-width row-grid\" data-packery-options='{\"itemSelector\": \".col\", \"gutter\": 0, \"presentageWidth\" : true}'>\n\n    <\/div><\/div>\n<div class=\"row\"  id=\"row-1598568593\">\n\n\t<div id=\"col-844315562\" class=\"col small-12 large-12\"  >\n\t\t\t\t<div class=\"col-inner\"  >\n\t\t\t\n\t\t\t\n<p class=\"lead\" style=\"text-align: center;\">Alege\u021bi dintre 14 machete de gril\u0103 predefinite diferite.<\/p>\n\t\t<\/div>\n\t\t\t\t\t<\/div>\n\n\t\n<\/div>\n<div class=\"container section-title-container\" ><h3 class=\"section-title section-title-center\"><b aria-hidden=\"true\"><\/b><span class=\"section-title-main\" >Deschide\u021bi \u00eentr-o caset\u0103 luminoas\u0103<\/span><b aria-hidden=\"true\"><\/b><\/h3><\/div>\n<div id=\"portfolio-364534816\" class=\"portfolio-element-wrapper has-filtering\">\n  \n    <div class=\"row large-columns-4 medium-columns-3 small-columns-2 row-small slider row-slider slider-nav-reveal slider-nav-push\"  data-flickity-options='{&quot;imagesLoaded&quot;: true, &quot;groupCells&quot;: &quot;100%&quot;, &quot;dragThreshold&quot; : 5, &quot;cellAlign&quot;: &quot;left&quot;,&quot;wrapAround&quot;: true,&quot;prevNextButtons&quot;: true,&quot;percentPosition&quot;: true,&quot;pageDots&quot;: false, &quot;rightToLeft&quot;: false, &quot;autoPlay&quot; : false}' >\n\n    <\/div><\/div>\n","protected":false},"excerpt":{"rendered":"","protected":false},"author":1,"featured_media":641,"parent":1735,"menu_order":19,"comment_status":"closed","ping_status":"closed","template":"page-blank.php","meta":{"footnotes":""},"class_list":["post-968","page","type-page","status-publish","has-post-thumbnail","hentry"],"jetpack_sharing_enabled":true,"_links":{"self":[{"href":"https:\/\/urn.eu.com\/ro\/wp-json\/wp\/v2\/pages\/968","targetHints":{"allow":["GET"]}}],"collection":[{"href":"https:\/\/urn.eu.com\/ro\/wp-json\/wp\/v2\/pages"}],"about":[{"href":"https:\/\/urn.eu.com\/ro\/wp-json\/wp\/v2\/types\/page"}],"author":[{"embeddable":true,"href":"https:\/\/urn.eu.com\/ro\/wp-json\/wp\/v2\/users\/1"}],"replies":[{"embeddable":true,"href":"https:\/\/urn.eu.com\/ro\/wp-json\/wp\/v2\/comments?post=968"}],"version-history":[{"count":3,"href":"https:\/\/urn.eu.com\/ro\/wp-json\/wp\/v2\/pages\/968\/revisions"}],"predecessor-version":[{"id":971,"href":"https:\/\/urn.eu.com\/ro\/wp-json\/wp\/v2\/pages\/968\/revisions\/971"}],"up":[{"embeddable":true,"href":"https:\/\/urn.eu.com\/ro\/wp-json\/wp\/v2\/pages\/1735"}],"wp:featuredmedia":[{"embeddable":true,"href":"https:\/\/urn.eu.com\/ro\/wp-json\/wp\/v2\/media\/641"}],"wp:attachment":[{"href":"https:\/\/urn.eu.com\/ro\/wp-json\/wp\/v2\/media?parent=968"}],"curies":[{"name":"wp","href":"https:\/\/api.w.org\/{rel}","templated":true}]}}