{"id":1159,"date":"2016-03-31T14:08:59","date_gmt":"2016-03-31T14:08:59","guid":{"rendered":"https:\/\/urn.eu.com\/portfolio\/"},"modified":"2025-10-31T12:55:22","modified_gmt":"2025-10-31T12:55:22","slug":"portfolio","status":"publish","type":"page","link":"https:\/\/urn.eu.com\/sk\/stranky\/portfolio\/","title":{"rendered":"Portf\u00f3lio"},"content":{"rendered":"\n  <div class=\"banner has-hover has-parallax\" id=\"banner-994562007\">\n          <div class=\"banner-inner fill\">\n        <div class=\"banner-bg fill\" data-parallax=\"-2\" data-parallax-container=\".banner\" data-parallax-background>\n            <img loading=\"lazy\" decoding=\"async\" width=\"1000\" height=\"650\" src=\"https:\/\/urn.eu.com\/wp-content\/uploads\/2016\/08\/dummy-2.jpg\" class=\"bg attachment-large size-large\" alt=\"\" \/>                        <div class=\"overlay\"><\/div>            \n                    <\/div>\n\t\t\n        <div class=\"banner-layers container\">\n            <div class=\"fill banner-link\"><\/div>            \n   <div id=\"text-box-2053524782\" class=\"text-box banner-layer x50 md-x50 lg-x50 y50 md-y50 lg-y50 res-text\">\n                                <div class=\"text-box-content text \">\n              \n              <div class=\"text-inner text-center\">\n                  \n<h3 class=\"uppercase\"><strong>Prvok portf\u00f3lia<\/strong><\/h3>\n<p>Prezentujte pr\u00e1cu alebo in\u00e9 prvky<\/p>\n<div class=\"is-divider divider clearfix\" style=\"max-width:67px;height:5px;\"><\/div>\n              <\/div>\n           <\/div>\n                            \n<style>\n#text-box-2053524782 {\n  width: 60%;\n}\n#text-box-2053524782 .text-box-content {\n  font-size: 100%;\n}\n<\/style>\n    <\/div>\n \n        <\/div>\n      <\/div>\n\n            \n<style>\n#banner-994562007 {\n  padding-top: 364px;\n}\n#banner-994562007 .overlay {\n  background-color: rgba(255, 255, 255, 0.87);\n}\n#banner-994562007 .banner-bg img {\n  object-position: 80% 19%;\n}\n<\/style>\n  <\/div>\n\n\n<div class=\"container section-title-container\" ><h3 class=\"section-title section-title-center\"><b aria-hidden=\"true\"><\/b><span class=\"section-title-main\" style=\"font-size:undefined%;\">Jednoduch\u00e9 s filtrovan\u00edm<\/span><b aria-hidden=\"true\"><\/b><\/h3><\/div>\n<div id=\"portfolio-1646986358\" class=\"portfolio-element-wrapper has-filtering\">  <div class=\"container mb-half\">\n  <ul class=\"nav nav-true nav-center nav-line-grow nav-uppercase filter-nav\">\n    <li class=\"active\"><a href=\"#\" data-filter=\"*\">All<\/a><\/li>\n      <\/ul>\n  <\/div>\n  \n  \n    <div id=\"portfolio-1646986358\" class=\"row row-isotope large-columns-4 medium-columns-3 small-columns-2 row-small row-masonry\" data-packery-options='{\"itemSelector\": \".col\", \"gutter\": 0, \"presentageWidth\" : true}'>\n\n    <\/div><\/div>\n<div class=\"container section-title-container\" ><h3 class=\"section-title section-title-center\"><b aria-hidden=\"true\"><\/b><span class=\"section-title-main\" style=\"font-size:undefined%;\">\u0160t\u00fdl obrysov\u00e9ho filtra<\/span><b aria-hidden=\"true\"><\/b><\/h3><\/div>\n<div id=\"portfolio-1194217380\" class=\"portfolio-element-wrapper has-filtering\">  <div class=\"container mb-half\">\n  <ul class=\"nav nav-true nav-center nav-outline nav-uppercase filter-nav\">\n    <li class=\"active\"><a href=\"#\" data-filter=\"*\">All<\/a><\/li>\n      <\/ul>\n  <\/div>\n  \n  \n    <div id=\"portfolio-1194217380\" class=\"row row-isotope large-columns-4 medium-columns-3 small-columns-2 row-small row-masonry\" data-packery-options='{\"itemSelector\": \".col\", \"gutter\": 0, \"presentageWidth\" : true}'>\n\n    <\/div><\/div>\n<div class=\"row\"  id=\"row-703243926\">\n\n\t<div id=\"col-867837750\" class=\"col small-12 large-12\"  >\n\t\t\t\t<div class=\"col-inner\"  >\n\t\t\t\n\t\t\t\n<p class=\"lead\" style=\"text-align: center;\">M\u00f4\u017eete si vybra\u0165 z mnoh\u00fdch r\u00f4znych \u0161t\u00fdlov navig\u00e1cie filtra a zarovna\u0165 ich do\u013eava alebo doprava.<\/p>\n\t\t<\/div>\n\t\t\t\t\t<\/div>\n\n\t\n<\/div>\n<div class=\"container section-title-container\" ><h3 class=\"section-title section-title-center\"><b aria-hidden=\"true\"><\/b><span class=\"section-title-main\" style=\"font-size:undefined%;\">\u0160t\u00fdl posuvn\u00edka<\/span><b aria-hidden=\"true\"><\/b><\/h3><\/div>\n<div id=\"portfolio-1386539219\" class=\"portfolio-element-wrapper has-filtering\">\n  \n    <div class=\"row large-columns-5 medium-columns-3 small-columns-2 row-small slider row-slider slider-nav-reveal\"  data-flickity-options='{&quot;imagesLoaded&quot;: true, &quot;groupCells&quot;: &quot;100%&quot;, &quot;dragThreshold&quot; : 5, &quot;cellAlign&quot;: &quot;left&quot;,&quot;wrapAround&quot;: true,&quot;prevNextButtons&quot;: true,&quot;percentPosition&quot;: true,&quot;pageDots&quot;: false, &quot;rightToLeft&quot;: false, &quot;autoPlay&quot; : false}' >\n\n    <\/div><\/div>\n<div class=\"container section-title-container\" ><h3 class=\"section-title section-title-center\"><b aria-hidden=\"true\"><\/b><span class=\"section-title-main\" style=\"font-size:undefined%;\">\u0160t\u00fdl mrie\u017eky<\/span><b aria-hidden=\"true\"><\/b><\/h3><\/div>\n  <style>\n    #portfolio-802726411 .grid-col-1{height: 600px}\n    #portfolio-802726411 .grid-col-1-2{height: 300px}\n    #portfolio-802726411 .grid-col-1-3{height:200px}\n    #portfolio-802726411 .grid-col-2-3{height: 400px}\n    #portfolio-802726411 .grid-col-1-4{height: 150px}\n    #portfolio-802726411 .grid-col-3-4{height: 450px}\n\n\n        \/* Tablet *\/\n    @media (max-width: 850px){\n      #portfolio-802726411 .grid-col-1{height: 400px}\n      #portfolio-802726411 .grid-col-1-2{height: 200px}\n      #portfolio-802726411 .grid-col-1-3{height:133.33333333333px}\n      #portfolio-802726411 .grid-col-2-3{height: 266.66666666667px}\n      #portfolio-802726411 .grid-col-1-4{height: 100px}\n      #portfolio-802726411 .grid-col-3-4{height: 300px}\n    }\n    \n        \/* Mobile *\/\n    @media (max-width: 550px){\n      #portfolio-802726411 .grid-col-1{height: 400px}\n      #portfolio-802726411 .grid-col-1-2{height: 200px}\n      #portfolio-802726411 .grid-col-1-3{height:133.33333333333px}\n      #portfolio-802726411 .grid-col-2-3{height: 266.66666666667px}\n      #portfolio-802726411 .grid-col-1-4{height: 100px}\n      #portfolio-802726411 .grid-col-3-4{height: 300px}\n    }\n    \n\n  <\/style>\n  <div id=\"portfolio-802726411\" class=\"portfolio-element-wrapper has-filtering\">\n  \n    <div id=\"portfolio-802726411\" class=\"row row-small row-grid\" data-packery-options='{\"itemSelector\": \".col\", \"gutter\": 0, \"presentageWidth\" : true}'>\n\n    <\/div><\/div>\n<div class=\"container section-title-container\" ><h3 class=\"section-title section-title-center\"><b aria-hidden=\"true\"><\/b><span class=\"section-title-main\" style=\"font-size:undefined%;\">Zbalen\u00e1 mrie\u017eka na cel\u00fa \u0161\u00edrku<\/span><b aria-hidden=\"true\"><\/b><\/h3><\/div>\n  <style>\n    #portfolio-1518305063 .grid-col-1{height: 600px}\n    #portfolio-1518305063 .grid-col-1-2{height: 300px}\n    #portfolio-1518305063 .grid-col-1-3{height:200px}\n    #portfolio-1518305063 .grid-col-2-3{height: 400px}\n    #portfolio-1518305063 .grid-col-1-4{height: 150px}\n    #portfolio-1518305063 .grid-col-3-4{height: 450px}\n\n\n        \/* Tablet *\/\n    @media (max-width: 850px){\n      #portfolio-1518305063 .grid-col-1{height: 400px}\n      #portfolio-1518305063 .grid-col-1-2{height: 200px}\n      #portfolio-1518305063 .grid-col-1-3{height:133.33333333333px}\n      #portfolio-1518305063 .grid-col-2-3{height: 266.66666666667px}\n      #portfolio-1518305063 .grid-col-1-4{height: 100px}\n      #portfolio-1518305063 .grid-col-3-4{height: 300px}\n    }\n    \n        \/* Mobile *\/\n    @media (max-width: 550px){\n      #portfolio-1518305063 .grid-col-1{height: 400px}\n      #portfolio-1518305063 .grid-col-1-2{height: 200px}\n      #portfolio-1518305063 .grid-col-1-3{height:133.33333333333px}\n      #portfolio-1518305063 .grid-col-2-3{height: 266.66666666667px}\n      #portfolio-1518305063 .grid-col-1-4{height: 100px}\n      #portfolio-1518305063 .grid-col-3-4{height: 300px}\n    }\n    \n\n  <\/style>\n  <div id=\"portfolio-1518305063\" class=\"portfolio-element-wrapper has-filtering\">\n  \n    <div id=\"portfolio-1518305063\" class=\"row row-collapse row-full-width row-grid\" data-packery-options='{\"itemSelector\": \".col\", \"gutter\": 0, \"presentageWidth\" : true}'>\n\n    <\/div><\/div>\n<div class=\"row\"  id=\"row-385357278\">\n\n\t<div id=\"col-245469707\" class=\"col small-12 large-12\"  >\n\t\t\t\t<div class=\"col-inner\"  >\n\t\t\t\n\t\t\t\n<p class=\"lead\" style=\"text-align: center;\">Vyberte si zo 14 r\u00f4znych predpripraven\u00fdch rozlo\u017een\u00ed mrie\u017eky.<\/p>\n\t\t<\/div>\n\t\t\t\t\t<\/div>\n\n\t\n<\/div>\n<div class=\"container section-title-container\" ><h3 class=\"section-title section-title-center\"><b aria-hidden=\"true\"><\/b><span class=\"section-title-main\" >Otvori\u0165 v lightboxe<\/span><b aria-hidden=\"true\"><\/b><\/h3><\/div>\n<div id=\"portfolio-499996973\" class=\"portfolio-element-wrapper has-filtering\">\n  \n    <div class=\"row large-columns-4 medium-columns-3 small-columns-2 row-small slider row-slider slider-nav-reveal slider-nav-push\"  data-flickity-options='{&quot;imagesLoaded&quot;: true, &quot;groupCells&quot;: &quot;100%&quot;, &quot;dragThreshold&quot; : 5, &quot;cellAlign&quot;: &quot;left&quot;,&quot;wrapAround&quot;: true,&quot;prevNextButtons&quot;: true,&quot;percentPosition&quot;: true,&quot;pageDots&quot;: false, &quot;rightToLeft&quot;: false, &quot;autoPlay&quot; : false}' >\n\n    <\/div><\/div>\n","protected":false},"excerpt":{"rendered":"","protected":false},"author":1,"featured_media":667,"parent":1729,"menu_order":19,"comment_status":"closed","ping_status":"closed","template":"page-blank.php","meta":{"footnotes":""},"class_list":["post-1159","page","type-page","status-publish","has-post-thumbnail","hentry"],"jetpack_sharing_enabled":true,"_links":{"self":[{"href":"https:\/\/urn.eu.com\/sk\/wp-json\/wp\/v2\/pages\/1159","targetHints":{"allow":["GET"]}}],"collection":[{"href":"https:\/\/urn.eu.com\/sk\/wp-json\/wp\/v2\/pages"}],"about":[{"href":"https:\/\/urn.eu.com\/sk\/wp-json\/wp\/v2\/types\/page"}],"author":[{"embeddable":true,"href":"https:\/\/urn.eu.com\/sk\/wp-json\/wp\/v2\/users\/1"}],"replies":[{"embeddable":true,"href":"https:\/\/urn.eu.com\/sk\/wp-json\/wp\/v2\/comments?post=1159"}],"version-history":[{"count":2,"href":"https:\/\/urn.eu.com\/sk\/wp-json\/wp\/v2\/pages\/1159\/revisions"}],"predecessor-version":[{"id":1208,"href":"https:\/\/urn.eu.com\/sk\/wp-json\/wp\/v2\/pages\/1159\/revisions\/1208"}],"up":[{"embeddable":true,"href":"https:\/\/urn.eu.com\/sk\/wp-json\/wp\/v2\/pages\/1729"}],"wp:featuredmedia":[{"embeddable":true,"href":"https:\/\/urn.eu.com\/sk\/wp-json\/wp\/v2\/media\/667"}],"wp:attachment":[{"href":"https:\/\/urn.eu.com\/sk\/wp-json\/wp\/v2\/media?parent=1159"}],"curies":[{"name":"wp","href":"https:\/\/api.w.org\/{rel}","templated":true}]}}