{"id":752,"date":"2016-08-04T11:15:19","date_gmt":"2016-08-04T11:15:19","guid":{"rendered":"https:\/\/urn.eu.com\/dorucenie\/"},"modified":"2026-01-21T11:42:29","modified_gmt":"2026-01-21T11:42:29","slug":"dorucenie","status":"publish","type":"page","link":"https:\/\/urn.eu.com\/sk\/stranky\/dorucenie\/","title":{"rendered":"DORU\u010cENIE"},"content":{"rendered":"\n<div class=\"row\"  id=\"row-398632271\">\n\n\n\t<div id=\"col-72688177\" class=\"col small-12 large-12\"  >\n\t\t\t\t<div class=\"col-inner\"  >\n\t\t\t\n\t\t\t\n\n\t<div id=\"text-3694062804\" class=\"text\">\n\t\t\n\n<p class=\"lead\">Produkty n\u00e1\u0161ho obchodu s\u00fa dostupn\u00e9 vo v\u00e4\u010d\u0161ine eur\u00f3pskych kraj\u00edn.<\/p>\n<p> Zabezpe\u010dujeme doru\u010denie domov v nasleduj\u00facich krajin\u00e1ch.<\/p>\n\t\t\n<style>\n#text-3694062804 {\n  text-align: center;\n}\n<\/style>\n\t<\/div>\n\t\n\n\t\t<\/div>\n\t\t\t\t\t<\/div>\n\n\t\n\n<\/div>\n\n\t\t<div class=\"tabbed-content\">\n\t\t\t\n\t\t\t<ul class=\"nav nav-line nav-vertical nav-uppercase nav-size-normal nav-left\" role=\"tablist\"><li id=\"tab-rak\u00dasko-\u2013-do-4-dn\u00ed\" class=\"tab active has-icon\" role=\"presentation\"><a href=\"#tab_rak\u00dasko-\u2013-do-4-dn\u00ed\" role=\"tab\" aria-selected=\"true\" aria-controls=\"tab_rak\u00dasko-\u2013-do-4-dn\u00ed\"><span>RAK\u00daSKO \u2013 do 4 dn\u00ed<\/span><\/a><\/li>\n<li id=\"tab-belgicko-\u2013-5-dn\u00ed\" class=\"tab has-icon\" role=\"presentation\"><a href=\"#tab_belgicko-\u2013-5-dn\u00ed\" tabindex=\"-1\" role=\"tab\" aria-selected=\"false\" aria-controls=\"tab_belgicko-\u2013-5-dn\u00ed\"><span>BELGICKO \u2013 5 dn\u00ed<\/span><\/a><\/li>\n<li id=\"tab-bulharsko-\u2013-5-dn\u00ed\" class=\"tab has-icon\" role=\"presentation\"><a href=\"#tab_bulharsko-\u2013-5-dn\u00ed\" tabindex=\"-1\" role=\"tab\" aria-selected=\"false\" aria-controls=\"tab_bulharsko-\u2013-5-dn\u00ed\"><span>BULHARSKO \u2013 5 dn\u00ed<\/span><\/a><\/li>\n<li id=\"tab-\u010cesk\u00c1-republika-\u2013-4-dni\" class=\"tab has-icon\" role=\"presentation\"><a href=\"#tab_\u010cesk\u00c1-republika-\u2013-4-dni\" tabindex=\"-1\" role=\"tab\" aria-selected=\"false\" aria-controls=\"tab_\u010cesk\u00c1-republika-\u2013-4-dni\"><span>\u010cESK\u00c1 REPUBLIKA \u2013 4 dni<\/span><\/a><\/li>\n<li id=\"tab-d\u00c1nsko-\u2013-5-dn\u00ed\" class=\"tab has-icon\" role=\"presentation\"><a href=\"#tab_d\u00c1nsko-\u2013-5-dn\u00ed\" tabindex=\"-1\" role=\"tab\" aria-selected=\"false\" aria-controls=\"tab_d\u00c1nsko-\u2013-5-dn\u00ed\"><span>D\u00c1NSKO \u2013 5 dn\u00ed<\/span><\/a><\/li>\n<li id=\"tab-franc\u00dazsko-\u2013-5-dn\u00ed\" class=\"tab has-icon\" role=\"presentation\"><a href=\"#tab_franc\u00dazsko-\u2013-5-dn\u00ed\" tabindex=\"-1\" role=\"tab\" aria-selected=\"false\" aria-controls=\"tab_franc\u00dazsko-\u2013-5-dn\u00ed\"><span>FRANC\u00daZSKO \u2013 5 dn\u00ed<\/span><\/a><\/li>\n<li id=\"tab-holandsko-\u2013-5-dn\u00ed\" class=\"tab has-icon\" role=\"presentation\"><a href=\"#tab_holandsko-\u2013-5-dn\u00ed\" tabindex=\"-1\" role=\"tab\" aria-selected=\"false\" aria-controls=\"tab_holandsko-\u2013-5-dn\u00ed\"><span>HOLANDSKO \u2013 5 dn\u00ed<\/span><\/a><\/li>\n<li id=\"tab-chorv\u00c1tsko-\u2013-4-dni\" class=\"tab has-icon\" role=\"presentation\"><a href=\"#tab_chorv\u00c1tsko-\u2013-4-dni\" tabindex=\"-1\" role=\"tab\" aria-selected=\"false\" aria-controls=\"tab_chorv\u00c1tsko-\u2013-4-dni\"><span>CHORV\u00c1TSKO \u2013 4 dni<\/span><\/a><\/li>\n<li id=\"tab-ma\u010earsko-\u2013-2-dni\" class=\"tab has-icon\" role=\"presentation\"><a href=\"#tab_ma\u010earsko-\u2013-2-dni\" tabindex=\"-1\" role=\"tab\" aria-selected=\"false\" aria-controls=\"tab_ma\u010earsko-\u2013-2-dni\"><span>MA\u010eARSKO \u2013 2 dni<\/span><\/a><\/li>\n<li id=\"tab-po\u013dsko-\u2013-4-dni\" class=\"tab has-icon\" role=\"presentation\"><a href=\"#tab_po\u013dsko-\u2013-4-dni\" tabindex=\"-1\" role=\"tab\" aria-selected=\"false\" aria-controls=\"tab_po\u013dsko-\u2013-4-dni\"><span>PO\u013dSKO \u2013 4 dni<\/span><\/a><\/li>\n<li id=\"tab-luxembursko-\u2013-5-dn\u00ed\" class=\"tab has-icon\" role=\"presentation\"><a href=\"#tab_luxembursko-\u2013-5-dn\u00ed\" tabindex=\"-1\" role=\"tab\" aria-selected=\"false\" aria-controls=\"tab_luxembursko-\u2013-5-dn\u00ed\"><span>LUXEMBURSKO \u2013 5 dn\u00ed<\/span><\/a><\/li>\n<li id=\"tab-nemecko-\u2013-4-dni\" class=\"tab has-icon\" role=\"presentation\"><a href=\"#tab_nemecko-\u2013-4-dni\" tabindex=\"-1\" role=\"tab\" aria-selected=\"false\" aria-controls=\"tab_nemecko-\u2013-4-dni\"><span>NEMECKO \u2013 4 dni<\/span><\/a><\/li>\n<li id=\"tab-taliansko-\u2013-5-dn\u00ed\" class=\"tab has-icon\" role=\"presentation\"><a href=\"#tab_taliansko-\u2013-5-dn\u00ed\" tabindex=\"-1\" role=\"tab\" aria-selected=\"false\" aria-controls=\"tab_taliansko-\u2013-5-dn\u00ed\"><span>TALIANSKO \u2013 5 dn\u00ed<\/span><\/a><\/li>\n<li id=\"tab-rumunsko-\u2013-4-dni\" class=\"tab has-icon\" role=\"presentation\"><a href=\"#tab_rumunsko-\u2013-4-dni\" tabindex=\"-1\" role=\"tab\" aria-selected=\"false\" aria-controls=\"tab_rumunsko-\u2013-4-dni\"><span>RUMUNSKO \u2013 4 dni<\/span><\/a><\/li>\n<li id=\"tab-\u0160panielsko-\u2013-6-dn\u00ed\" class=\"tab has-icon\" role=\"presentation\"><a href=\"#tab_\u0160panielsko-\u2013-6-dn\u00ed\" tabindex=\"-1\" role=\"tab\" aria-selected=\"false\" aria-controls=\"tab_\u0160panielsko-\u2013-6-dn\u00ed\"><span>\u0160PANIELSKO \u2013 6 dn\u00ed<\/span><\/a><\/li>\n<li id=\"tab-slovensko-\u2013-3-dni\" class=\"tab has-icon\" role=\"presentation\"><a href=\"#tab_slovensko-\u2013-3-dni\" tabindex=\"-1\" role=\"tab\" aria-selected=\"false\" aria-controls=\"tab_slovensko-\u2013-3-dni\"><span>SLOVENSKO \u2013 3 dni<\/span><\/a><\/li>\n<li id=\"tab-slovinsko-\u2013-4-dni\" class=\"tab has-icon\" role=\"presentation\"><a href=\"#tab_slovinsko-\u2013-4-dni\" tabindex=\"-1\" role=\"tab\" aria-selected=\"false\" aria-controls=\"tab_slovinsko-\u2013-4-dni\"><span>SLOVINSKO \u2013 4 dni<\/span><\/a><\/li>\n<li id=\"tab-ukrajina-\u2013-2-5-dn\u00cd-(okrem-t\u00fdchto-miest:-07270-\u010cernoby\u013e,-95000-98999-simferopol,-99000-99999-sevastopo\u013e)\" class=\"tab has-icon\" role=\"presentation\"><a href=\"#tab_ukrajina-\u2013-2-5-dn\u00cd-(okrem-t\u00fdchto-miest:-07270-\u010cernoby\u013e,-95000-98999-simferopol,-99000-99999-sevastopo\u013e)\" tabindex=\"-1\" role=\"tab\" aria-selected=\"false\" aria-controls=\"tab_ukrajina-\u2013-2-5-dn\u00cd-(okrem-t\u00fdchto-miest:-07270-\u010cernoby\u013e,-95000-98999-simferopol,-99000-99999-sevastopo\u013e)\"><span>UKRAJINA \u2013 2-5 DN\u00cd (okrem t\u00fdchto miest: 07270 \u010cernoby\u013e, 95000-98999 Simferopol, 99000-99999 Sevastopo\u013e)<\/span><\/a><\/li><\/ul><div class=\"tab-panels\"><div id=\"tab_rak\u00dasko-\u2013-do-4-dn\u00ed\" class=\"panel active entry-content\" role=\"tabpanel\" aria-labelledby=\"tab-rak\u00dasko-\u2013-do-4-dn\u00ed\">\n\n\t<div class=\"img has-hover x md-x lg-x y md-y lg-y\" id=\"image_983993809\">\n\t\t\t\t\t\t\t\t<div class=\"img-inner dark\" >\n\t\t\t<img loading=\"lazy\" decoding=\"async\" width=\"800\" height=\"800\" src=\"https:\/\/urn.eu.com\/wp-content\/uploads\/2025\/08\/urn-webshop.jpeg\" class=\"attachment-large size-large\" alt=\"urn-webshop\" srcset=\"https:\/\/urn.eu.com\/wp-content\/uploads\/2025\/08\/urn-webshop.jpeg 800w, https:\/\/urn.eu.com\/wp-content\/uploads\/2025\/08\/urn-webshop-400x400.jpeg 400w, https:\/\/urn.eu.com\/wp-content\/uploads\/2025\/08\/urn-webshop-280x280.jpeg 280w, https:\/\/urn.eu.com\/wp-content\/uploads\/2025\/08\/urn-webshop-768x768.jpeg 768w, https:\/\/urn.eu.com\/wp-content\/uploads\/2025\/08\/urn-webshop-300x300.jpeg 300w, https:\/\/urn.eu.com\/wp-content\/uploads\/2025\/08\/urn-webshop-600x600.jpeg 600w, https:\/\/urn.eu.com\/wp-content\/uploads\/2025\/08\/urn-webshop-100x100.jpeg 100w\" sizes=\"auto, (max-width: 800px) 100vw, 800px\" \/>\t\t\t\t\t\t\n\t\t\t\t\t<\/div>\n\t\t\t\t\t\t\t\t\n<style>\n#image_983993809 {\n  width: 100%;\n}\n<\/style>\n\t<\/div>\n\t\n\n\n<\/div>\n<div id=\"tab_belgicko-\u2013-5-dn\u00ed\" class=\"panel entry-content\" role=\"tabpanel\" aria-labelledby=\"tab-belgicko-\u2013-5-dn\u00ed\">\n\n\n\t<script type=\"text\/javascript\">\n  jQuery( document ).ready(function() {\n    function initialize() {\n        var styles = {\n            'flatsome':  [{\n            \"featureType\": \"administrative\",\n            \"stylers\": [\n              { \"visibility\": \"on\" }\n            ]\n          },\n          {\n            \"featureType\": \"road\",\n            \"stylers\": [\n              { \"visibility\": \"on\" },\n              { \"hue\": \"\" }\n            ]\n          },\n          {\n            \"stylers\": [\n\t\t\t  { \"visibility\": \"on\" },\n\t\t\t  { \"hue\": \"\" },\n\t\t\t  { \"saturation\": -30 }\n            ]\n          }\n        ]};\n\n        var myLatlng = new google.maps.LatLng(40.79028, -73.95972);\n        var myOptions = {\n            zoom: 17,\n            center: myLatlng,\n            mapTypeId: google.maps.MapTypeId.ROADMAP,\n            disableDefaultUI: true,\n            mapTypeId: 'flatsome',\n            draggable: true,\n            zoomControl: false,\n            zoomControlOptions: {\n              position: google.maps.ControlPosition.TOP_LEFT\n            },\n      \t\t\tmapTypeControl: false,\n            mapTypeControlOptions: {\n              position: google.maps.ControlPosition.TOP_LEFT\n            },\n      \t\t\tstreetViewControl: false,\n            streetViewControlOptions: {\n              position: google.maps.ControlPosition.TOP_LEFT\n            },\n            scrollwheel: false,\n            disableDoubleClickZoom: true\n        }\n        var map = new google.maps.Map(document.getElementById(\"map-2662113465-inner\"), myOptions);\n        var styledMapType = new google.maps.StyledMapType(styles['flatsome'], {name: 'flatsome'});\n        map.mapTypes.set('flatsome', styledMapType);\n\n        var marker = new google.maps.Marker({\n            position: myLatlng,\n            map: map,\n            title:\"\"\n        });\n    }\n\n    \/\/ Required to proceed\n    if (!(typeof google === 'object' && typeof google.maps === 'object')) {\n      return\n    }\n\n    initialize()\n    google.maps.event.addDomListener(window, 'resize', initialize);\n    });\n    <\/script>\n\n    <div class=\"google-map relative mb\" id=\"map-2662113465\">\n        <div class=\"map-height\" id=\"map-2662113465-inner\"><\/div>\n        <div id=\"map_overlay_top\"><\/div>\n        <div id=\"map_overlay_bottom\"><\/div>\n                  <div class=\"map_inner map-inner last-reset absolute x95 md-x95 lg-x95 y95 md-y95 lg-y95\">\n              \n\n<p>Sem zadajte adresu ulice. Alebo ak\u00e9ko\u013evek in\u00e9 inform\u00e1cie, ktor\u00e9 si \u017eel\u00e1te.<\/p>\n\n         <\/div>\n       \n       \n<style>\n#map-2662113465 .map-inner {\n  background-color: #fff;\n  max-width: 30%;\n}\n#map-2662113465 .map-height {\n  height: 400px;\n}\n<\/style>\n    <\/div>\n\n\t\n\n<\/div>\n<div id=\"tab_bulharsko-\u2013-5-dn\u00ed\" class=\"panel entry-content\" role=\"tabpanel\" aria-labelledby=\"tab-bulharsko-\u2013-5-dn\u00ed\">\n\n\n\t<script type=\"text\/javascript\">\n  jQuery( document ).ready(function() {\n    function initialize() {\n        var styles = {\n            'flatsome':  [{\n            \"featureType\": \"administrative\",\n            \"stylers\": [\n              { \"visibility\": \"on\" }\n            ]\n          },\n          {\n            \"featureType\": \"road\",\n            \"stylers\": [\n              { \"visibility\": \"on\" },\n              { \"hue\": \"\" }\n            ]\n          },\n          {\n            \"stylers\": [\n\t\t\t  { \"visibility\": \"on\" },\n\t\t\t  { \"hue\": \"\" },\n\t\t\t  { \"saturation\": -30 }\n            ]\n          }\n        ]};\n\n        var myLatlng = new google.maps.LatLng(40.79028, -73.95972);\n        var myOptions = {\n            zoom: 17,\n            center: myLatlng,\n            mapTypeId: google.maps.MapTypeId.ROADMAP,\n            disableDefaultUI: true,\n            mapTypeId: 'flatsome',\n            draggable: true,\n            zoomControl: false,\n            zoomControlOptions: {\n              position: google.maps.ControlPosition.TOP_LEFT\n            },\n      \t\t\tmapTypeControl: false,\n            mapTypeControlOptions: {\n              position: google.maps.ControlPosition.TOP_LEFT\n            },\n      \t\t\tstreetViewControl: false,\n            streetViewControlOptions: {\n              position: google.maps.ControlPosition.TOP_LEFT\n            },\n            scrollwheel: false,\n            disableDoubleClickZoom: true\n        }\n        var map = new google.maps.Map(document.getElementById(\"map-376127671-inner\"), myOptions);\n        var styledMapType = new google.maps.StyledMapType(styles['flatsome'], {name: 'flatsome'});\n        map.mapTypes.set('flatsome', styledMapType);\n\n        var marker = new google.maps.Marker({\n            position: myLatlng,\n            map: map,\n            title:\"\"\n        });\n    }\n\n    \/\/ Required to proceed\n    if (!(typeof google === 'object' && typeof google.maps === 'object')) {\n      return\n    }\n\n    initialize()\n    google.maps.event.addDomListener(window, 'resize', initialize);\n    });\n    <\/script>\n\n    <div class=\"google-map relative mb\" id=\"map-376127671\">\n        <div class=\"map-height\" id=\"map-376127671-inner\"><\/div>\n        <div id=\"map_overlay_top\"><\/div>\n        <div id=\"map_overlay_bottom\"><\/div>\n                  <div class=\"map_inner map-inner last-reset absolute x95 md-x95 lg-x95 y95 md-y95 lg-y95\">\n              \n\n<p>Sem zadajte adresu ulice. Alebo ak\u00e9ko\u013evek in\u00e9 inform\u00e1cie, ktor\u00e9 si \u017eel\u00e1te.<\/p>\n\n         <\/div>\n       \n       \n<style>\n#map-376127671 .map-inner {\n  background-color: #fff;\n  max-width: 30%;\n}\n#map-376127671 .map-height {\n  height: 400px;\n}\n<\/style>\n    <\/div>\n\n\t\n\n<\/div>\n<div id=\"tab_\u010cesk\u00c1-republika-\u2013-4-dni\" class=\"panel entry-content\" role=\"tabpanel\" aria-labelledby=\"tab-\u010cesk\u00c1-republika-\u2013-4-dni\">\n\n\n\t<script type=\"text\/javascript\">\n  jQuery( document ).ready(function() {\n    function initialize() {\n        var styles = {\n            'flatsome':  [{\n            \"featureType\": \"administrative\",\n            \"stylers\": [\n              { \"visibility\": \"on\" }\n            ]\n          },\n          {\n            \"featureType\": \"road\",\n            \"stylers\": [\n              { \"visibility\": \"on\" },\n              { \"hue\": \"\" }\n            ]\n          },\n          {\n            \"stylers\": [\n\t\t\t  { \"visibility\": \"on\" },\n\t\t\t  { \"hue\": \"\" },\n\t\t\t  { \"saturation\": -30 }\n            ]\n          }\n        ]};\n\n        var myLatlng = new google.maps.LatLng(40.79028, -73.95972);\n        var myOptions = {\n            zoom: 17,\n            center: myLatlng,\n            mapTypeId: google.maps.MapTypeId.ROADMAP,\n            disableDefaultUI: true,\n            mapTypeId: 'flatsome',\n            draggable: true,\n            zoomControl: false,\n            zoomControlOptions: {\n              position: google.maps.ControlPosition.TOP_LEFT\n            },\n      \t\t\tmapTypeControl: false,\n            mapTypeControlOptions: {\n              position: google.maps.ControlPosition.TOP_LEFT\n            },\n      \t\t\tstreetViewControl: false,\n            streetViewControlOptions: {\n              position: google.maps.ControlPosition.TOP_LEFT\n            },\n            scrollwheel: false,\n            disableDoubleClickZoom: true\n        }\n        var map = new google.maps.Map(document.getElementById(\"map-887633218-inner\"), myOptions);\n        var styledMapType = new google.maps.StyledMapType(styles['flatsome'], {name: 'flatsome'});\n        map.mapTypes.set('flatsome', styledMapType);\n\n        var marker = new google.maps.Marker({\n            position: myLatlng,\n            map: map,\n            title:\"\"\n        });\n    }\n\n    \/\/ Required to proceed\n    if (!(typeof google === 'object' && typeof google.maps === 'object')) {\n      return\n    }\n\n    initialize()\n    google.maps.event.addDomListener(window, 'resize', initialize);\n    });\n    <\/script>\n\n    <div class=\"google-map relative mb\" id=\"map-887633218\">\n        <div class=\"map-height\" id=\"map-887633218-inner\"><\/div>\n        <div id=\"map_overlay_top\"><\/div>\n        <div id=\"map_overlay_bottom\"><\/div>\n                  <div class=\"map_inner map-inner last-reset absolute x95 md-x95 lg-x95 y95 md-y95 lg-y95\">\n              \n\n<p>Sem zadajte adresu ulice. Alebo ak\u00e9ko\u013evek in\u00e9 inform\u00e1cie, ktor\u00e9 si \u017eel\u00e1te.<\/p>\n\n         <\/div>\n       \n       \n<style>\n#map-887633218 .map-inner {\n  background-color: #fff;\n  max-width: 30%;\n}\n#map-887633218 .map-height {\n  height: 400px;\n}\n<\/style>\n    <\/div>\n\n\t\n\n<\/div>\n<div id=\"tab_d\u00c1nsko-\u2013-5-dn\u00ed\" class=\"panel entry-content\" role=\"tabpanel\" aria-labelledby=\"tab-d\u00c1nsko-\u2013-5-dn\u00ed\">\n\n\n\t<script type=\"text\/javascript\">\n  jQuery( document ).ready(function() {\n    function initialize() {\n        var styles = {\n            'flatsome':  [{\n            \"featureType\": \"administrative\",\n            \"stylers\": [\n              { \"visibility\": \"on\" }\n            ]\n          },\n          {\n            \"featureType\": \"road\",\n            \"stylers\": [\n              { \"visibility\": \"on\" },\n              { \"hue\": \"\" }\n            ]\n          },\n          {\n            \"stylers\": [\n\t\t\t  { \"visibility\": \"on\" },\n\t\t\t  { \"hue\": \"\" },\n\t\t\t  { \"saturation\": -30 }\n            ]\n          }\n        ]};\n\n        var myLatlng = new google.maps.LatLng(40.79028, -73.95972);\n        var myOptions = {\n            zoom: 17,\n            center: myLatlng,\n            mapTypeId: google.maps.MapTypeId.ROADMAP,\n            disableDefaultUI: true,\n            mapTypeId: 'flatsome',\n            draggable: true,\n            zoomControl: false,\n            zoomControlOptions: {\n              position: google.maps.ControlPosition.TOP_LEFT\n            },\n      \t\t\tmapTypeControl: false,\n            mapTypeControlOptions: {\n              position: google.maps.ControlPosition.TOP_LEFT\n            },\n      \t\t\tstreetViewControl: false,\n            streetViewControlOptions: {\n              position: google.maps.ControlPosition.TOP_LEFT\n            },\n            scrollwheel: false,\n            disableDoubleClickZoom: true\n        }\n        var map = new google.maps.Map(document.getElementById(\"map-2560231348-inner\"), myOptions);\n        var styledMapType = new google.maps.StyledMapType(styles['flatsome'], {name: 'flatsome'});\n        map.mapTypes.set('flatsome', styledMapType);\n\n        var marker = new google.maps.Marker({\n            position: myLatlng,\n            map: map,\n            title:\"\"\n        });\n    }\n\n    \/\/ Required to proceed\n    if (!(typeof google === 'object' && typeof google.maps === 'object')) {\n      return\n    }\n\n    initialize()\n    google.maps.event.addDomListener(window, 'resize', initialize);\n    });\n    <\/script>\n\n    <div class=\"google-map relative mb\" id=\"map-2560231348\">\n        <div class=\"map-height\" id=\"map-2560231348-inner\"><\/div>\n        <div id=\"map_overlay_top\"><\/div>\n        <div id=\"map_overlay_bottom\"><\/div>\n                  <div class=\"map_inner map-inner last-reset absolute x95 md-x95 lg-x95 y95 md-y95 lg-y95\">\n              \n\n<p>Sem zadajte adresu ulice. Alebo ak\u00e9ko\u013evek in\u00e9 inform\u00e1cie, ktor\u00e9 si \u017eel\u00e1te.<\/p>\n\n         <\/div>\n       \n       \n<style>\n#map-2560231348 .map-inner {\n  background-color: #fff;\n  max-width: 30%;\n}\n#map-2560231348 .map-height {\n  height: 400px;\n}\n<\/style>\n    <\/div>\n\n\t\n\n<\/div>\n<div id=\"tab_franc\u00dazsko-\u2013-5-dn\u00ed\" class=\"panel entry-content\" role=\"tabpanel\" aria-labelledby=\"tab-franc\u00dazsko-\u2013-5-dn\u00ed\">\n\n\n<\/div>\n<div id=\"tab_holandsko-\u2013-5-dn\u00ed\" class=\"panel entry-content\" role=\"tabpanel\" aria-labelledby=\"tab-holandsko-\u2013-5-dn\u00ed\">\n\n\n<\/div>\n<div id=\"tab_chorv\u00c1tsko-\u2013-4-dni\" class=\"panel entry-content\" role=\"tabpanel\" aria-labelledby=\"tab-chorv\u00c1tsko-\u2013-4-dni\">\n\n\n<\/div>\n<div id=\"tab_ma\u010earsko-\u2013-2-dni\" class=\"panel entry-content\" role=\"tabpanel\" aria-labelledby=\"tab-ma\u010earsko-\u2013-2-dni\">\n\n\n<\/div>\n<div id=\"tab_po\u013dsko-\u2013-4-dni\" class=\"panel entry-content\" role=\"tabpanel\" aria-labelledby=\"tab-po\u013dsko-\u2013-4-dni\">\n\n\n<\/div>\n<div id=\"tab_luxembursko-\u2013-5-dn\u00ed\" class=\"panel entry-content\" role=\"tabpanel\" aria-labelledby=\"tab-luxembursko-\u2013-5-dn\u00ed\">\n\n\n<\/div>\n<div id=\"tab_nemecko-\u2013-4-dni\" class=\"panel entry-content\" role=\"tabpanel\" aria-labelledby=\"tab-nemecko-\u2013-4-dni\">\n\n\n<\/div>\n<div id=\"tab_taliansko-\u2013-5-dn\u00ed\" class=\"panel entry-content\" role=\"tabpanel\" aria-labelledby=\"tab-taliansko-\u2013-5-dn\u00ed\">\n\n\n<\/div>\n<div id=\"tab_rumunsko-\u2013-4-dni\" class=\"panel entry-content\" role=\"tabpanel\" aria-labelledby=\"tab-rumunsko-\u2013-4-dni\">\n\n\n<\/div>\n<div id=\"tab_\u0160panielsko-\u2013-6-dn\u00ed\" class=\"panel entry-content\" role=\"tabpanel\" aria-labelledby=\"tab-\u0160panielsko-\u2013-6-dn\u00ed\">\n\n\t<div class=\"img has-hover x md-x lg-x y md-y lg-y\" id=\"image_824443259\">\n\t\t\t\t\t\t\t\t<div class=\"img-inner dark\" >\n\t\t\t<img loading=\"lazy\" decoding=\"async\" width=\"800\" height=\"800\" src=\"https:\/\/urn.eu.com\/wp-content\/uploads\/2025\/08\/urn-webshop.jpeg\" class=\"attachment-large size-large\" alt=\"urn-webshop\" srcset=\"https:\/\/urn.eu.com\/wp-content\/uploads\/2025\/08\/urn-webshop.jpeg 800w, https:\/\/urn.eu.com\/wp-content\/uploads\/2025\/08\/urn-webshop-400x400.jpeg 400w, https:\/\/urn.eu.com\/wp-content\/uploads\/2025\/08\/urn-webshop-280x280.jpeg 280w, https:\/\/urn.eu.com\/wp-content\/uploads\/2025\/08\/urn-webshop-768x768.jpeg 768w, https:\/\/urn.eu.com\/wp-content\/uploads\/2025\/08\/urn-webshop-300x300.jpeg 300w, https:\/\/urn.eu.com\/wp-content\/uploads\/2025\/08\/urn-webshop-600x600.jpeg 600w, https:\/\/urn.eu.com\/wp-content\/uploads\/2025\/08\/urn-webshop-100x100.jpeg 100w\" sizes=\"auto, (max-width: 800px) 100vw, 800px\" \/>\t\t\t\t\t\t\n\t\t\t\t\t<\/div>\n\t\t\t\t\t\t\t\t\n<style>\n#image_824443259 {\n  width: 100%;\n}\n<\/style>\n\t<\/div>\n\t\n\n\n<\/div>\n<div id=\"tab_slovensko-\u2013-3-dni\" class=\"panel entry-content\" role=\"tabpanel\" aria-labelledby=\"tab-slovensko-\u2013-3-dni\">\n\n\n<\/div>\n<div id=\"tab_slovinsko-\u2013-4-dni\" class=\"panel entry-content\" role=\"tabpanel\" aria-labelledby=\"tab-slovinsko-\u2013-4-dni\">\n\n\t<div class=\"img has-hover x md-x lg-x y md-y lg-y\" id=\"image_764774468\">\n\t\t\t\t\t\t\t\t<div class=\"img-inner dark\" >\n\t\t\t<img loading=\"lazy\" decoding=\"async\" width=\"800\" height=\"800\" src=\"https:\/\/urn.eu.com\/wp-content\/uploads\/2025\/08\/urn-webshop.jpeg\" class=\"attachment-large size-large\" alt=\"urn-webshop\" srcset=\"https:\/\/urn.eu.com\/wp-content\/uploads\/2025\/08\/urn-webshop.jpeg 800w, https:\/\/urn.eu.com\/wp-content\/uploads\/2025\/08\/urn-webshop-400x400.jpeg 400w, https:\/\/urn.eu.com\/wp-content\/uploads\/2025\/08\/urn-webshop-280x280.jpeg 280w, https:\/\/urn.eu.com\/wp-content\/uploads\/2025\/08\/urn-webshop-768x768.jpeg 768w, https:\/\/urn.eu.com\/wp-content\/uploads\/2025\/08\/urn-webshop-300x300.jpeg 300w, https:\/\/urn.eu.com\/wp-content\/uploads\/2025\/08\/urn-webshop-600x600.jpeg 600w, https:\/\/urn.eu.com\/wp-content\/uploads\/2025\/08\/urn-webshop-100x100.jpeg 100w\" sizes=\"auto, (max-width: 800px) 100vw, 800px\" \/>\t\t\t\t\t\t\n\t\t\t\t\t<\/div>\n\t\t\t\t\t\t\t\t\n<style>\n#image_764774468 {\n  width: 100%;\n}\n<\/style>\n\t<\/div>\n\t\n\n\n<\/div>\n<div id=\"tab_ukrajina-\u2013-2-5-dn\u00cd-(okrem-t\u00fdchto-miest:-07270-\u010cernoby\u013e,-95000-98999-simferopol,-99000-99999-sevastopo\u013e)\" class=\"panel entry-content\" role=\"tabpanel\" aria-labelledby=\"tab-ukrajina-\u2013-2-5-dn\u00cd-(okrem-t\u00fdchto-miest:-07270-\u010cernoby\u013e,-95000-98999-simferopol,-99000-99999-sevastopo\u013e)\">\n\n\n<\/div><\/div><\/div>\n\n","protected":false},"excerpt":{"rendered":"","protected":false},"author":1,"featured_media":667,"parent":1729,"menu_order":0,"comment_status":"closed","ping_status":"closed","template":"page-blank.php","meta":{"footnotes":""},"class_list":["post-752","page","type-page","status-publish","has-post-thumbnail","hentry"],"jetpack_sharing_enabled":true,"_links":{"self":[{"href":"https:\/\/urn.eu.com\/sk\/wp-json\/wp\/v2\/pages\/752","targetHints":{"allow":["GET"]}}],"collection":[{"href":"https:\/\/urn.eu.com\/sk\/wp-json\/wp\/v2\/pages"}],"about":[{"href":"https:\/\/urn.eu.com\/sk\/wp-json\/wp\/v2\/types\/page"}],"author":[{"embeddable":true,"href":"https:\/\/urn.eu.com\/sk\/wp-json\/wp\/v2\/users\/1"}],"replies":[{"embeddable":true,"href":"https:\/\/urn.eu.com\/sk\/wp-json\/wp\/v2\/comments?post=752"}],"version-history":[{"count":2,"href":"https:\/\/urn.eu.com\/sk\/wp-json\/wp\/v2\/pages\/752\/revisions"}],"predecessor-version":[{"id":755,"href":"https:\/\/urn.eu.com\/sk\/wp-json\/wp\/v2\/pages\/752\/revisions\/755"}],"up":[{"embeddable":true,"href":"https:\/\/urn.eu.com\/sk\/wp-json\/wp\/v2\/pages\/1729"}],"wp:featuredmedia":[{"embeddable":true,"href":"https:\/\/urn.eu.com\/sk\/wp-json\/wp\/v2\/media\/667"}],"wp:attachment":[{"href":"https:\/\/urn.eu.com\/sk\/wp-json\/wp\/v2\/media?parent=752"}],"curies":[{"name":"wp","href":"https:\/\/api.w.org\/{rel}","templated":true}]}}